{"id":9610,"date":"2024-05-08T16:26:21","date_gmt":"2024-05-08T15:26:21","guid":{"rendered":"https:\/\/mtechnologias.tech\/?post_type=product&#038;p=9610"},"modified":"2024-05-08T16:26:21","modified_gmt":"2024-05-08T15:26:21","slug":"smartphone-samsung-galaxy-a14-6-6%e2%80%b3-4gb-64gb-dual-sim-verde","status":"publish","type":"product","link":"https:\/\/mtechnologias.tech\/?product=smartphone-samsung-galaxy-a14-6-6%e2%80%b3-4gb-64gb-dual-sim-verde","title":{"rendered":"Smartphone Samsung Galaxy A14 6.6\u2033 4GB\/64GB Dual SIM Verde"},"content":{"rendered":"<p><strong>AWESOME DESIGN<br \/>\n<\/strong>O Galaxy A14\u00a0foi redesenhado por forma a unificar o design entre gamas e proporcionar ao consumidor uma assinatura Galaxy \u00fanica atrav\u00e9s do novo m\u00f3dulo de c\u00e2maras sem moldura.<\/p>\n<p><strong>C\u00c2MARA TRASEIRA<br \/>\n<\/strong>Desfrute da c\u00e2mara principal de 50MP e capte fotos mais n\u00edtidas, otimizadas para diferentes condi\u00e7\u00f5es de luz e resolu\u00e7\u00e3o. Acrescente mais daquilo que v\u00ea \u00e0 sua foto com a c\u00e2mara ultra grande-angular de 5MP e aproveite a c\u00e2mara macro de 2MP para close-ups de alta defini\u00e7\u00e3o.<\/p>\n<p><strong>C\u00c2MARA FRONTAL<br \/>\n<\/strong>Fa\u00e7a um upgrade \u00e0 sua c\u00e2mara frontal e aproveite os 13MP que estes dispositivos t\u00eam para lhe oferecer.<\/p>\n<p><strong>BATERIA<br \/>\n<\/strong>Com uma bateria de 5.000mAh, usufrua de quase dois dias de entretenimento. A tecnologia Adaptative Power Saving altera automaticamente para o modo poupan\u00e7a de energia se a bateria estiver a 50%. Com a App Power Management fa\u00e7a a gest\u00e3o das aplica\u00e7\u00f5es menos utilizadas de acordo com os padr\u00f5es de utiliza\u00e7\u00e3o.<\/p>\n<p>&nbsp;<\/p>\n<ul>\n<li><strong>Especifica\u00e7\u00f5es:<\/strong>\n<ul>\n<li><strong>Operador:<\/strong>\u00a0Livre<\/li>\n<li><strong>Dual SIM:<\/strong>\u00a0Sim<\/li>\n<li><strong>Tipo de SIM:<\/strong>\u00a0Nano SIM<\/li>\n<li><strong>Rede:<\/strong>\u00a04G<\/li>\n<li><strong>Sistema Operativo:<\/strong>\u00a0Android 13, ONE UI 5.1<\/li>\n<li><strong>Chipset:<\/strong>\u00a0Mediatek Helio G80\u00a0(12\u00a0nm)<\/li>\n<li><strong>Processador:<\/strong>\u00a0Octa-core (2\u00d72.0 GHz Cortex-A75 &amp; 6\u00d71.8 GHz Cortex-A55)<\/li>\n<li><strong>Armazenamento:<\/strong>\u00a064GB (espa\u00e7o utiliz\u00e1vel ser\u00e1 inferior) \u2013 expans\u00edvel por microSD at\u00e9 1TB<\/li>\n<li><strong>Mem\u00f3ria RAM:<\/strong>\u00a04GB<\/li>\n<li><strong>Ecr\u00e3:<\/strong>\n<ul>\n<li>Tipo: PLS LCD<\/li>\n<li>Tamanho: 1080 x 2408 pixels 6.6 polegadas<\/li>\n<\/ul>\n<\/li>\n<li><strong>C\u00e2maras Traseiras:<\/strong>\n<ul>\n<li>Principal: 50MP<\/li>\n<li>Ultra Grande-Angular: 5MP<\/li>\n<li>Macro: 2MP<\/li>\n<\/ul>\n<\/li>\n<li><strong>C\u00e2maras Frontais:\u00a0<\/strong>13\u00a0MP<\/li>\n<li><strong>Dados:<\/strong>\n<ul>\n<li>WLAN: Wi-Fi 5<\/li>\n<li>Bluetooth: 5.3<\/li>\n<li>NFC: Sim<\/li>\n<li>USB: USB Type-C 2.0<\/li>\n<\/ul>\n<\/li>\n<li><strong>Sensores:<\/strong>\u00a0Impress\u00e3o digital, aceler\u00f3metro, girosc\u00f3pio, proximidade, geomagn\u00e9tico, luminosidade<\/li>\n<li><strong>GPS:<\/strong>\u00a0Sim, GPS, Glonass, Beidou, Galileo, QZSS<\/li>\n<li><strong>Bateria:<\/strong>\u00a0N\u00e3o remov\u00edvel Li-Po 5000 mAh, carregamento r\u00e1pido 15W<\/li>\n<li><strong>Dimens\u00f5es do produto:<\/strong>\u00a0167.7\u00a0x 78\u00a0x 9.1\u00a0mm<\/li>\n<li><strong>Peso do produto:<\/strong>\u00a0205 g<\/li>\n<\/ul>\n<\/li>\n<\/ul>\n","protected":false},"excerpt":{"rendered":"<ul>\n<li>Processador Mediatek Helio G80 de 12 nm<\/li>\n<li>Ecr\u00e3 de 6.6\u2033 PLS LCD<\/li>\n<li>Bateria de 5000mAh<\/li>\n<li>Carregamento r\u00e1pido de 15W<\/li>\n<li>C\u00e2mara principal de 50 MP<\/li>\n<\/ul>\n","protected":false},"featured_media":9611,"comment_status":"open","ping_status":"closed","template":"","meta":{"_joinchat":[]},"product_cat":[505,191,413],"product_tag":[],"class_list":{"0":"post-9610","1":"product","2":"type-product","3":"status-publish","4":"has-post-thumbnail","6":"product_cat-samsung","7":"product_cat-telemoveis","8":"product_cat-telemovel-e-tablets","10":"first","11":"instock","12":"shipping-taxable","13":"purchasable","14":"product-type-simple"},"jetpack_sharing_enabled":true,"_links":{"self":[{"href":"https:\/\/mtechnologias.tech\/index.php?rest_route=\/wp\/v2\/product\/9610","targetHints":{"allow":["GET"]}}],"collection":[{"href":"https:\/\/mtechnologias.tech\/index.php?rest_route=\/wp\/v2\/product"}],"about":[{"href":"https:\/\/mtechnologias.tech\/index.php?rest_route=\/wp\/v2\/types\/product"}],"replies":[{"embeddable":true,"href":"https:\/\/mtechnologias.tech\/index.php?rest_route=%2Fwp%2Fv2%2Fcomments&post=9610"}],"wp:featuredmedia":[{"embeddable":true,"href":"https:\/\/mtechnologias.tech\/index.php?rest_route=\/wp\/v2\/media\/9611"}],"wp:attachment":[{"href":"https:\/\/mtechnologias.tech\/index.php?rest_route=%2Fwp%2Fv2%2Fmedia&parent=9610"}],"wp:term":[{"taxonomy":"product_cat","embeddable":true,"href":"https:\/\/mtechnologias.tech\/index.php?rest_route=%2Fwp%2Fv2%2Fproduct_cat&post=9610"},{"taxonomy":"product_tag","embeddable":true,"href":"https:\/\/mtechnologias.tech\/index.php?rest_route=%2Fwp%2Fv2%2Fproduct_tag&post=9610"}],"curies":[{"name":"wp","href":"https:\/\/api.w.org\/{rel}","templated":true}]}}