{"id":9602,"date":"2024-05-08T16:12:13","date_gmt":"2024-05-08T15:12:13","guid":{"rendered":"https:\/\/mtechnologias.tech\/?post_type=product&#038;p=9602"},"modified":"2024-05-08T16:12:14","modified_gmt":"2024-05-08T15:12:14","slug":"samsung-smartphone-galaxy-a14-4gb-128gb-preto","status":"publish","type":"product","link":"https:\/\/mtechnologias.tech\/?product=samsung-smartphone-galaxy-a14-4gb-128gb-preto","title":{"rendered":"SAMSUNG SMARTPHONE GALAXY A14 4GB\/128GB PRETO"},"content":{"rendered":"<table class=\"table-data-sheet\">\n<tbody>\n<tr class=\"odd\">\n<td>COR<\/td>\n<td>PRETO<\/td>\n<\/tr>\n<tr class=\"even\">\n<td>RESOLU\u00c7\u00c3O ECR\u00c2<\/td>\n<td>FULL HD<\/td>\n<\/tr>\n<tr class=\"odd\">\n<td>BATERIAS<\/td>\n<td>5000mAh<\/td>\n<\/tr>\n<tr class=\"even\">\n<td>CAPACIDADE DE ARMAZENAMENTO<\/td>\n<td>128GB<\/td>\n<\/tr>\n<tr class=\"odd\">\n<td>SISTEMA OPERATIVO<\/td>\n<td>ANDROID<\/td>\n<\/tr>\n<tr class=\"even\">\n<td>PROCESSADOR<\/td>\n<td>OCTA-CORE<\/td>\n<\/tr>\n<tr class=\"odd\">\n<td>TAMANHO DO ECR\u00c3<\/td>\n<td>6.6&#8221;<\/td>\n<\/tr>\n<tr class=\"even\">\n<td>WIFI<\/td>\n<td>SIM<\/td>\n<\/tr>\n<tr class=\"odd\">\n<td>GPS<\/td>\n<td>SIM<\/td>\n<\/tr>\n<tr class=\"even\">\n<td>ENTRADA DE CART\u00c3O<\/td>\n<td>SD<\/td>\n<\/tr>\n<tr class=\"odd\">\n<td>LIGA\u00c7\u00c3O<\/td>\n<td>USB-C<\/td>\n<\/tr>\n<tr class=\"even\">\n<td>C\u00c2MARA FRONTAL<\/td>\n<td>13MP<\/td>\n<\/tr>\n<tr class=\"odd\">\n<td>C\u00c2MARA TRASEIRA<\/td>\n<td>50.0 MP + 5.0 MP + 2.0 MP<\/td>\n<\/tr>\n<tr class=\"even\">\n<td>DIMENS\u00d5ES<\/td>\n<td>167.7mm x 78.0mm x 9.1mm<\/td>\n<\/tr>\n<tr class=\"odd\">\n<td>ZOOM DIGITAL<\/td>\n<td>10X<\/td>\n<\/tr>\n<tr class=\"even\">\n<td>MEM\u00d3RIA RAM<\/td>\n<td>4GB<\/td>\n<\/tr>\n<tr class=\"odd\">\n<td>VELOCIDADE DE PROCESSADOR<\/td>\n<td>2GHz<\/td>\n<\/tr>\n<tr class=\"even\">\n<td>WIRELESS<\/td>\n<td>802.11 G\/N<\/td>\n<\/tr>\n<tr class=\"odd\">\n<td>GARANTIA<\/td>\n<td>1 ANO (VER TERMOS E CONDI\u00c7\u00d5ES DA NCR ONLINE)<\/td>\n<\/tr>\n<tr class=\"even\">\n<td>TIPO DE REDE<\/td>\n<td>2G \/ 3G \/4G<\/td>\n<\/tr>\n<\/tbody>\n<\/table>\n","protected":false},"excerpt":{"rendered":"<p>COR PRETO RESOLU\u00c7\u00c3O ECR\u00c2 FULL HD BATERIAS 5000mAh CAPACIDADE DE ARMAZENAMENTO 128GB SISTEMA OPERATIVO ANDROID PROCESSADOR OCTA-CORE TAMANHO DO ECR\u00c3 6.6&#8221; WIFI SIM GPS SIM ENTRADA DE CART\u00c3O SD LIGA\u00c7\u00c3O USB-C C\u00c2MARA FRONTAL 13MP C\u00c2MARA TRASEIRA 50.0 MP + 5.0 MP + 2.0 MP DIMENS\u00d5ES 167.7mm x 78.0mm x 9.1mm ZOOM DIGITAL 10X MEM\u00d3RIA RAM<\/p>\n<div class=\"klb-readmore entry-button\"><a class=\"btn read-more\" href=\"https:\/\/mtechnologias.tech\/?product=samsung-smartphone-galaxy-a14-4gb-128gb-preto\">Read More<\/a><\/div>\n","protected":false},"featured_media":9603,"comment_status":"open","ping_status":"closed","template":"","meta":{"_joinchat":[]},"product_cat":[505,191,413],"product_tag":[],"class_list":{"0":"post-9602","1":"product","2":"type-product","3":"status-publish","4":"has-post-thumbnail","6":"product_cat-samsung","7":"product_cat-telemoveis","8":"product_cat-telemovel-e-tablets","10":"first","11":"instock","12":"shipping-taxable","13":"purchasable","14":"product-type-simple"},"jetpack_sharing_enabled":true,"_links":{"self":[{"href":"https:\/\/mtechnologias.tech\/index.php?rest_route=\/wp\/v2\/product\/9602","targetHints":{"allow":["GET"]}}],"collection":[{"href":"https:\/\/mtechnologias.tech\/index.php?rest_route=\/wp\/v2\/product"}],"about":[{"href":"https:\/\/mtechnologias.tech\/index.php?rest_route=\/wp\/v2\/types\/product"}],"replies":[{"embeddable":true,"href":"https:\/\/mtechnologias.tech\/index.php?rest_route=%2Fwp%2Fv2%2Fcomments&post=9602"}],"wp:featuredmedia":[{"embeddable":true,"href":"https:\/\/mtechnologias.tech\/index.php?rest_route=\/wp\/v2\/media\/9603"}],"wp:attachment":[{"href":"https:\/\/mtechnologias.tech\/index.php?rest_route=%2Fwp%2Fv2%2Fmedia&parent=9602"}],"wp:term":[{"taxonomy":"product_cat","embeddable":true,"href":"https:\/\/mtechnologias.tech\/index.php?rest_route=%2Fwp%2Fv2%2Fproduct_cat&post=9602"},{"taxonomy":"product_tag","embeddable":true,"href":"https:\/\/mtechnologias.tech\/index.php?rest_route=%2Fwp%2Fv2%2Fproduct_tag&post=9602"}],"curies":[{"name":"wp","href":"https:\/\/api.w.org\/{rel}","templated":true}]}}