{"id":9597,"date":"2024-05-08T16:07:20","date_gmt":"2024-05-08T15:07:20","guid":{"rendered":"https:\/\/mtechnologias.tech\/?post_type=product&#038;p=9597"},"modified":"2024-05-13T12:11:59","modified_gmt":"2024-05-13T11:11:59","slug":"smartphone-samsung-galaxy-a15-6-5%e2%80%b3-4gb-128gb-dual-sim-light-blue","status":"publish","type":"product","link":"https:\/\/mtechnologias.tech\/?product=smartphone-samsung-galaxy-a15-6-5%e2%80%b3-4gb-128gb-dual-sim-light-blue","title":{"rendered":"Smartphone Samsung Galaxy A15 6.5\u2033 4GB\/128GB Dual SIM Light Blue"},"content":{"rendered":"<p><strong>ECR\u00c3 IMPRESSIONANTE<br \/>\n<\/strong>O Galaxy A15 LTE e A15 5G apresentam um ecr\u00e3 sAMOLED Infinity-U que incorpora a tecnologia mais recente para fornecer imagens em movimento mais n\u00edtidas e respostas mais r\u00e1pidas. O Ecr\u00e3 de 6,5\u2019\u2019, gra\u00e7as ao seu design sem moldura, \u00e9 ideal para navegar, conversar ou ver v\u00eddeos de forma confortv\u00e1vel. O seu ecr\u00e3 FHD+ com uma taxa de atualiza\u00e7\u00e3o de 90 Hz proporciona imagens em movimento mais n\u00edtidas e uma resposta ao toque mais r\u00e1pida.<\/p>\n<p><strong>DESEMPENHO IMPRESSIONANTE<br \/>\n<\/strong>O Galaxy A15 e A15 5G captam os melhores detalhes dos seus momentos mais preciosos a partir de diferentes perspectivas gra\u00e7as ao seu completo kit de c\u00e2maras. Desfrute de um excelente desempenho com o seu\u00a0 processador.<\/p>\n<p><strong>BATERIA QUE DURA<br \/>\n<\/strong>O Galaxy A15 e A15 5G t\u00eam uma bateria de 5.000mAh e um carregamento de 25W que oferece at\u00e9 2 dias de dura\u00e7\u00e3o da bateria com um \u00fanico carregamento. Utilize-o sem restri\u00e7\u00f5es e n\u00e3o se preocupe com o carregador.<\/p>\n<p><strong>KIT DE C\u00c2MARAS COMPLETO<br \/>\n<\/strong>Kit de c\u00e2maras completo para captar qualquer situa\u00e7\u00e3o. Uma objetiva principal de 50 MP para fazer zoom ou reenquadrar sem perder qualidade de imagem, uma objetiva macro para captar todos os detalhes de perto e uma ultra grande angular para captar imagens semelhantes \u00e0s que vemos a olho nu.<\/p>\n<p>&nbsp;<\/p>\n<ul>\n<li><strong>Especifica\u00e7\u00f5es:<\/strong>\n<ul>\n<li><strong>Operador:<\/strong>\u00a0Livre<\/li>\n<li><strong>Dual SIM:<\/strong>\u00a0Sim<\/li>\n<li><strong>Tipo de SIM:<\/strong>\u00a0Nano SIM<\/li>\n<li><strong>Rede:<\/strong>\u00a04G LTE<\/li>\n<li><strong>Sistema Operativo:<\/strong>\u00a0Android 14, One\u00a0UI 6<\/li>\n<li><strong>Chipset:<\/strong>\u00a0Mediatek Helio G99 (6nm)<\/li>\n<li><strong>Processador:<\/strong>\u00a0Octa-core (2\u00d72.2 GHz Cortex-A76 &amp; 6\u00d72.0 GHz Cortex-A55)<\/li>\n<li><strong>Gr\u00e1ficos:\u00a0<\/strong>Mali-G57 MC2<\/li>\n<li><strong>Armazenamento:<\/strong>\u00a0128GB (espa\u00e7o utiliz\u00e1vel ser\u00e1 inferior) \u2013 expans\u00edvel por microSD at\u00e9 1TB<\/li>\n<li><strong>Mem\u00f3ria RAM:<\/strong>\u00a04GB<\/li>\n<li><strong>Ecr\u00e3:<\/strong>\n<ul>\n<li>Tipo: Super AMOLED, 90Hz, 800 nits (HBM)<\/li>\n<li>Tamanho: 6.5\u2033, 103.7 cm2 (~84.3% screen-to-body ratio)<\/li>\n<li>Resolu\u00e7\u00e3o: 1080 x 2340 pixels, 19.5:9 ratio (~396 ppi)<\/li>\n<\/ul>\n<\/li>\n<li><strong>C\u00e2maras Traseiras:<\/strong>\n<ul>\n<li>50 MP, f\/1.8, (wide), AF<\/li>\n<li>5 MP, f\/2.2, (ultrawide)<\/li>\n<li>2 MP, f\/2.4, (macro)<\/li>\n<\/ul>\n<\/li>\n<li><strong>C\u00e2maras Frontais:\u00a0<\/strong>13\u00a0MP<\/li>\n<li><strong>Dados:<\/strong>\n<ul>\n<li>WLAN: Wi-Fi 5<\/li>\n<li>Bluetooth: 5.3<\/li>\n<li>NFC: Sim<\/li>\n<li>USB: USB Type-C 2.0<\/li>\n<\/ul>\n<\/li>\n<li><strong>Sensores:<\/strong>\u00a0Impress\u00e3o digital (lateral), aceler\u00f3metro, b\u00fassola<\/li>\n<li><strong>GPS:<\/strong>\u00a0GPS, Glonass, Beidou, Galileo<\/li>\n<li><strong>Bateria:<\/strong>\u00a0N\u00e3o remov\u00edvel Li-Po 5000 mAh, carregamento r\u00e1pido 25W<\/li>\n<li><strong>Dimens\u00f5es do produto:<\/strong>\u00a0160.1\u00a0x 76.8\u00a0x 8.4\u00a0mm<\/li>\n<li><strong>Peso do produto:<\/strong>\u00a0200\u00a0g<\/li>\n<\/ul>\n<\/li>\n<\/ul>\n","protected":false},"excerpt":{"rendered":"<ul>\n<li>Desfrute de um ecr\u00e3 sAMOLED FHD+ de 6.5\u2019\u2019<\/li>\n<li>Experi\u00eancia de uso mais suave com 90Hz<\/li>\n<li>At\u00e9 2 dias de autonomia<\/li>\n<li>Carregamento r\u00e1pido de 25W<\/li>\n<li>Maior durabilidade com 4 atualiza\u00e7\u00f5es de Sistema Operativo<\/li>\n<li>Mais seguro com Samsung Knox Vault<\/li>\n<\/ul>\n","protected":false},"featured_media":9598,"comment_status":"open","ping_status":"closed","template":"","meta":{"_joinchat":[]},"product_cat":[505,191,413],"product_tag":[],"class_list":{"0":"post-9597","1":"product","2":"type-product","3":"status-publish","4":"has-post-thumbnail","6":"product_cat-samsung","7":"product_cat-telemoveis","8":"product_cat-telemovel-e-tablets","10":"first","11":"instock","12":"sale","13":"shipping-taxable","14":"purchasable","15":"product-type-simple"},"jetpack_sharing_enabled":true,"_links":{"self":[{"href":"https:\/\/mtechnologias.tech\/index.php?rest_route=\/wp\/v2\/product\/9597","targetHints":{"allow":["GET"]}}],"collection":[{"href":"https:\/\/mtechnologias.tech\/index.php?rest_route=\/wp\/v2\/product"}],"about":[{"href":"https:\/\/mtechnologias.tech\/index.php?rest_route=\/wp\/v2\/types\/product"}],"replies":[{"embeddable":true,"href":"https:\/\/mtechnologias.tech\/index.php?rest_route=%2Fwp%2Fv2%2Fcomments&post=9597"}],"wp:featuredmedia":[{"embeddable":true,"href":"https:\/\/mtechnologias.tech\/index.php?rest_route=\/wp\/v2\/media\/9598"}],"wp:attachment":[{"href":"https:\/\/mtechnologias.tech\/index.php?rest_route=%2Fwp%2Fv2%2Fmedia&parent=9597"}],"wp:term":[{"taxonomy":"product_cat","embeddable":true,"href":"https:\/\/mtechnologias.tech\/index.php?rest_route=%2Fwp%2Fv2%2Fproduct_cat&post=9597"},{"taxonomy":"product_tag","embeddable":true,"href":"https:\/\/mtechnologias.tech\/index.php?rest_route=%2Fwp%2Fv2%2Fproduct_tag&post=9597"}],"curies":[{"name":"wp","href":"https:\/\/api.w.org\/{rel}","templated":true}]}}