{"id":9523,"date":"2024-05-07T09:53:36","date_gmt":"2024-05-07T08:53:36","guid":{"rendered":"https:\/\/mtechnologias.tech\/?post_type=product&#038;p=9523"},"modified":"2024-05-07T10:01:36","modified_gmt":"2024-05-07T09:01:36","slug":"smartphone-samsung-galaxy-s24-ultra-6-8%e2%80%b3-12gb-256gb-dual-sim-cinzento-titanio-2","status":"publish","type":"product","link":"https:\/\/mtechnologias.tech\/?product=smartphone-samsung-galaxy-s24-ultra-6-8%e2%80%b3-12gb-256gb-dual-sim-cinzento-titanio-2","title":{"rendered":"Smartphone Samsung Galaxy S24 Ultra 6.8\u2033 12GB\/256GB Dual SIM Cinzento Tit\u00e2nio"},"content":{"rendered":"<ul>\n<li>O Galaxy AI chegou;<\/li>\n<li>Bem-vindo \u00e0 nova era da intelig\u00eancia artificial com o Galaxy S24 Series;<\/li>\n<li>Corpo em Tit\u00e2nio, 56% mais resistente;<\/li>\n<li>Design Ic\u00f3nico da serie Ultra com S Pen;<\/li>\n<li>CPU com tecnologia 4nm para oferecer desempenho m\u00e1ximo e efici\u00eancia;<\/li>\n<li>Ecr\u00e3 Dynamic AMOLED 2X com at\u00e9 2.600 nits de brilho;<\/li>\n<li>A tecnologia de c\u00e2mara mais avan\u00e7ada;<\/li>\n<li>Dual Pixel &amp; ObjectAware para selfies perfeitas com efeitos profissionais;<\/li>\n<li>Photo Assist para edi\u00e7\u00e3o de fotos como um profissional.<\/li>\n<\/ul>\n","protected":false},"excerpt":{"rendered":"<p>Bem-vindo \u00e0 nova era da intelig\u00eancia artificial com o Galaxy S24 Series, o primeiro telefone com IA da Samsung. A s\u00e9rie Galaxy S24 foi criada para revolucionar a ind\u00fastria, iniciando uma nova era para os telefones. Gra\u00e7as \u00e0 tecnologia exclusiva Galaxy AI, a forma como utiliza o seu dispositivo ir\u00e1 mudar, facilitando todas as suas tarefas di\u00e1rias.<\/p>\n<p><strong>DESIGN IC\u00d3NICO COM ADN DE GALAXY<\/strong><br \/>\nA familia Galaxy S24 tem personalidade pr\u00f3pria, com um design de refer\u00eancia que evolui, oferecendo molduras ainda menores e novos materiais muito mais resistentes, sem perder o compromisso com a sustentabilidade.<\/p>\n<p><strong>UMA NOVA FORMA DE CONECTAR<\/strong><br \/>\nConsegue imaginar um dispositivo capaz de raciocinar, planear e criar? O Galaxy S24 Series n\u00e3o \u00e9 apenas mais um novo smartphone, \u00e9 o primeiro telefone IA da Samsung. O Galaxy AI chegou para mudar a forma como utilizamos o nosso telefone. Navegue e pesquise informa\u00e7\u00f5es sem esfor\u00e7o, comunique sem barreiras lingu\u00edsticas ou trabalhe de forma mais produtiva e inteligente.<\/p>\n<p><strong>UMA NOVA FORMA DE CRIAR CONTE\u00daDO<\/strong><br \/>\nJ\u00e1 imaginou ter um fot\u00f3grafo profissional a editar todas as suas fotos e v\u00eddeos? Gra\u00e7as \u00e0 sua IA avan\u00e7ada, a s\u00e9rie Galaxy S24 coloca as ferramentas dos profissionais ao seu alcance. Aplique efeitos, remova reflexos, sombras e objetos com apenas alguns toques. Melhore as suas fotos sem esfor\u00e7os!<\/p>\n<p><strong>UMA NOVA FORMA DE JOGAR<\/strong><br \/>\nO cora\u00e7\u00e3o \u00e9 o mais importante. \u00c9 por isso que a s\u00e9rie Galaxy S24 apresenta o chip mais avan\u00e7ado j\u00e1 visto num Galaxy. Com uma pot\u00eancia incompar\u00e1vel, \u00e9 capaz de executar as tarefas mais avan\u00e7adas, dando vida \u00e0 IA Samsung, para que possa fazer tudo o que quiser.<\/p>\n<p><strong>O PROCESSADOR MAIS PODEROSO DE UM GALAXY<\/strong><br \/>\nCom tecnologia 4nm para oferecer desempenho m\u00e1ximo sem comprometer a efici\u00eancia. O seu sistema de refrigera\u00e7\u00e3o \u00e9 90% maior, reduzindo a temperatura e garantindo a melhor experi\u00eancia.<\/p>\n<p><strong>UMA EXPERI\u00caNCIA DE VISUALIZA\u00c7\u00c3O PERFEITA<\/strong><br \/>\nO seu ecr\u00e3 Dynamic AMOLED 2X com at\u00e9 2.600 nits de brilho permite navegar, jogar ou assistir v\u00eddeos em qualquer situa\u00e7\u00e3o. O Vision Booster e o Adaptive Color analisam a luz ambiente e ajustam com precis\u00e3o o ecr\u00e3 ao ambiente.<\/p>\n<p>&nbsp;<\/p>\n<ul>\n<li><strong>Dual SIM:<\/strong>\u00a0Dual SIM (SIM1+SIM2 ou eSIM)<\/li>\n<li><strong>Rede:<\/strong>\u00a05G<\/li>\n<li><strong>Sistema Operativo:<\/strong>\u00a0Android 14 com One UI 6.1<\/li>\n<li><strong>Processador:<\/strong>\u00a0Snapdragon 8 Gen3 (4nm) com Ray Tracing<\/li>\n<li><strong>Armazenamento:<\/strong>\u00a0256GB (espa\u00e7o utiliz\u00e1vel ser\u00e1 inferior) \u2013 n\u00e3o expans\u00edvel por microSD<\/li>\n<li><strong>Mem\u00f3ria RAM:<\/strong>\u00a012GB LPDDR5x<\/li>\n<li><strong>Ecr\u00e3:\u00a0<\/strong>6.8\u2033, Dynamic AMOLED 2x, QHD+ 3120\u00d71440, 120Hz<\/li>\n<li><strong>C\u00e2maras Traseiras:<\/strong>\n<ul>\n<li>Principal: 200MP Laser AF F1.7 OIS Super Quad Pixel<\/li>\n<li>Tele objetiva: 10MP F2.4 OIS x3 + 50MP F3.4 OIS x5 + Space Zoom x100<\/li>\n<li>Ultra Grande Angular: 12MP F2.2 120\u00ba DualPixel<\/li>\n<\/ul>\n<\/li>\n<li><strong>C\u00e2maras Frontais:<\/strong>\u00a012MP F2.2 Dual Pixel AF, FOV 80\u00ba<\/li>\n<li><strong>Dados:<\/strong>\n<ul>\n<li>WLAN: Wi-Fi 802.11 a\/b\/g\/n\/ac\/6e\/7, tri-band, Wi-Fi Direct<\/li>\n<li>Bluetooth: 5.3, A2DP, LE<\/li>\n<li>NFC: Sim<\/li>\n<li>USB: USB Type-C 3.2, OTG<\/li>\n<\/ul>\n<\/li>\n<li><strong>Sensores:<\/strong>\u00a0Impress\u00e3o digital (no ecr\u00e3), aceler\u00f4metro, girosc\u00f3pio, proximidade, b\u00fassola, bar\u00f4metro<\/li>\n<li><strong>GPS:<\/strong>\u00a0GPS, GLONASS, BDS, GALILEO<\/li>\n<li><strong>Prote\u00e7\u00e3o e seguran\u00e7a:<\/strong>\u00a0IP68 contra \u00e1gua e p\u00f3, reconhecimento facial e sensor ultrass\u00f4nico de impress\u00e3o digital, KNOX 3.10<\/li>\n<li><strong>Bateria:<\/strong>\n<ul>\n<li>N\u00e3o remov\u00edvel Li-Po 5000 mAh<\/li>\n<li>Carregamento ultra r\u00e1pido 45W<\/li>\n<li>Carregamento r\u00e1pido sem fios de 15 W<\/li>\n<li>Partilha de carregamento sem fios<\/li>\n<\/ul>\n<\/li>\n<li><strong>Dimens\u00f5es do produto:<\/strong>\u00a0162.3 x 79 x 8.6mm<\/li>\n<li><strong>Peso do produto:<\/strong>\u00a0232 g<\/li>\n<\/ul>\n<p>&nbsp;<\/p>\n<ul>\n<li><strong>Conte\u00fado da Embalagem:<\/strong>\n<ul>\n<li>Smartphone<\/li>\n<li>Pin de Eje\u00e7\u00e3o<\/li>\n<li>Cabo de dados USB-C<\/li>\n<li>Manual de Consulta R\u00e1pida<\/li>\n<li>Folhetos de Garantia<\/li>\n<\/ul>\n<\/li>\n<\/ul>\n","protected":false},"featured_media":9524,"comment_status":"open","ping_status":"closed","template":"","meta":{"_joinchat":[]},"product_cat":[505,191,413],"product_tag":[],"class_list":{"0":"post-9523","1":"product","2":"type-product","3":"status-publish","4":"has-post-thumbnail","6":"product_cat-samsung","7":"product_cat-telemoveis","8":"product_cat-telemovel-e-tablets","10":"first","11":"instock","12":"shipping-taxable","13":"purchasable","14":"product-type-simple"},"jetpack_sharing_enabled":true,"_links":{"self":[{"href":"https:\/\/mtechnologias.tech\/index.php?rest_route=\/wp\/v2\/product\/9523","targetHints":{"allow":["GET"]}}],"collection":[{"href":"https:\/\/mtechnologias.tech\/index.php?rest_route=\/wp\/v2\/product"}],"about":[{"href":"https:\/\/mtechnologias.tech\/index.php?rest_route=\/wp\/v2\/types\/product"}],"replies":[{"embeddable":true,"href":"https:\/\/mtechnologias.tech\/index.php?rest_route=%2Fwp%2Fv2%2Fcomments&post=9523"}],"wp:featuredmedia":[{"embeddable":true,"href":"https:\/\/mtechnologias.tech\/index.php?rest_route=\/wp\/v2\/media\/9524"}],"wp:attachment":[{"href":"https:\/\/mtechnologias.tech\/index.php?rest_route=%2Fwp%2Fv2%2Fmedia&parent=9523"}],"wp:term":[{"taxonomy":"product_cat","embeddable":true,"href":"https:\/\/mtechnologias.tech\/index.php?rest_route=%2Fwp%2Fv2%2Fproduct_cat&post=9523"},{"taxonomy":"product_tag","embeddable":true,"href":"https:\/\/mtechnologias.tech\/index.php?rest_route=%2Fwp%2Fv2%2Fproduct_tag&post=9523"}],"curies":[{"name":"wp","href":"https:\/\/api.w.org\/{rel}","templated":true}]}}