{"id":9426,"date":"2024-04-18T16:46:02","date_gmt":"2024-04-18T15:46:02","guid":{"rendered":"https:\/\/mtechnologias.tech\/?post_type=product&#038;p=9426"},"modified":"2024-04-18T16:49:06","modified_gmt":"2024-04-18T15:49:06","slug":"iphone-11-6-1%e2%80%b3-128gb","status":"publish","type":"product","link":"https:\/\/mtechnologias.tech\/?product=iphone-11-6-1%e2%80%b3-128gb","title":{"rendered":"iPhone 11 6.1\u2033 128GB"},"content":{"rendered":"<p>Conhe\u00e7a o\u00a0<strong>iPhone 11 Branco Recondicionado<\/strong>\u00a0da Que R\u00e1pido Angola.!<\/p>\n<p>Este smartphone foi lan\u00e7ado em 2017 como o topo de gama da Apple. Assim como o iPhone 8, o iPhone 8 Plus trouxe a novidade da\u00a0<strong>traseira em Gorilla Glass<\/strong>, permitindo o carregamento sem fios e uso do Apple Pay via NFC. Com um\u00a0<strong>ecr\u00e3 de 5,5 polegadas Retina IPS LCD<\/strong>, este telem\u00f3vel \u00e9 um dispositivo ideal para assistir a conte\u00fados v\u00eddeo com qualidade. Gra\u00e7as aos seus dois<strong>\u00a0sensores traseiros de 12 MP<\/strong>, a qualidade de imagem tanto em fotografia como em v\u00eddeo continuam relevantes at\u00e9 hoje. Apesar de ter sido lan\u00e7ado com o iOS 11, o iPhone 8 Plus pode ser atualizado at\u00e9 \u00e0\u00a0<strong>vers\u00e3o mais recente do sistema operativo da Apple.<\/strong><\/p>\n<p>&nbsp;<\/p>\n<p>Na nossa Loja Online poder\u00e1 comprar o iPhone 11 de 64 GB ou de 128 GB.<\/p>\n<p>&nbsp;<\/p>\n<p>Os iPhones Recondicionados da Que R\u00e1pido Angola contam com:<\/p>\n<p><strong>Acess\u00f3rios:<\/strong>\u00a0cabo lightning.<\/p>\n<p><strong>Bateria nova ou em excelente estado:<\/strong>\u00a0igual ou superior a 80%<\/p>\n<p><strong>Pol\u00edtica de Garantia e devolu\u00e7\u00e3o de 14 dias<\/strong><\/p>\n","protected":false},"excerpt":{"rendered":"<p>Conhe\u00e7a o\u00a0iPhone 11 Branco Recondicionado\u00a0da Que R\u00e1pido Angola.! Este smartphone foi lan\u00e7ado em 2017 como o topo de gama da Apple. Assim como o iPhone 8, o iPhone 8 Plus trouxe a novidade da\u00a0traseira em Gorilla Glass, permitindo o carregamento sem fios e uso do Apple Pay via NFC. Com um\u00a0ecr\u00e3 de 5,5 polegadas Retina<\/p>\n<div class=\"klb-readmore entry-button\"><a class=\"btn read-more\" href=\"https:\/\/mtechnologias.tech\/?product=iphone-11-6-1%e2%80%b3-128gb\">Read More<\/a><\/div>\n","protected":false},"featured_media":9427,"comment_status":"open","ping_status":"closed","template":"","meta":{"_joinchat":[]},"product_cat":[460,191,413],"product_tag":[],"class_list":{"0":"post-9426","1":"product","2":"type-product","3":"status-publish","4":"has-post-thumbnail","6":"product_cat-iphone","7":"product_cat-telemoveis","8":"product_cat-telemovel-e-tablets","10":"first","11":"instock","12":"shipping-taxable","13":"purchasable","14":"product-type-simple"},"jetpack_sharing_enabled":true,"_links":{"self":[{"href":"https:\/\/mtechnologias.tech\/index.php?rest_route=\/wp\/v2\/product\/9426","targetHints":{"allow":["GET"]}}],"collection":[{"href":"https:\/\/mtechnologias.tech\/index.php?rest_route=\/wp\/v2\/product"}],"about":[{"href":"https:\/\/mtechnologias.tech\/index.php?rest_route=\/wp\/v2\/types\/product"}],"replies":[{"embeddable":true,"href":"https:\/\/mtechnologias.tech\/index.php?rest_route=%2Fwp%2Fv2%2Fcomments&post=9426"}],"wp:featuredmedia":[{"embeddable":true,"href":"https:\/\/mtechnologias.tech\/index.php?rest_route=\/wp\/v2\/media\/9427"}],"wp:attachment":[{"href":"https:\/\/mtechnologias.tech\/index.php?rest_route=%2Fwp%2Fv2%2Fmedia&parent=9426"}],"wp:term":[{"taxonomy":"product_cat","embeddable":true,"href":"https:\/\/mtechnologias.tech\/index.php?rest_route=%2Fwp%2Fv2%2Fproduct_cat&post=9426"},{"taxonomy":"product_tag","embeddable":true,"href":"https:\/\/mtechnologias.tech\/index.php?rest_route=%2Fwp%2Fv2%2Fproduct_tag&post=9426"}],"curies":[{"name":"wp","href":"https:\/\/api.w.org\/{rel}","templated":true}]}}