{"id":9419,"date":"2024-04-18T16:27:40","date_gmt":"2024-04-18T15:27:40","guid":{"rendered":"https:\/\/mtechnologias.tech\/?post_type=product&#038;p=9419"},"modified":"2024-04-18T16:27:40","modified_gmt":"2024-04-18T15:27:40","slug":"iphone-12-pro-max-256gb","status":"publish","type":"product","link":"https:\/\/mtechnologias.tech\/?product=iphone-12-pro-max-256gb","title":{"rendered":"IPHONE 12 PRO MAX 256GB"},"content":{"rendered":"<p><strong>O Iphone 12 Pro Max Mant\u00e9m A Tradi\u00e7\u00e3o Da Apple, Sendo O Modelo Mais Avan\u00e7ado Da Nova Gera\u00e7\u00e3o Da Empresa. Vem Com Uma Configura\u00e7\u00e3o Atualizada, Sensor TOF 3D Na Parte Frontal E Traseira E 6 GB De Mem\u00f3ria RAM. A Tela De 6.7 Polegadas Com Resolu\u00e7\u00e3o De 2778\u00d71284 Faz Do Celular Uma Excelente Op\u00e7\u00e3o Para A Categoria. O Aparelho Conta Com Disponibilidade 5G E Conex\u00e3o Via Wi-Fi E GPS. Outras Ferramentas Que O Usu\u00e1rio Tamb\u00e9m Encontra \u00c9 O Leitor Multim\u00eddia, Videoconfer\u00eancia E Bluetooth. Al\u00e9m Disso, A Mem\u00f3ria Interna De 512 GB Chama A Aten\u00e7\u00e3o Mas N\u00e3o Permite A Possibilidade De Expans\u00e3o. Neste Celular Voc\u00ea Tamb\u00e9m Encontra C\u00e2mera De 12 Megapuxels E Espessura De 7.4 Mil\u00edmetros.<\/strong><\/p>\n","protected":false},"excerpt":{"rendered":"<p>O Iphone 12 Pro Max Mant\u00e9m A Tradi\u00e7\u00e3o Da Apple, Sendo O Modelo Mais Avan\u00e7ado Da Nova Gera\u00e7\u00e3o Da Empresa. Vem Com Uma Configura\u00e7\u00e3o Atualizada, Sensor TOF 3D Na Parte Frontal E Traseira E 6 GB De Mem\u00f3ria RAM. A Tela De 6.7 Polegadas Com Resolu\u00e7\u00e3o De 2778\u00d71284 Faz Do Celular Uma Excelente Op\u00e7\u00e3o Para<\/p>\n<div class=\"klb-readmore entry-button\"><a class=\"btn read-more\" href=\"https:\/\/mtechnologias.tech\/?product=iphone-12-pro-max-256gb\">Read More<\/a><\/div>\n","protected":false},"featured_media":9420,"comment_status":"open","ping_status":"closed","template":"","meta":{"_joinchat":[]},"product_cat":[460,191,413],"product_tag":[],"class_list":{"0":"post-9419","1":"product","2":"type-product","3":"status-publish","4":"has-post-thumbnail","6":"product_cat-iphone","7":"product_cat-telemoveis","8":"product_cat-telemovel-e-tablets","10":"first","11":"instock","12":"shipping-taxable","13":"purchasable","14":"product-type-simple"},"jetpack_sharing_enabled":true,"_links":{"self":[{"href":"https:\/\/mtechnologias.tech\/index.php?rest_route=\/wp\/v2\/product\/9419","targetHints":{"allow":["GET"]}}],"collection":[{"href":"https:\/\/mtechnologias.tech\/index.php?rest_route=\/wp\/v2\/product"}],"about":[{"href":"https:\/\/mtechnologias.tech\/index.php?rest_route=\/wp\/v2\/types\/product"}],"replies":[{"embeddable":true,"href":"https:\/\/mtechnologias.tech\/index.php?rest_route=%2Fwp%2Fv2%2Fcomments&post=9419"}],"wp:featuredmedia":[{"embeddable":true,"href":"https:\/\/mtechnologias.tech\/index.php?rest_route=\/wp\/v2\/media\/9420"}],"wp:attachment":[{"href":"https:\/\/mtechnologias.tech\/index.php?rest_route=%2Fwp%2Fv2%2Fmedia&parent=9419"}],"wp:term":[{"taxonomy":"product_cat","embeddable":true,"href":"https:\/\/mtechnologias.tech\/index.php?rest_route=%2Fwp%2Fv2%2Fproduct_cat&post=9419"},{"taxonomy":"product_tag","embeddable":true,"href":"https:\/\/mtechnologias.tech\/index.php?rest_route=%2Fwp%2Fv2%2Fproduct_tag&post=9419"}],"curies":[{"name":"wp","href":"https:\/\/api.w.org\/{rel}","templated":true}]}}