{"id":6358,"date":"2023-10-06T11:02:25","date_gmt":"2023-10-06T14:02:25","guid":{"rendered":"https:\/\/mtechnologias.tech\/?post_type=product&#038;p=6358"},"modified":"2025-09-13T21:48:24","modified_gmt":"2025-09-13T20:48:24","slug":"apple-watch-series-7-gps-45mm-aluminio-meia-noite-c-bracelete-desportiva-meia-noite","status":"publish","type":"product","link":"https:\/\/mtechnologias.tech\/?product=apple-watch-series-7-gps-45mm-aluminio-meia-noite-c-bracelete-desportiva-meia-noite","title":{"rendered":"Apple Watch Series 7 GPS 45mm Alum\u00ednio Meia-Noite c\/ Bracelete Desportiva Meia-Noite"},"content":{"rendered":"<p><strong>MOSTRADOR MAIOR. VISTA ESPETACULAR.<\/strong><br \/>\nO Series 7 reflete as maiores inova\u00e7\u00f5es tecnol\u00f3gicas da Apple. O seu novo mostrador traduz\u2011se numa nova experi\u00eancia. A leitura torna-se mais f\u00e1cil e \u00e9 ainda mais simples de usar.<\/p>\n<p><strong>A LEI DA F\u00cdSICA DESAFIADA<\/strong><br \/>\nCri\u00e1mos o que parecia imposs\u00edvel: um mostrador maior, sem quase alterar o tamanho do rel\u00f3gio. Para isso, tivemos de redesenh\u00e1-lo, o que nos permitiu reduzir as margens em 40% e aumentar a superf\u00edcie em cerca de 20% face ao Series 6. E comparado com o Series 3, cresceu mais de 50%. Resultado: 100% de \u00eaxito.<\/p>\n<p><strong>ECR\u00c3 RETINA SEMPRE LIGADO. BRILHA MAIS POR SI.<\/strong><br \/>\nJ\u00e1 n\u00e3o precisa de tocar no rel\u00f3gio nem mexer o bra\u00e7o para ver as horas ou outras informa\u00e7\u00f5es. O seu mostrador nunca descansa. E apresenta-se 70% mais luminoso em ambientes com pouca luz, mesmo quando o seu pulso est\u00e1 em repouso.<\/p>\n<p><strong>LINHAS PERFEITAS. DESIGN INTEMPORAL.<\/strong><br \/>\nQuando a luz incide nas margens do rel\u00f3gio, cria um efeito harmonioso e envolvente entre o mostrador e a caixa. \u00c9 lindo de se ver.<\/p>\n<p><strong>O APPLE WATCH MAIS RESISTENTE DE SEMPRE<\/strong><br \/>\nForam necess\u00e1rias grandes inova\u00e7\u00f5es no design para ampliar o ecr\u00e3 Retina Sempre ligado. Essas mudan\u00e7as levaram-nos a produzir um vidro frontal com uma densidade nunca vista.<\/p>\n<p><strong>O FUTURO DA SA\u00daDE. EM GRANDE.<\/strong><br \/>\nMe\u00e7a o n\u00edvel de oxig\u00e9nio no sangue atrav\u00e9s de uma app e um sensor revolucio\u00adn\u00e1rios. Fa\u00e7a um eletrocardiograma, sempre que quiser. Verifique o ritmo card\u00edaco. Cuide da sua sa\u00fade com funcionali\u00addades inovadoras como a Aten\u00e7\u00e3o plena e o registo de sono. Com o Series 7 vai conseguir manter a sa\u00fade debaixo de olho.<\/p>\n<p><strong>MEDIR O OXIG\u00c9NIO NO SANGUE. UMA LUFADA DE AR FRESCO.<\/strong><br \/>\nO n\u00edvel de oxig\u00e9nio no sangue \u00e9 um indicador importante do seu bem-estar geral. Ajuda a compreender se o corpo est\u00e1 a absorver bem o oxig\u00e9nio e a distribui-lo da melhor forma. Com a app e o sensor integrado no Apple Watch Series 7, \u00e9 poss\u00edvel fazer estas leituras sempre que quiser. Est\u00e1 na hora de conhecer um rel\u00f3gio que se preocupa com a sua sa\u00fade, de dia e de noite.<\/p>\n<p><strong>FA\u00c7A UM ELETROCARDIOGRAMA. A QUALQUER HORA.<\/strong><br \/>\nAtrav\u00e9s da app ECG, o Apple Watch Series 7 tem a capacidade de registar um ECG semelhante a um eletrocardiograma de deriva\u00e7\u00e3o I, transformando\u2011se num dispositivo capaz de transmitir dados essenciais ao seu m\u00e9dico e proporcionar\u2011lhe maior tranquilidade.<\/p>\n<p><strong>M\u00c1QUINA DOS SONHOS<\/strong><br \/>\nA app Sono n\u00e3o se limita a registar a forma como dorme. Ajuda a criar um hor\u00e1rio e uma rotina para a hora de deitar, de forma a cumprir os objetivos de sono. E at\u00e9 regista a sua frequ\u00eancia respirat\u00f3ria enquanto dorme. Para um sono reparador.<\/p>\n<p><strong>CARREGA NUM INSTANTE<\/strong><br \/>\nRepens\u00e1mos todo o sistema de carregamento do Apple Watch Series 7 para que n\u00e3o perca um segundo. Com a nova arquitetura e um cabo de carregamento r\u00e1pido para USB\u2011C, alimenta 80% da bateria em cerca de 45 minutos.<\/p>\n<p><strong>INCANS\u00c1VEL. A MOTIVAR.<\/strong><br \/>\nDezenas de treinos \u00e0 escolha. Todos os seus movimentos registados. 75 milh\u00f5es de m\u00fasicas na Apple Music. Mostrador maior para ser mais f\u00e1cil e r\u00e1pido ver os seus progressos e m\u00e9tricas. Dentro e fora de \u00e1gua. H\u00e1 muito a explorar. \u00c9 o Series 7 no seu melhor.<\/p>\n<p>&nbsp;<\/p>\n<ul>\n<li><strong>Especifica\u00e7\u00f5es:<\/strong>\n<ul>\n<li>Caixa de 41 mm ou 45 mm; superf\u00edcie de ecr\u00e3 mais de 50% maior<\/li>\n<li>Ecr\u00e3 Retina OLED LTPO Sempre ligado, 1000 nits<\/li>\n<li>Ecr\u00e3 de vidro Ion\u2011X nas caixas em alum\u00ednio<\/li>\n<li>Ecr\u00e3 de cristal de safira nas caixas em a\u00e7o inoxid\u00e1vel<\/li>\n<li>Processador S7 SiP dual\u2011core de 64 bits<\/li>\n<li>Processador W3 sem fios<\/li>\n<li>Processador U1 (banda ultralarga)<\/li>\n<li>Digital Crown com feedback t\u00e1til<\/li>\n<li>Sensor de Oxig\u00e9nio no sangue<\/li>\n<li>Sensor de ritmo card\u00edaco el\u00e9trico e sensor de ritmo card\u00edaco \u00f3tico de 3.\u00aa gera\u00e7\u00e3o<\/li>\n<li>Notifica\u00e7\u00f5es de ritmo card\u00edaco alto e baixo<\/li>\n<li>Notifica\u00e7\u00e3o de ritmo card\u00edaco irregular<\/li>\n<li>App ECG<\/li>\n<li>Dete\u00e7\u00e3o de queda<\/li>\n<li>Adequado para nata\u00e7\u00e3o (resistente \u00e0 \u00e1gua at\u00e9 50 metros)<\/li>\n<li>Resistente ao p\u00f3 (IP6X)<\/li>\n<li>Vidro frontal com resist\u00eancia m\u00e1xima<\/li>\n<li>Wi-Fi<\/li>\n<li>Bluetooth 5.0<\/li>\n<li>GPS\/GNSS<\/li>\n<li>B\u00fassola<\/li>\n<li>Alt\u00edmetro sempre ativo<\/li>\n<li>32 GB de capacidade<\/li>\n<\/ul>\n<\/li>\n<\/ul>\n","protected":false},"excerpt":{"rendered":"<p>MOSTRADOR MAIOR. VISTA ESPETACULAR. O Series 7 reflete as maiores inova\u00e7\u00f5es tecnol\u00f3gicas da Apple. O seu novo mostrador traduz\u2011se numa nova experi\u00eancia. A leitura torna-se mais f\u00e1cil e \u00e9 ainda mais simples de usar. A LEI DA F\u00cdSICA DESAFIADA Cri\u00e1mos o que parecia imposs\u00edvel: um mostrador maior, sem quase alterar o tamanho do rel\u00f3gio. Para<\/p>\n<div class=\"klb-readmore entry-button\"><a class=\"btn read-more\" href=\"https:\/\/mtechnologias.tech\/?product=apple-watch-series-7-gps-45mm-aluminio-meia-noite-c-bracelete-desportiva-meia-noite\">Read More<\/a><\/div>\n","protected":false},"featured_media":6360,"comment_status":"open","ping_status":"closed","template":"","meta":{"_joinchat":[]},"product_cat":[470],"product_tag":[],"class_list":{"0":"post-6358","1":"product","2":"type-product","3":"status-publish","4":"has-post-thumbnail","6":"product_cat-smart-watch","8":"first","9":"instock","10":"sale","11":"shipping-taxable","12":"purchasable","13":"product-type-simple"},"jetpack_sharing_enabled":true,"_links":{"self":[{"href":"https:\/\/mtechnologias.tech\/index.php?rest_route=\/wp\/v2\/product\/6358","targetHints":{"allow":["GET"]}}],"collection":[{"href":"https:\/\/mtechnologias.tech\/index.php?rest_route=\/wp\/v2\/product"}],"about":[{"href":"https:\/\/mtechnologias.tech\/index.php?rest_route=\/wp\/v2\/types\/product"}],"replies":[{"embeddable":true,"href":"https:\/\/mtechnologias.tech\/index.php?rest_route=%2Fwp%2Fv2%2Fcomments&post=6358"}],"wp:featuredmedia":[{"embeddable":true,"href":"https:\/\/mtechnologias.tech\/index.php?rest_route=\/wp\/v2\/media\/6360"}],"wp:attachment":[{"href":"https:\/\/mtechnologias.tech\/index.php?rest_route=%2Fwp%2Fv2%2Fmedia&parent=6358"}],"wp:term":[{"taxonomy":"product_cat","embeddable":true,"href":"https:\/\/mtechnologias.tech\/index.php?rest_route=%2Fwp%2Fv2%2Fproduct_cat&post=6358"},{"taxonomy":"product_tag","embeddable":true,"href":"https:\/\/mtechnologias.tech\/index.php?rest_route=%2Fwp%2Fv2%2Fproduct_tag&post=6358"}],"curies":[{"name":"wp","href":"https:\/\/api.w.org\/{rel}","templated":true}]}}