{"id":6154,"date":"2023-08-19T11:33:46","date_gmt":"2023-08-19T14:33:46","guid":{"rendered":"https:\/\/mtechnologias.tech\/?post_type=product&#038;p=6154"},"modified":"2025-09-24T13:59:06","modified_gmt":"2025-09-24T12:59:06","slug":"controlador-de-parede-de-video-1x4-hdmi-dvi","status":"publish","type":"product","link":"https:\/\/mtechnologias.tech\/?product=controlador-de-parede-de-video-1x4-hdmi-dvi","title":{"rendered":"CONTROLADOR DE PAREDE DE V\u00cdDEO 2X2 &#8211; 1&#215;4 HDMI \/ DVI \/ VIDEO WALL CONTROLER"},"content":{"rendered":"<p>O controlador de parede de v\u00eddeo 2&#215;2, suporta entrada HDMI ou DVI e 4 sa\u00eddas HDMI, a fun\u00e7\u00e3o principal \u00e9 dividir um sinal de imagem HDMI, DVI HD completo em 4 blocos e atribuir a 4 unidades de exibi\u00e7\u00e3o de v\u00eddeo, completo com 4 exibi\u00e7\u00e3o de v\u00eddeo de alta defini\u00e7\u00e3o HDMI unidades para formar uma grande parede de imagem din\u00e2mica.<\/p>\n<p>&nbsp;<\/p>\n<p><strong>Caracter\u00edsticas:<\/strong><\/p>\n<ul>\n<li>Suporta entrada DVI ou HDMI<\/li>\n<li>Suporte de entrada 1xHDMI1.3, HDCP1.4<\/li>\n<li>Suporte de sa\u00edda 4 xHDMI<\/li>\n<li>Sa\u00edda de \u00e1udio de 3,5 mm Controle remoto<\/li>\n<li>Resolu\u00e7\u00e3o de entrada: 1920x1080P, 1080I\/720P\/480P<\/li>\n<li>Resolu\u00e7\u00e3o de sa\u00edda: 1920x1080P@60HZ<\/li>\n<li>Suporta controle RS232 (porta de rede RJ45)<\/li>\n<li>Suporta 2&#215;2 \/ 1&#215;2 \/ 2&#215;1 e outras emendas<\/li>\n<li>Suporta fun\u00e7\u00e3o de emenda autom\u00e1tica 2&#215;2<\/li>\n<li>F\u00e1cil de operar, plug and play<\/li>\n<\/ul>\n<p>&nbsp;<\/p>\n<p><img fetchpriority=\"high\" decoding=\"async\" src=\"https:\/\/www.nexisgroup.com.tw\/img\/cms\/NS-VW2x2-L%20Application.png\" alt=\"\" width=\"500\" height=\"366\" \/><\/p>\n","protected":false},"excerpt":{"rendered":"<p>O controlador de parede de v\u00eddeo 2&#215;2, suporta entrada HDMI ou DVI e 4 sa\u00eddas HDMI, a fun\u00e7\u00e3o principal \u00e9 dividir um sinal de imagem HDMI, DVI HD completo em 4 blocos e atribuir a 4 unidades de exibi\u00e7\u00e3o de v\u00eddeo, completo com 4 exibi\u00e7\u00e3o de v\u00eddeo de alta defini\u00e7\u00e3o HDMI unidades para formar uma<\/p>\n<div class=\"klb-readmore entry-button\"><a class=\"btn read-more\" href=\"https:\/\/mtechnologias.tech\/?product=controlador-de-parede-de-video-1x4-hdmi-dvi\">Read More<\/a><\/div>\n","protected":false},"featured_media":6156,"comment_status":"open","ping_status":"closed","template":"","meta":{"_joinchat":[]},"product_cat":[256,296,293],"product_tag":[],"class_list":{"0":"post-6154","1":"product","2":"type-product","3":"status-publish","4":"has-post-thumbnail","6":"product_cat-accessories","7":"product_cat-tv-and-display","8":"product_cat-tv-audio","10":"first","11":"instock","12":"shipping-taxable","13":"purchasable","14":"product-type-simple"},"jetpack_sharing_enabled":true,"_links":{"self":[{"href":"https:\/\/mtechnologias.tech\/index.php?rest_route=\/wp\/v2\/product\/6154","targetHints":{"allow":["GET"]}}],"collection":[{"href":"https:\/\/mtechnologias.tech\/index.php?rest_route=\/wp\/v2\/product"}],"about":[{"href":"https:\/\/mtechnologias.tech\/index.php?rest_route=\/wp\/v2\/types\/product"}],"replies":[{"embeddable":true,"href":"https:\/\/mtechnologias.tech\/index.php?rest_route=%2Fwp%2Fv2%2Fcomments&post=6154"}],"wp:featuredmedia":[{"embeddable":true,"href":"https:\/\/mtechnologias.tech\/index.php?rest_route=\/wp\/v2\/media\/6156"}],"wp:attachment":[{"href":"https:\/\/mtechnologias.tech\/index.php?rest_route=%2Fwp%2Fv2%2Fmedia&parent=6154"}],"wp:term":[{"taxonomy":"product_cat","embeddable":true,"href":"https:\/\/mtechnologias.tech\/index.php?rest_route=%2Fwp%2Fv2%2Fproduct_cat&post=6154"},{"taxonomy":"product_tag","embeddable":true,"href":"https:\/\/mtechnologias.tech\/index.php?rest_route=%2Fwp%2Fv2%2Fproduct_tag&post=6154"}],"curies":[{"name":"wp","href":"https:\/\/api.w.org\/{rel}","templated":true}]}}