{"id":5233,"date":"2023-07-11T11:33:03","date_gmt":"2023-07-11T14:33:03","guid":{"rendered":"https:\/\/mtechnologias.tech\/?post_type=product&#038;p=5233"},"modified":"2024-10-01T17:32:32","modified_gmt":"2024-10-01T16:32:32","slug":"mini-adaptador-usb-bluetooth-5-0-para-pc-usb-2-0-bluetooth-edr-dongle-para-desktop-pc-laptop-compativel-com-windows-10-8-1-8-7-precisa-de-driver-instalado","status":"publish","type":"product","link":"https:\/\/mtechnologias.tech\/?product=mini-adaptador-usb-bluetooth-5-0-para-pc-usb-2-0-bluetooth-edr-dongle-para-desktop-pc-laptop-compativel-com-windows-10-8-1-8-7-precisa-de-driver-instalado","title":{"rendered":"Mini adaptador USB Bluetooth 5.0 para PC, USB 2.0 Bluetooth EDR Dongle para desktop, PC, laptop, compat\u00edvel com Windows 10\/8.1\/8\/7 (precisa de driver instalado)"},"content":{"rendered":"<ul class=\"a-unordered-list a-vertical a-spacing-mini\">\n<li><span class=\"a-list-item\">\u3010Adaptador Bluetooth para PC\u3011: Ajude sua \u00e1rea de trabalho antiga a adicionar fun\u00e7\u00e3o Bluetooth sem fio para conectar mais dispositivos Bluetooth como: mouse, teclado, fones de ouvido, alto-falante, impressora, etc. (N\u00e3o compat\u00edvel com Mac, som de carro ou TVs.)<\/span><\/li>\n<li><span class=\"a-list-item\">\u3010Dongle Bluetooth 5.0\u3011: Com o mais recente BT5.0 + EDR, dist\u00e2ncia de transmiss\u00e3o (20 m\/20 m. ), taxa de dados mais r\u00e1pida (3 Mbps), e menor consumo de energia; retrocompat\u00edvel com Bluetooth 4.2\/4.1\/4.0\/2.1\/2.0 transfer\u00eancia Bluetooth de modo duplo, compat\u00edvel com interface USB 2.0\/USB 1.1 de velocidade total.<\/span><\/li>\n<li><span class=\"a-list-item\">\u3010Adaptador Bluetooth DEVE Instalar Driver\u3011: Suporta Windows 10 \/ 8 \/ 8.1 \/ 7, n\u00e3o Mac OS, Linux. Instale o driver do CD ou do site EDUP (modelo: EP-B3519) antes de usar.<\/span><\/li>\n<li><span class=\"a-list-item\">\u3010 Funciona com v\u00e1rios dispositivos\u3011: Este dongle Bluetooth USB pode fazer com que seu computador funcione com muitos dispositivos ao mesmo tempo. A capacidade anti-interfer\u00eancia foi aumentada, novas tecnologias foram adotadas para reduzir a perda de efici\u00eancia de transmiss\u00e3o causada por interfer\u00eancia na banda de 2,4 GHz.<\/span><\/li>\n<li><span class=\"a-list-item\">\u3010 Garantia\u3011 &#8211; 5 anos de garantia de substitui\u00e7\u00e3o do fabricante e pol\u00edtica de devolu\u00e7\u00e3o de 90 dias sem perguntas. (Se tiver alguma d\u00favida, entre em contato conosco via mensagem da Amazon)<\/span><\/li>\n<\/ul>\n","protected":false},"excerpt":{"rendered":"<p>\u3010Adaptador Bluetooth para PC\u3011: Ajude sua \u00e1rea de trabalho antiga a adicionar fun\u00e7\u00e3o Bluetooth sem fio para conectar mais dispositivos Bluetooth como: mouse, teclado, fones de ouvido, alto-falante, impressora, etc. (N\u00e3o compat\u00edvel com Mac, som de carro ou TVs.) \u3010Dongle Bluetooth 5.0\u3011: Com o mais recente BT5.0 + EDR, dist\u00e2ncia de transmiss\u00e3o (20 m\/20 m.<\/p>\n<div class=\"klb-readmore entry-button\"><a class=\"btn read-more\" href=\"https:\/\/mtechnologias.tech\/?product=mini-adaptador-usb-bluetooth-5-0-para-pc-usb-2-0-bluetooth-edr-dongle-para-desktop-pc-laptop-compativel-com-windows-10-8-1-8-7-precisa-de-driver-instalado\">Read More<\/a><\/div>\n","protected":false},"featured_media":5325,"comment_status":"open","ping_status":"closed","template":"","meta":{"_joinchat":[]},"product_cat":[134],"product_tag":[],"class_list":{"0":"post-5233","1":"product","2":"type-product","3":"status-publish","4":"has-post-thumbnail","6":"product_cat-redes","8":"first","9":"instock","10":"shipping-taxable","11":"purchasable","12":"product-type-simple"},"jetpack_sharing_enabled":true,"_links":{"self":[{"href":"https:\/\/mtechnologias.tech\/index.php?rest_route=\/wp\/v2\/product\/5233","targetHints":{"allow":["GET"]}}],"collection":[{"href":"https:\/\/mtechnologias.tech\/index.php?rest_route=\/wp\/v2\/product"}],"about":[{"href":"https:\/\/mtechnologias.tech\/index.php?rest_route=\/wp\/v2\/types\/product"}],"replies":[{"embeddable":true,"href":"https:\/\/mtechnologias.tech\/index.php?rest_route=%2Fwp%2Fv2%2Fcomments&post=5233"}],"wp:featuredmedia":[{"embeddable":true,"href":"https:\/\/mtechnologias.tech\/index.php?rest_route=\/wp\/v2\/media\/5325"}],"wp:attachment":[{"href":"https:\/\/mtechnologias.tech\/index.php?rest_route=%2Fwp%2Fv2%2Fmedia&parent=5233"}],"wp:term":[{"taxonomy":"product_cat","embeddable":true,"href":"https:\/\/mtechnologias.tech\/index.php?rest_route=%2Fwp%2Fv2%2Fproduct_cat&post=5233"},{"taxonomy":"product_tag","embeddable":true,"href":"https:\/\/mtechnologias.tech\/index.php?rest_route=%2Fwp%2Fv2%2Fproduct_tag&post=5233"}],"curies":[{"name":"wp","href":"https:\/\/api.w.org\/{rel}","templated":true}]}}