{"id":4588,"date":"2023-07-11T11:16:23","date_gmt":"2023-07-11T14:16:23","guid":{"rendered":"https:\/\/mtechnologias.tech\/?post_type=product&#038;p=4588"},"modified":"2023-07-11T11:18:57","modified_gmt":"2023-07-11T14:18:57","slug":"lb-link","status":"publish","type":"product","link":"https:\/\/mtechnologias.tech\/?product=lb-link","title":{"rendered":"LB-LINK"},"content":{"rendered":"<table class=\"has-title all magic-4\">\n<tbody>\n<tr>\n<td colspan=\"2\" rowspan=\"1\">\n<div class=\"magic-5\" data-spm-anchor-id=\"a2700.details.0.i23.4b86cc42jp5aY1\"><span>especifica\u00e7\u00f5es do produto<\/span><\/div>\n<\/td>\n<\/tr>\n<tr>\n<td colspan=\"1\" rowspan=\"1\">\n<div class=\"magic-8\"><span>CPU<\/span><\/div>\n<\/td>\n<td colspan=\"1\" rowspan=\"1\">\n<div class=\"magic-9\"><span>MT7628DA\/580MHz<\/span><\/div>\n<\/td>\n<\/tr>\n<tr>\n<td colspan=\"1\" rowspan=\"1\">\n<div class=\"magic-8\"><span>DRAM\/FLASH<\/span><\/div>\n<\/td>\n<td colspan=\"1\" rowspan=\"1\">\n<div class=\"magic-9\"><span>64MB DDR2\/8M SPI<\/span><\/div>\n<\/td>\n<\/tr>\n<tr>\n<td colspan=\"1\" rowspan=\"6\">\n<div class=\"magic-8\">\n<p><span>Interface<\/span><\/div>\n<\/td>\n<td colspan=\"1\" rowspan=\"1\">\n<div class=\"magic-9\"><span>3 interfaces LAN Ethernet RJ45 10M\/100M<\/span><\/div>\n<\/td>\n<\/tr>\n<tr>\n<td colspan=\"1\" rowspan=\"1\">\n<div class=\"magic-9\"><span>1 interface WAN Ethernet RJ45 10M\/100M<\/span><\/div>\n<\/td>\n<\/tr>\n<tr>\n<td colspan=\"1\" rowspan=\"1\">\n<div class=\"magic-9\"><span>1 x Redefinir<\/span><\/div>\n<\/td>\n<\/tr>\n<tr>\n<td colspan=\"1\" rowspan=\"1\">\n<div class=\"magic-9\"><span>1 x tomada de alimenta\u00e7\u00e3o 12V 1A<\/span><\/div>\n<\/td>\n<\/tr>\n<tr>\n<td colspan=\"1\" rowspan=\"1\">\n<div class=\"magic-9\"><span>1 x USB 2.0<\/span><\/div>\n<\/td>\n<\/tr>\n<tr>\n<td colspan=\"1\" rowspan=\"1\">\n<div class=\"magic-9\"><span>1 x SIM (padr\u00e3o)<\/span><\/div>\n<\/td>\n<\/tr>\n<tr>\n<td colspan=\"1\" rowspan=\"1\">\n<div class=\"magic-8\"><span>Antena<\/span><\/div>\n<\/td>\n<td colspan=\"1\" rowspan=\"1\">\n<div class=\"magic-9\"><span>2.4G\uff08802.11N\uff09\uff1a2T2R 4G\uff1a2T2R<\/span><\/div>\n<\/td>\n<\/tr>\n<tr>\n<td colspan=\"1\" rowspan=\"1\">\n<div class=\"magic-8\"><span>Ganho<\/span><\/div>\n<\/td>\n<td colspan=\"1\" rowspan=\"1\">\n<div class=\"magic-9\"><span>2.4G: 5dBi 4G: 1-4Dbi<\/span><\/div>\n<\/td>\n<\/tr>\n<tr>\n<td colspan=\"1\" rowspan=\"1\">\n<div class=\"magic-8\"><span>Variar<\/span><\/div>\n<\/td>\n<td colspan=\"1\" rowspan=\"1\">\n<div class=\"magic-9\"><span>2,4-2,4835GHZ<\/span><\/div>\n<\/td>\n<\/tr>\n<tr>\n<td colspan=\"1\" rowspan=\"1\">\n<div class=\"magic-8\"><span>CONDUZIU<\/span><\/div>\n<\/td>\n<td colspan=\"1\" rowspan=\"1\">\n<div class=\"magic-9\"><span>PWR, WIFI, 4G, LAN1-LAN3, WAN\/LAN4<\/span><\/div>\n<\/td>\n<\/tr>\n<tr>\n<td colspan=\"1\" rowspan=\"1\">\n<div class=\"magic-8\"><span>Pot\u00eancia de transmiss\u00e3o<\/span><\/div>\n<\/td>\n<td colspan=\"1\" rowspan=\"1\">\n<div class=\"magic-9\"><span>11b: 1\/2\/5,5\/11 Mbps<\/span><br \/>\n<span>11g: 6\/9\/12\/18\/24\/36\/48\/54 Mbps<\/span><br \/>\n<span>11n: 300 Mbps (M\u00c1X)<\/span><\/div>\n<\/td>\n<\/tr>\n<tr>\n<td colspan=\"1\" rowspan=\"1\">\n<div class=\"magic-8\"><span>T\u00e9cnica de espalhamento espectral<\/span><\/div>\n<\/td>\n<td colspan=\"1\" rowspan=\"1\">\n<div class=\"magic-9\"><span>DSSS<\/span><\/div>\n<\/td>\n<\/tr>\n<tr>\n<td colspan=\"1\" rowspan=\"1\">\n<div class=\"magic-8\"><span>Criptografia de dados<\/span><\/div>\n<\/td>\n<td colspan=\"1\" rowspan=\"1\">\n<div class=\"magic-9\"><span>WPA-PSK\/WPA2-PSK, WPA\/WPA2<\/span><\/div>\n<\/td>\n<\/tr>\n<tr>\n<td colspan=\"1\" rowspan=\"1\">\n<div class=\"magic-8\"><span>Tipo de modula\u00e7\u00e3o<\/span><\/div>\n<\/td>\n<td colspan=\"1\" rowspan=\"1\">\n<div class=\"magic-9\"><span>11b: CCK, QPSK, BPSK<\/span><br \/>\n<span>11g: OFDM<\/span><br \/>\n<span>11n: QPSK, BPSK, 16-QAM, 64-QAM<\/span><\/div>\n<\/td>\n<\/tr>\n<tr>\n<td colspan=\"1\" rowspan=\"1\">\n<div class=\"magic-8\"><span>Protocolo de acesso \u00e0 m\u00eddia<\/span><\/div>\n<\/td>\n<td colspan=\"1\" rowspan=\"1\">\n<div class=\"magic-9\"><span>CAMA\/CA com ACK<\/span><\/div>\n<\/td>\n<\/tr>\n<tr>\n<td colspan=\"1\" rowspan=\"1\">\n<div class=\"magic-8\"><span>Pot\u00eancia de RF<\/span><\/div>\n<\/td>\n<td colspan=\"1\" rowspan=\"1\">\n<div class=\"magic-9\"><span>11b: 18dBm@MC0-7<\/span><br \/>\n<span>11g: 17dBm a 6-54Mbps<\/span><br \/>\n<span>11n: 16dBm a 6-54Mbps<\/span><\/div>\n<\/td>\n<\/tr>\n<tr>\n<td colspan=\"1\" rowspan=\"1\">\n<div class=\"magic-8\"><span>Sensibilidade do Receptor<\/span><\/div>\n<\/td>\n<td colspan=\"1\" rowspan=\"1\">\n<div class=\"magic-9\"><span>11b:-90dBm@1Mbps,-84dbm@11Mbps,<\/span><br \/>\n<span>11g: -86dBm@6Mbps,-69dbm@54Mbps,<\/span><br \/>\n<span>11n: -85dBm@MCS0,,-67dbm@MCS7,<\/span><br \/>\n<span>-86dBm@MCS8,-64dbm@MCS15,,<\/span><\/div>\n<\/td>\n<\/tr>\n<tr>\n<td colspan=\"1\" rowspan=\"1\">\n<div class=\"magic-8\"><span>Tipo de modula\u00e7\u00e3o 4G\/GNSS<\/span><\/div>\n<\/td>\n<td colspan=\"1\" rowspan=\"1\">\n<div class=\"magic-9\"><span>LTE CAT4 (compat\u00edvel com pacote LCC\/PCIE\/M2)<\/span><\/div>\n<\/td>\n<\/tr>\n<tr>\n<td colspan=\"1\" rowspan=\"1\">\n<div class=\"magic-8\"><span>fun\u00e7\u00e3o GNSS<\/span><\/div>\n<\/td>\n<td colspan=\"1\" rowspan=\"1\">\n<div class=\"magic-9\"><span>GPS, GLONASS, BeiDou\/Compass, Galileo, QZSS<\/span><\/div>\n<\/td>\n<\/tr>\n<tr>\n<td colspan=\"1\" rowspan=\"1\">\n<div class=\"magic-8\"><span>Pot\u00eancia de RF do m\u00f3dulo 4G<\/span><\/div>\n<\/td>\n<td colspan=\"1\" rowspan=\"1\">\n<div class=\"magic-9\"><span>Classe 4 (33dBm\u00b12dB) para GSM850<\/span><br \/>\n<span>Classe 4 (33dBm\u00b12dB) para EGSM900<\/span><br \/>\n<span>Classe 1 (30dBm\u00b12dB) para DCS1800<\/span><br \/>\n<span>Classe 1 (30dBm\u00b12dB) para PCS1900<\/span><br \/>\n<span>Classe E2 (27dBm\u00b13dB) para GSM850 8-PSK<\/span><br \/>\n<span>Classe E2 (27dBm\u00b13dB) para EGSM900 8-PSK<\/span><\/div>\n<\/td>\n<\/tr>\n<tr>\n<td colspan=\"1\" rowspan=\"1\">\n<div class=\"magic-8\"><\/div>\n<\/td>\n<td colspan=\"1\" rowspan=\"1\">\n<div class=\"magic-9\"><span>Classe E2 (26dBm\u00b13dB) para DCS1800 8-PSK<\/span><br \/>\n<span>Classe E2 (26dBm\u00b13dB) para PCS1900 8-PSK<\/span><br \/>\n<span>Classe 3 (24dBm+1\/-3dB) para bandas WCDMA<\/span><br \/>\n<span>Classe 3 (23dBm\u00b12dB) para bandas LTE-FDD<\/span><\/div>\n<\/td>\n<\/tr>\n<tr>\n<td colspan=\"1\" rowspan=\"1\">\n<div class=\"magic-8\"><span>Caractere LTE<\/span><\/div>\n<\/td>\n<td colspan=\"1\" rowspan=\"1\">\n<div class=\"magic-9\"><span>Suporte 3GPP R8 n\u00e3o CA cat 4 FDD<\/span><br \/>\n<span>Suporte 1.4MHZ-20MHZ RF largura de banda Suporte UL MIMO<\/span><br \/>\n<span>LTD-FDD: DL 150Mbps\uff08 MAX \uff09<\/span><br \/>\n<span>UL 50Mbps\uff08 MAX \uff09<\/span><\/div>\n<\/td>\n<\/tr>\n<tr>\n<td colspan=\"1\" rowspan=\"1\">\n<div class=\"magic-8\"><span>Caractere TD-SCDMA<\/span><\/div>\n<\/td>\n<td colspan=\"1\" rowspan=\"1\">\n<div class=\"magic-9\"><span>Suporta CCSA Release 3 TD-SCDMA<\/span><br \/>\n<span>DL\uff08 MAX \uff09 4.2Mbps<\/span><br \/>\n<span>UL\uff08 MAX \uff092.2Mbps<\/span><\/div>\n<\/td>\n<\/tr>\n<\/tbody>\n<\/table>\n","protected":false},"excerpt":{"rendered":"<p>especifica\u00e7\u00f5es do produto CPU MT7628DA\/580MHz DRAM\/FLASH 64MB DDR2\/8M SPI Interface 3 interfaces LAN Ethernet RJ45 10M\/100M 1 interface WAN Ethernet RJ45 10M\/100M 1 x Redefinir 1 x tomada de alimenta\u00e7\u00e3o 12V 1A 1 x USB 2.0 1 x SIM (padr\u00e3o) Antena 2.4G\uff08802.11N\uff09\uff1a2T2R 4G\uff1a2T2R Ganho 2.4G: 5dBi 4G: 1-4Dbi Variar 2,4-2,4835GHZ CONDUZIU PWR, WIFI, 4G, LAN1-LAN3,<\/p>\n<div class=\"klb-readmore entry-button\"><a class=\"btn read-more\" href=\"https:\/\/mtechnologias.tech\/?product=lb-link\">Read More<\/a><\/div>\n","protected":false},"featured_media":4694,"comment_status":"open","ping_status":"closed","template":"","meta":{"_joinchat":[]},"product_cat":[134],"product_tag":[266],"class_list":{"0":"post-4588","1":"product","2":"type-product","3":"status-publish","4":"has-post-thumbnail","6":"product_cat-redes","7":"product_tag-router","9":"first","10":"instock","11":"shipping-taxable","12":"purchasable","13":"product-type-simple"},"jetpack_sharing_enabled":true,"_links":{"self":[{"href":"https:\/\/mtechnologias.tech\/index.php?rest_route=\/wp\/v2\/product\/4588","targetHints":{"allow":["GET"]}}],"collection":[{"href":"https:\/\/mtechnologias.tech\/index.php?rest_route=\/wp\/v2\/product"}],"about":[{"href":"https:\/\/mtechnologias.tech\/index.php?rest_route=\/wp\/v2\/types\/product"}],"replies":[{"embeddable":true,"href":"https:\/\/mtechnologias.tech\/index.php?rest_route=%2Fwp%2Fv2%2Fcomments&post=4588"}],"wp:featuredmedia":[{"embeddable":true,"href":"https:\/\/mtechnologias.tech\/index.php?rest_route=\/wp\/v2\/media\/4694"}],"wp:attachment":[{"href":"https:\/\/mtechnologias.tech\/index.php?rest_route=%2Fwp%2Fv2%2Fmedia&parent=4588"}],"wp:term":[{"taxonomy":"product_cat","embeddable":true,"href":"https:\/\/mtechnologias.tech\/index.php?rest_route=%2Fwp%2Fv2%2Fproduct_cat&post=4588"},{"taxonomy":"product_tag","embeddable":true,"href":"https:\/\/mtechnologias.tech\/index.php?rest_route=%2Fwp%2Fv2%2Fproduct_tag&post=4588"}],"curies":[{"name":"wp","href":"https:\/\/api.w.org\/{rel}","templated":true}]}}