{"id":3636,"date":"2023-07-11T10:59:13","date_gmt":"2023-07-11T13:59:13","guid":{"rendered":"https:\/\/mtechnologias.tech\/?post_type=product&#038;p=3636"},"modified":"2023-07-11T11:01:56","modified_gmt":"2023-07-11T14:01:56","slug":"roteador-sem-fio-wosuk-300mbps-multifuncional-mini-wireless-n-wifi-extensor-de-alcance-amplificador-de-sinal-802-11n-b-g-repetidor-roteador-ap-de-rede-com-wps-jqr-mini","status":"publish","type":"product","link":"https:\/\/mtechnologias.tech\/?product=roteador-sem-fio-wosuk-300mbps-multifuncional-mini-wireless-n-wifi-extensor-de-alcance-amplificador-de-sinal-802-11n-b-g-repetidor-roteador-ap-de-rede-com-wps-jqr-mini","title":{"rendered":"Roteador sem fio, WOSUK 300Mbps multifuncional Mini Wireless-N WiFi extensor de alcance amplificador de sinal 802.11n \/ b \/ g Repetidor \/ roteador \/ AP de rede com WPS (JQR-Mini)"},"content":{"rendered":"<p><b>Cinco modos de opera\u00e7\u00e3o<\/b><\/p>\n<p>1. Modo de roteador sem fio (padr\u00e3o) &#8211; Cria uma<\/p>\n<p>rede\u00a0sem fio privada instant\u00e2nea\u00a0e compartilha a Internet com v\u00e1rios dispositivos Wi-Fi, que \u00e9 adequado para a<\/p>\n<p>maioria das redes de hot\u00e9is e resid\u00eancias.<\/p>\n<p>2. Modo Repetidor &#8211; Estenda o Wi-Fi existente, melhorando a for\u00e7a do sinal e maximizando a cobertura.<\/p>\n<p>3. Modo de ponto de acesso &#8211; cria uma rede sem fio para dispositivos Wi-Fi.<\/p>\n<p>4. Modo de roteador do cliente WISP &#8211; Acesso e compartilhamento sem fio simult\u00e2neos do ISP.<\/p>\n<p>5. Modo de cliente (TV \/ console de jogo) &#8211; D\u00e1 acesso a dispositivos apenas com fio a redes Wi-Fi existentes.<\/p>\n<p><b>ESPECIFICA\u00c7\u00c3O<\/b><\/p>\n<p>Padr\u00f5es sem fio &#8211; IEEE 802.11n, E 802.11g, IEEE 802.11b, IEEE 802.3, IEEE 802.3u<\/p>\n<p>Interface &#8211; 10 \/ 100M LAN x 1, 10 \/ 100M WAN x 1<\/p>\n<p>Faixa de frequ\u00eancia (GHz) &#8211; 2.4-2.4835GHz<\/p>\n<p>Taxa de\u00a0conex\u00e3o\u00a0sem fio &#8211;<\/p>\n<p>LEDs de\u00a0at\u00e9 300 Mbps\u00a0&#8211; Energia, WIFI, WPS, LAN,<\/p>\n<p>Bot\u00e3o\u00a0WAN\u00a0&#8211; bot\u00e3o WPS, bot\u00e3o Redefinir<\/p>\n<p><b>Lista de pacotes<\/b><\/p>\n<p>1 x Mini extensor wi-fi<\/p>\n<p>1 x Manual do usu\u00e1rio<\/p>\n<p>1 x RJ- 45 Cabo Ethernet<\/p>\n<p>NOTA: Se voc\u00ea tiver alguma d\u00favida, envie-me um e-mail ou um n\u00famero de pedido, que darei a voc\u00ea a melhor solu\u00e7\u00e3o!<\/p>\n<p>&nbsp;<\/p>\n<p>Cor:\u00a0<strong>JQR-mini<\/strong><\/p>\n<div class=\"a-row a-spacing-top-base\">\n<div class=\"a-column a-span6\">\n<div class=\"a-row a-spacing-base\">\n<div class=\"a-section table-padding\">\n<table id=\"productDetails_detailBullets_sections1\" class=\"a-keyvalue prodDetTable\" role=\"presentation\">\n<tbody>\n<tr>\n<th class=\"a-color-secondary a-size-base prodDetSectionEntry\">Dimens\u00f5es do produto<\/th>\n<td class=\"a-size-base prodDetAttrValue\">3,94 x 3,94 x 2,36 polegadas<\/td>\n<\/tr>\n<tr>\n<th class=\"a-color-secondary a-size-base prodDetSectionEntry\">Peso do Item<\/th>\n<td class=\"a-size-base prodDetAttrValue\">3,88 on\u00e7as<\/td>\n<\/tr>\n<tr>\n<th class=\"a-color-secondary a-size-base prodDetSectionEntry\">Fabricante<\/th>\n<td class=\"a-size-base prodDetAttrValue\">WOSUK<\/td>\n<\/tr>\n<tr>\n<th class=\"a-color-secondary a-size-base prodDetSectionEntry\">COMO EM<\/th>\n<td class=\"a-size-base prodDetAttrValue\">B01HI8BVDG<\/td>\n<\/tr>\n<tr>\n<th class=\"a-color-secondary a-size-base prodDetSectionEntry\">Opini\u00e3o dos consumidores<\/th>\n<td class=\"a-size-base\">\n<div id=\"averageCustomerReviews\" data-asin=\"B01HI8BVDG\" data-ref=\"dpx_acr_pop_\"><span class=\"a-declarative\" data-action=\"acrStarsLink-click-metrics\" data-acrstarslink-click-metrics=\"{}\"><span id=\"acrPopover\" class=\"reviewCountTextLinkedHistogram noUnderline\" title=\"3,6 de 5 estrelas\"><a class=\"a-popover-trigger a-declarative\"><i class=\"a-icon a-icon-star a-star-3-5\"><span class=\"a-icon-alt\">3,6 de 5 estrelas<\/span><\/i>\u00a0<i class=\"a-icon a-icon-popover\"><\/i><\/a>\u00a0\u00a0<\/span><\/span>\u00a0<span class=\"a-declarative\" data-action=\"acrLink-click-metrics\" data-acrlink-click-metrics=\"{}\"><a id=\"acrCustomerReviewLink\" class=\"a-link-normal\" href=\"https:\/\/www.amazon.com\/Wireless-WOSUK-Multi-Function-Wireless-N-Extender\/dp\/B01HI8BVDG#customerReviews\"><span id=\"acrCustomerReviewText\" class=\"a-size-base\">205 avalia\u00e7\u00f5es<\/span><\/a><\/span><\/div>\n<p>3,6 de 5 estrelas<\/td>\n<\/tr>\n<tr>\n<th class=\"a-color-secondary a-size-base prodDetSectionEntry\">Classifica\u00e7\u00e3o dos melhores vendedores<\/th>\n<td># 1.063 em\u00a0<a href=\"https:\/\/www.amazon.com\/gp\/bestsellers\/pc\/3015439011\/ref=pd_zg_hrsr_pc\">Repetidores<\/a><\/td>\n<\/tr>\n<tr>\n<th class=\"a-color-secondary a-size-base prodDetSectionEntry\">Foi descontinuado pelo fabricante<\/th>\n<td class=\"a-size-base prodDetAttrValue\">N\u00e3o<\/td>\n<\/tr>\n<tr>\n<th class=\"a-color-secondary a-size-base prodDetSectionEntry\">Data dispon\u00edvel pela primeira vez<\/th>\n<td class=\"a-size-base prodDetAttrValue\">24 de junho de 2016<\/td>\n<\/tr>\n<\/tbody>\n<\/table>\n<\/div>\n<\/div>\n<\/div>\n<\/div>\n","protected":false},"excerpt":{"rendered":"<p>Cinco modos de opera\u00e7\u00e3o 1. Modo de roteador sem fio (padr\u00e3o) &#8211; Cria uma rede\u00a0sem fio privada instant\u00e2nea\u00a0e compartilha a Internet com v\u00e1rios dispositivos Wi-Fi, que \u00e9 adequado para a maioria das redes de hot\u00e9is e resid\u00eancias. 2. Modo Repetidor &#8211; Estenda o Wi-Fi existente, melhorando a for\u00e7a do sinal e maximizando a cobertura. 3.<\/p>\n<div class=\"klb-readmore entry-button\"><a class=\"btn read-more\" href=\"https:\/\/mtechnologias.tech\/?product=roteador-sem-fio-wosuk-300mbps-multifuncional-mini-wireless-n-wifi-extensor-de-alcance-amplificador-de-sinal-802-11n-b-g-repetidor-roteador-ap-de-rede-com-wps-jqr-mini\">Read More<\/a><\/div>\n","protected":false},"featured_media":3764,"comment_status":"open","ping_status":"closed","template":"","meta":{"_joinchat":[]},"product_cat":[134,143],"product_tag":[],"class_list":{"0":"post-3636","1":"product","2":"type-product","3":"status-publish","4":"has-post-thumbnail","6":"product_cat-redes","7":"product_cat-roteador","9":"first","10":"instock","11":"shipping-taxable","12":"purchasable","13":"product-type-simple"},"jetpack_sharing_enabled":true,"_links":{"self":[{"href":"https:\/\/mtechnologias.tech\/index.php?rest_route=\/wp\/v2\/product\/3636","targetHints":{"allow":["GET"]}}],"collection":[{"href":"https:\/\/mtechnologias.tech\/index.php?rest_route=\/wp\/v2\/product"}],"about":[{"href":"https:\/\/mtechnologias.tech\/index.php?rest_route=\/wp\/v2\/types\/product"}],"replies":[{"embeddable":true,"href":"https:\/\/mtechnologias.tech\/index.php?rest_route=%2Fwp%2Fv2%2Fcomments&post=3636"}],"wp:featuredmedia":[{"embeddable":true,"href":"https:\/\/mtechnologias.tech\/index.php?rest_route=\/wp\/v2\/media\/3764"}],"wp:attachment":[{"href":"https:\/\/mtechnologias.tech\/index.php?rest_route=%2Fwp%2Fv2%2Fmedia&parent=3636"}],"wp:term":[{"taxonomy":"product_cat","embeddable":true,"href":"https:\/\/mtechnologias.tech\/index.php?rest_route=%2Fwp%2Fv2%2Fproduct_cat&post=3636"},{"taxonomy":"product_tag","embeddable":true,"href":"https:\/\/mtechnologias.tech\/index.php?rest_route=%2Fwp%2Fv2%2Fproduct_tag&post=3636"}],"curies":[{"name":"wp","href":"https:\/\/api.w.org\/{rel}","templated":true}]}}