{"id":3281,"date":"2023-07-11T10:52:36","date_gmt":"2023-07-11T13:52:36","guid":{"rendered":"https:\/\/mtechnologias.tech\/?post_type=product&#038;p=3281"},"modified":"2025-10-27T16:48:22","modified_gmt":"2025-10-27T15:48:22","slug":"installerparts-professional-network-tool-kit-15-em-1-rj45-crimper-tool-cat-5-cat6-cable-tester-gauge-wire-stripper-cutting-tool-ethernet-punch-down-tool-chave-de-fenda-faca","status":"publish","type":"product","link":"https:\/\/mtechnologias.tech\/?product=installerparts-professional-network-tool-kit-15-em-1-rj45-crimper-tool-cat-5-cat6-cable-tester-gauge-wire-stripper-cutting-tool-ethernet-punch-down-tool-chave-de-fenda-faca","title":{"rendered":"InstallerParts Professional Network Tool Kit 15 em 1 &#8211; RJ45 Crimper Tool Cat 5 Cat6 Cable Tester, Gauge Wire Stripper Cutting Tool, Ethernet Punch Down Tool, chave de fenda, faca"},"content":{"rendered":"<ul class=\"p-4 f\">\n<li>Estojo r\u00edgido leve: As ferramentas s\u00e3o convenientemente fixadas no lugar em um estojo port\u00e1til leve, por\u00e9m dur\u00e1vel e de alta qualidade, perfeito para uso dom\u00e9stico, no escrit\u00f3rio ou mesmo ao ar livre.\u00a0O manual do usu\u00e1rio facilita o uso por profissionais e amadores.\u00a0Chega de se atrapalhar procurando as ferramentas que voc\u00ea precisa<\/li>\n<li>Crimpador de rede de alta qualidade: O crimpador RJ11\/RJ45 \u00e9 uma ferramenta de crimpagem\/remo\u00e7\u00e3o\/corte\/tor\u00e7\u00e3o ergonomicamente projetada que \u00e9 perfeita para conectores Cat5E\/Cat6A\/Cat7\/Cat7A\/Cat8, cabos blindados (STP) e n\u00e3o blindados (UTP) e outros 20- 30 fios de bitola.\u00a0A prote\u00e7\u00e3o da l\u00e2mina ajuda a reduzir o risco de les\u00f5es enquanto mant\u00e9m a nitidez da l\u00e2mina<\/li>\n<li>Testador de dados de cabo de rede el\u00e9trica: testa facilmente a conex\u00e3o para cabo LAN\/ethernet Cat5\/Cat6 que \u00e9 necess\u00e1rio para qualquer trabalho de instala\u00e7\u00e3o de transmiss\u00e3o de dados (baterias de 9 volts n\u00e3o inclu\u00eddas)<\/li>\n<li>66 110 Ferramenta de Instala\u00e7\u00e3o Punch Down: Esta ferramenta \u00e9 projetada profissionalmente para trabalhar em punch downs de alto volume de instala\u00e7\u00f5es de cabos Cat5 a Cat6A<\/li>\n<li>Conjunto de chave de fenda e faca multifuncional: O kit vem com uma chave de fenda 2 em 1 e uma faca afiada ideal para uma variedade de usos<\/li>\n<\/ul>\n<div id=\"additional-info\" class=\"mb-5\">\n<table id=\"product-attribute-specs-table\" class=\"featureTable\">\n<tbody>\n<tr>\n<td>Fabricante<\/td>\n<td>Pe\u00e7as do instalador<\/td>\n<\/tr>\n<tr>\n<td>N\u00famero da pe\u00e7a<\/td>\n<td><span dir=\"auto\" style=\"vertical-align: inherit;\"><span dir=\"auto\" style=\"vertical-align: inherit;\">22811<\/span><\/span><\/td>\n<\/tr>\n<tr>\n<td>Peso do Item<\/td>\n<td><span dir=\"auto\" style=\"vertical-align: inherit;\"><span dir=\"auto\" style=\"vertical-align: inherit;\">3,55 libras (1,6 kg)<\/span><\/span><\/td>\n<\/tr>\n<tr>\n<td>Dimens\u00f5es da embalagem<\/td>\n<td>14,29 x 10,39 x 3,35 polegadas (36,3 x 26,4 x 8,5 cm)<\/td>\n<\/tr>\n<tr>\n<td>N\u00famero do modelo do item<\/td>\n<td><span dir=\"auto\" style=\"vertical-align: inherit;\"><span dir=\"auto\" style=\"vertical-align: inherit;\">22811<\/span><\/span><\/td>\n<\/tr>\n<tr>\n<td>Foi descontinuado pelo fabricante<\/td>\n<td>N\u00e3o<\/td>\n<\/tr>\n<tr>\n<td>Tamanho<\/td>\n<td>15 pe\u00e7as<\/td>\n<\/tr>\n<tr>\n<td><span dir=\"auto\" style=\"vertical-align: inherit;\"><span dir=\"auto\" style=\"vertical-align: inherit;\">Cor<\/span><\/span><\/td>\n<td><span dir=\"auto\" style=\"vertical-align: inherit;\"><span dir=\"auto\" style=\"vertical-align: inherit;\">Multi<\/span><\/span><\/td>\n<\/tr>\n<tr>\n<td><span dir=\"auto\" style=\"vertical-align: inherit;\"><span dir=\"auto\" style=\"vertical-align: inherit;\">Material<\/span><\/span><\/td>\n<td>Pl\u00e1stico<\/td>\n<\/tr>\n<tr>\n<td>Quantidade do pacote de itens<\/td>\n<td><span dir=\"auto\" style=\"vertical-align: inherit;\"><span dir=\"auto\" style=\"vertical-align: inherit;\">1<\/span><\/span><\/td>\n<\/tr>\n<tr>\n<td>Lidar com Material<\/td>\n<td><span dir=\"auto\" style=\"vertical-align: inherit;\"><span dir=\"auto\" style=\"vertical-align: inherit;\">Pl\u00e1stico<\/span><\/span><\/td>\n<\/tr>\n<tr>\n<td>Baterias inclu\u00eddas?<\/td>\n<td><span dir=\"auto\" style=\"vertical-align: inherit;\"><span dir=\"auto\" style=\"vertical-align: inherit;\">N\u00e3o<\/span><\/span><\/td>\n<\/tr>\n<tr>\n<td>Baterias necess\u00e1rias?<\/td>\n<td><span dir=\"auto\" style=\"vertical-align: inherit;\"><span dir=\"auto\" style=\"vertical-align: inherit;\">N\u00e3o<\/span><\/span><\/td>\n<\/tr>\n<tr>\n<td>COMO EM<\/td>\n<td><span dir=\"auto\" style=\"vertical-align: inherit;\"><span dir=\"auto\" style=\"vertical-align: inherit;\">B074Y5LQZY<\/span><\/span><\/td>\n<\/tr>\n<tr>\n<td>Marca<\/td>\n<td><span dir=\"auto\" style=\"vertical-align: inherit;\"><span dir=\"auto\" style=\"vertical-align: inherit;\">Pe\u00e7as do instalador<\/span><\/span><\/td>\n<\/tr>\n<tr>\n<td><span dir=\"auto\" style=\"vertical-align: inherit;\"><span dir=\"auto\" style=\"vertical-align: inherit;\">Cor<\/span><\/span><\/td>\n<td><span dir=\"auto\" style=\"vertical-align: inherit;\"><span dir=\"auto\" style=\"vertical-align: inherit;\">Multi<\/span><\/span><\/td>\n<\/tr>\n<tr>\n<td><span dir=\"auto\" style=\"vertical-align: inherit;\"><span dir=\"auto\" style=\"vertical-align: inherit;\">Peso do Item<\/span><\/span><\/td>\n<td><span dir=\"auto\" style=\"vertical-align: inherit;\"><span dir=\"auto\" style=\"vertical-align: inherit;\">3,55 libras (1,6 kg)<\/span><\/span><\/td>\n<\/tr>\n<tr>\n<td><span dir=\"auto\" style=\"vertical-align: inherit;\"><span dir=\"auto\" style=\"vertical-align: inherit;\">Lidar com Material<\/span><\/span><\/td>\n<td><span dir=\"auto\" style=\"vertical-align: inherit;\"><span dir=\"auto\" style=\"vertical-align: inherit;\">Pl\u00e1stico<\/span><\/span><\/td>\n<\/tr>\n<tr>\n<td>Pa\u00eds de origem<\/td>\n<td>Este item ser\u00e1 importado dos EUA<\/td>\n<\/tr>\n<tr>\n<td>Data dispon\u00edvel pela primeira vez<\/td>\n<td><span dir=\"auto\" style=\"vertical-align: inherit;\"><span dir=\"auto\" style=\"vertical-align: inherit;\">2 de abril de 2021<\/span><\/span><\/td>\n<\/tr>\n<tr>\n<td>O que est\u00e1 na caixa<\/td>\n<td>Ferramenta de rede profissional InstallerParts&#8230; Para mais detalhes, verifique a descri\u00e7\u00e3o\/detalhes do produto<\/td>\n<\/tr>\n<\/tbody>\n<\/table>\n<\/div>\n<h2 class=\"h2-heading\">Descri\u00e7\u00e3o<\/h2>\n<p><iframe style=\"box-sizing: border-box; margin: 0px; padding: 0px; list-style: none; border: none; outline: none; color: #151515; font-family: 'Open Sans', sans-serif; font-size: 14px; font-style: normal; font-variant-ligatures: normal; font-variant-caps: normal; font-weight: 400; letter-spacing: normal; orphans: 2; text-align: left; text-indent: 0px; text-transform: none; white-space: normal; widows: 2; word-spacing: 0px; -webkit-text-stroke-width: 0px; text-decoration-thickness: initial; text-decoration-style: initial; text-decoration-color: initial; min-height: 46px; max-height: 116px; overflow: auto;\" width=\"100%\" data-mce-fragment=\"1\"><\/iframe><\/p>\n","protected":false},"excerpt":{"rendered":"<p>Estojo r\u00edgido leve: As ferramentas s\u00e3o convenientemente fixadas no lugar em um estojo port\u00e1til leve, por\u00e9m dur\u00e1vel e de alta qualidade, perfeito para uso dom\u00e9stico, no escrit\u00f3rio ou mesmo ao ar livre.\u00a0O manual do usu\u00e1rio facilita o uso por profissionais e amadores.\u00a0Chega de se atrapalhar procurando as ferramentas que voc\u00ea precisa Crimpador de rede de<\/p>\n<div class=\"klb-readmore entry-button\"><a class=\"btn read-more\" href=\"https:\/\/mtechnologias.tech\/?product=installerparts-professional-network-tool-kit-15-em-1-rj45-crimper-tool-cat-5-cat6-cable-tester-gauge-wire-stripper-cutting-tool-ethernet-punch-down-tool-chave-de-fenda-faca\">Read More<\/a><\/div>\n","protected":false},"featured_media":3384,"comment_status":"open","ping_status":"closed","template":"","meta":{"_joinchat":[]},"product_cat":[167,134],"product_tag":[],"class_list":{"0":"post-3281","1":"product","2":"type-product","3":"status-publish","4":"has-post-thumbnail","6":"product_cat-equipamento-de-solda","7":"product_cat-redes","9":"first","10":"outofstock","11":"shipping-taxable","12":"purchasable","13":"product-type-simple"},"jetpack_sharing_enabled":true,"_links":{"self":[{"href":"https:\/\/mtechnologias.tech\/index.php?rest_route=\/wp\/v2\/product\/3281","targetHints":{"allow":["GET"]}}],"collection":[{"href":"https:\/\/mtechnologias.tech\/index.php?rest_route=\/wp\/v2\/product"}],"about":[{"href":"https:\/\/mtechnologias.tech\/index.php?rest_route=\/wp\/v2\/types\/product"}],"replies":[{"embeddable":true,"href":"https:\/\/mtechnologias.tech\/index.php?rest_route=%2Fwp%2Fv2%2Fcomments&post=3281"}],"wp:featuredmedia":[{"embeddable":true,"href":"https:\/\/mtechnologias.tech\/index.php?rest_route=\/wp\/v2\/media\/3384"}],"wp:attachment":[{"href":"https:\/\/mtechnologias.tech\/index.php?rest_route=%2Fwp%2Fv2%2Fmedia&parent=3281"}],"wp:term":[{"taxonomy":"product_cat","embeddable":true,"href":"https:\/\/mtechnologias.tech\/index.php?rest_route=%2Fwp%2Fv2%2Fproduct_cat&post=3281"},{"taxonomy":"product_tag","embeddable":true,"href":"https:\/\/mtechnologias.tech\/index.php?rest_route=%2Fwp%2Fv2%2Fproduct_tag&post=3281"}],"curies":[{"name":"wp","href":"https:\/\/api.w.org\/{rel}","templated":true}]}}