{"id":19258,"date":"2026-02-18T14:16:05","date_gmt":"2026-02-18T13:16:05","guid":{"rendered":"https:\/\/mtechnologias.tech\/?post_type=product&#038;p=19258"},"modified":"2026-02-18T14:25:26","modified_gmt":"2026-02-18T13:25:26","slug":"xiaomi-redmi-note-14-pro-5g-4g-lte-for-tmobile-mint-tello-global-512gb-12gb-nfc-6-67-120hz-200mp-pro-ai-camera-model-24090ra29g-unlocked-dual-sim-lavender-purple","status":"publish","type":"product","link":"https:\/\/mtechnologias.tech\/?product=xiaomi-redmi-note-14-pro-5g-4g-lte-for-tmobile-mint-tello-global-512gb-12gb-nfc-6-67-120hz-200mp-pro-ai-camera-model-24090ra29g-unlocked-dual-sim-lavender-purple","title":{"rendered":"XIAOMI Redmi Note 14 Pro 5G + 4G LTE (for Tmobile Mint Tello &#038; Global) (512GB + 12GB) NFC 6.67&#8243; 120Hz 200MP Pro AI Camera Model 24090RA29G Unlocked Dual Sim (Lavender Purple)"},"content":{"rendered":"<table class=\"a-normal a-spacing-micro\" role=\"list\">\n<tbody>\n<tr class=\"a-spacing-small po-brand\" role=\"listitem\">\n<td class=\"a-span3\" role=\"presentation\"><span class=\"a-size-base a-text-bold\">Brand<\/span><\/td>\n<td class=\"a-span9\" role=\"presentation\"><span class=\"a-size-base po-break-word\">Redmi<\/span><\/td>\n<\/tr>\n<tr class=\"a-spacing-small po-operating_system\" role=\"listitem\">\n<td class=\"a-span3\" role=\"presentation\"><span class=\"a-size-base a-text-bold\">Operating System<\/span><\/td>\n<td class=\"a-span9\" role=\"presentation\"><span class=\"a-size-base po-break-word\">Hyper OS Based on Android 14<\/span><\/td>\n<\/tr>\n<tr class=\"a-spacing-small po-ram_memory.installed_size\" role=\"listitem\">\n<td class=\"a-span3\" role=\"presentation\"><span class=\"a-size-base a-text-bold\">Ram Memory Installed Size<\/span><\/td>\n<td class=\"a-span9\" role=\"presentation\"><span class=\"a-size-base po-break-word\">12 GB<\/span><\/td>\n<\/tr>\n<tr class=\"a-spacing-small po-cpu_model.family\" role=\"listitem\">\n<td class=\"a-span3\" role=\"presentation\"><span class=\"a-size-base a-text-bold\">CPU Model<\/span><\/td>\n<td class=\"a-span9\" role=\"presentation\"><span class=\"a-size-base po-break-word\">Cortex A7<\/span><\/td>\n<\/tr>\n<tr class=\"a-spacing-small po-cpu_model.speed\" role=\"listitem\">\n<td class=\"a-span3\" role=\"presentation\"><span class=\"a-size-base a-text-bold\">CPU Speed<\/span><\/td>\n<td class=\"a-span9\" role=\"presentation\"><span class=\"a-size-base po-break-word\">2.5 GHz<\/span><\/td>\n<\/tr>\n<tr class=\"a-spacing-small po-memory_storage_capacity\" role=\"listitem\">\n<td class=\"a-span3\" role=\"presentation\"><span class=\"a-size-base a-text-bold\">Memory Storage Capacity<\/span><\/td>\n<td class=\"a-span9\" role=\"presentation\"><span class=\"a-size-base po-break-word\">512 GB<\/span><\/td>\n<\/tr>\n<tr class=\"a-spacing-small po-display.size\" role=\"listitem\">\n<td class=\"a-span3\" role=\"presentation\"><span class=\"a-size-base a-text-bold\">Screen Size<\/span><\/td>\n<td class=\"a-span9\" role=\"presentation\"><span class=\"a-size-base po-break-word\">6.67 Inches<\/span><\/td>\n<\/tr>\n<tr class=\"a-spacing-small po-resolution\" role=\"listitem\">\n<td class=\"a-span3\" role=\"presentation\"><span class=\"a-size-base a-text-bold\">Resolution<\/span><\/td>\n<td class=\"a-span9\" role=\"presentation\"><span class=\"a-size-base po-break-word\">2712 x 1220<\/span><\/td>\n<\/tr>\n<tr class=\"a-spacing-small po-refresh_rate\" role=\"listitem\">\n<td class=\"a-span3\" role=\"presentation\"><span class=\"a-size-base a-text-bold\">Refresh Rate<\/span><\/td>\n<td class=\"a-span9\" role=\"presentation\"><span class=\"a-size-base po-break-word\">120<\/span><\/td>\n<\/tr>\n<tr class=\"a-spacing-small po-model_name\" role=\"listitem\">\n<td class=\"a-span3\" role=\"presentation\"><span class=\"a-size-base a-text-bold\">Model Name<\/span><\/td>\n<td class=\"a-span9\" role=\"presentation\"><span class=\"a-size-base po-break-word\">Note 14 Pro 5G<\/span><\/td>\n<\/tr>\n<\/tbody>\n<\/table>\n<h1 class=\"a-size-base-plus a-text-bold\">About this item<\/h1>\n<ul class=\"a-unordered-list a-vertical a-spacing-mini\">\n<li class=\"a-spacing-mini\"><span class=\"a-list-item\">USA MARKET ONLY WORK ON TMOBILE MINT TELLO OR ANY UNDER TMOBILE NETWORK PHONE NEEDS A SIM CARD ALREADY ACTIVATED ,OUTSIDE USA WORKS ANY GSM CARRIER SIM GSM FCC ID: 2AFZZRA29G<\/span><\/li>\n<li class=\"a-spacing-mini\"><span class=\"a-list-item\">Dual SIM (NoT MICRO SD SLOT) 5G: n1\/2\/3\/5\/7\/8\/20\/28\/38\/40\/41\/48\/66\/77\/78 \/ 4G: LTE FDD:1\/2\/3\/4\/5\/7\/8\/12\/13\/17\/18\/19\/20\/26\/28\/32\/66 &#8212; 4G: LTE TDD:38\/40\/41\/42\/48 &#8212; 3G: 1\/2\/4\/5\/6\/8\/19 &#8212; 2G Quad Band<\/span><\/li>\n<li class=\"a-spacing-mini\"><span class=\"a-list-item\">6.67&#8243; CrystalRes AMOLED displayResolution: 2712 x 1220 (1.5K resolution)Refresh rate: Up to 120HzTouch sampling rate: Up to 480HzBrightness: 3000nits peak brightnessColor depth: 12bitContrast ratio: 5,000,000:1DCI-P3 wide color gamutCorning Gorilla Glass Victus 2Supports Dolby VisionReading mode1920Hz PWM dimming\uff5c20,000-level brightness adjustment\uff5cHDR10+ | T\u00dcV Rheinland Low Blue Light (Hardware Solution) Certified | T\u00dcV Rheinland Flicker Free Certified | T\u00dcV Rheinland Circadian Friendly Certified<\/span><\/li>\n<li class=\"a-spacing-mini\"><span class=\"a-list-item\">MediaTek Dimensity 7300-Ultra4nm manufacturing processCPU: Octa-core processor, up to 2.5GHzGPU: Mali-G615 MC2<\/span><\/li>\n<li class=\"a-spacing-mini\"><span class=\"a-list-item\">200MP main cameraOISf\/1.6516-in-1 binning into one large 2.24\u03bcm pixel1\/1.4\u201d sensor size7P lens8MP ultra-wide cameraf\/2.22MP macro cameraf\/2.4Dynamic shots | Motion tracking focus | Lightning Burst | filmFrame | Portraits | Document | Night mode | Dual video | Steady videoRear camera video recording4K at 24\/30fps1080p at 30\/60fps720p at 30fpsSlow motion: 1080p at 120fpsSlow motion: 720p at 120\/240fps &#8211; 20MP front cameraf\/2.2Soft-light ring | AI beautify | Night mode | Portrait mode | Palm Shutter | Selfie timerFront camera video recording1080p at 30\/60fps720p at 30fps<\/span><\/li>\n<li class=\"a-spacing-mini\"><span class=\"a-list-item\">In-screen fingerprint sensorAI Face Unlock \/ Beidou:B1I\uff5cGPS:L1\uff5cGalileo:E1 &#8211; GLONASS:G1\uff5cQZSS:L1 | A-GPS supplementary positioning &#8211; Wireless network | Data network|\uff5cSensor Assisted Positioning<\/span><\/li>\n<li class=\"a-spacing-mini\"><span class=\"a-list-item\">Proximity sensor | Ambient light sensor | Accelerometer | Electronic compass | IR blaster\uff5c Gyroscope | X-axis linear motor<\/span><\/li>\n<li class=\"a-spacing-mini\"><span class=\"a-list-item\">Circle to Search with Google, Google Gemini, AI image editing<\/span><\/li>\n<\/ul>\n","protected":false},"excerpt":{"rendered":"<p>Brand Redmi Operating System Hyper OS Based on Android 14 Ram Memory Installed Size 12 GB CPU Model Cortex A7 CPU Speed 2.5 GHz Memory Storage Capacity 512 GB Screen Size 6.67 Inches Resolution 2712 x 1220 Refresh Rate 120 Model Name Note 14 Pro 5G About this item USA MARKET ONLY WORK ON TMOBILE<\/p>\n<div class=\"klb-readmore entry-button\"><a class=\"btn read-more\" href=\"https:\/\/mtechnologias.tech\/?product=xiaomi-redmi-note-14-pro-5g-4g-lte-for-tmobile-mint-tello-global-512gb-12gb-nfc-6-67-120hz-200mp-pro-ai-camera-model-24090ra29g-unlocked-dual-sim-lavender-purple\">Read More<\/a><\/div>\n","protected":false},"featured_media":19259,"comment_status":"open","ping_status":"closed","template":"","meta":{"_joinchat":[]},"product_cat":[602],"product_tag":[],"class_list":{"0":"post-19258","1":"product","2":"type-product","3":"status-publish","4":"has-post-thumbnail","6":"product_cat-smartphone","8":"first","9":"instock","10":"shipping-taxable","11":"purchasable","12":"product-type-simple"},"jetpack_sharing_enabled":true,"_links":{"self":[{"href":"https:\/\/mtechnologias.tech\/index.php?rest_route=\/wp\/v2\/product\/19258","targetHints":{"allow":["GET"]}}],"collection":[{"href":"https:\/\/mtechnologias.tech\/index.php?rest_route=\/wp\/v2\/product"}],"about":[{"href":"https:\/\/mtechnologias.tech\/index.php?rest_route=\/wp\/v2\/types\/product"}],"replies":[{"embeddable":true,"href":"https:\/\/mtechnologias.tech\/index.php?rest_route=%2Fwp%2Fv2%2Fcomments&post=19258"}],"wp:featuredmedia":[{"embeddable":true,"href":"https:\/\/mtechnologias.tech\/index.php?rest_route=\/wp\/v2\/media\/19259"}],"wp:attachment":[{"href":"https:\/\/mtechnologias.tech\/index.php?rest_route=%2Fwp%2Fv2%2Fmedia&parent=19258"}],"wp:term":[{"taxonomy":"product_cat","embeddable":true,"href":"https:\/\/mtechnologias.tech\/index.php?rest_route=%2Fwp%2Fv2%2Fproduct_cat&post=19258"},{"taxonomy":"product_tag","embeddable":true,"href":"https:\/\/mtechnologias.tech\/index.php?rest_route=%2Fwp%2Fv2%2Fproduct_tag&post=19258"}],"curies":[{"name":"wp","href":"https:\/\/api.w.org\/{rel}","templated":true}]}}