{"id":19250,"date":"2026-02-18T11:39:57","date_gmt":"2026-02-18T10:39:57","guid":{"rendered":"https:\/\/mtechnologias.tech\/?post_type=product&#038;p=19250"},"modified":"2026-02-18T11:39:57","modified_gmt":"2026-02-18T10:39:57","slug":"xiaomi-redmi-note-14-4g-lte-for-tmobile-mint-tello-global-256gb-8gb-6-67-120hz-108mp-ai-camera-global-version-dual-sim","status":"publish","type":"product","link":"https:\/\/mtechnologias.tech\/?product=xiaomi-redmi-note-14-4g-lte-for-tmobile-mint-tello-global-256gb-8gb-6-67-120hz-108mp-ai-camera-global-version-dual-sim","title":{"rendered":"XIAOMI Redmi Note 14 4G LTE (for Tmobile Mint Tello Global) (256GB + 8GB) 6.67&#8243; 120Hz 108MP AI Camera Global Version Dual Sim"},"content":{"rendered":"<table class=\"a-normal a-spacing-micro\" role=\"list\">\n<tbody>\n<tr class=\"a-spacing-small po-brand\" role=\"listitem\">\n<td class=\"a-span3\" role=\"presentation\"><span class=\"a-size-base a-text-bold\">Brand<\/span><\/td>\n<td class=\"a-span9\" role=\"presentation\"><span class=\"a-size-base po-break-word\">XIAOMI<\/span><\/td>\n<\/tr>\n<tr class=\"a-spacing-small po-operating_system\" role=\"listitem\">\n<td class=\"a-span3\" role=\"presentation\"><span class=\"a-size-base a-text-bold\">Operating System<\/span><\/td>\n<td class=\"a-span9\" role=\"presentation\"><span class=\"a-size-base po-break-word\">Hyper OS Based on Android 14<\/span><\/td>\n<\/tr>\n<tr class=\"a-spacing-small po-ram_memory.installed_size\" role=\"listitem\">\n<td class=\"a-span3\" role=\"presentation\"><span class=\"a-size-base a-text-bold\">Ram Memory Installed Size<\/span><\/td>\n<td class=\"a-span9\" role=\"presentation\"><span class=\"a-size-base po-break-word\">8 GB<\/span><\/td>\n<\/tr>\n<tr class=\"a-spacing-small po-cpu_model.family\" role=\"listitem\">\n<td class=\"a-span3\" role=\"presentation\"><span class=\"a-size-base a-text-bold\">CPU Model<\/span><\/td>\n<td class=\"a-span9\" role=\"presentation\"><span class=\"a-size-base po-break-word\">MediaTek Helio<\/span><\/td>\n<\/tr>\n<tr class=\"a-spacing-small po-cpu_model.speed\" role=\"listitem\">\n<td class=\"a-span3\" role=\"presentation\"><span class=\"a-size-base a-text-bold\">CPU Speed<\/span><\/td>\n<td class=\"a-span9\" role=\"presentation\"><span class=\"a-size-base po-break-word\">2.2E+3 MHz<\/span><\/td>\n<\/tr>\n<tr class=\"a-spacing-small po-memory_storage_capacity\" role=\"listitem\">\n<td class=\"a-span3\" role=\"presentation\"><span class=\"a-size-base a-text-bold\">Memory Storage Capacity<\/span><\/td>\n<td class=\"a-span9\" role=\"presentation\"><span class=\"a-size-base po-break-word\">256 GB<\/span><\/td>\n<\/tr>\n<tr class=\"a-spacing-small po-display.size\" role=\"listitem\">\n<td class=\"a-span3\" role=\"presentation\"><span class=\"a-size-base a-text-bold\">Screen Size<\/span><\/td>\n<td class=\"a-span9\" role=\"presentation\"><span class=\"a-size-base po-break-word\">6.67 Inches<\/span><\/td>\n<\/tr>\n<tr class=\"a-spacing-small po-resolution\" role=\"listitem\">\n<td class=\"a-span3\" role=\"presentation\"><span class=\"a-size-base a-text-bold\">Resolution<\/span><\/td>\n<td class=\"a-span9\" role=\"presentation\"><span class=\"a-size-base po-break-word\">2400 x 1080<\/span><\/td>\n<\/tr>\n<tr class=\"a-spacing-small po-refresh_rate\" role=\"listitem\">\n<td class=\"a-span3\" role=\"presentation\"><span class=\"a-size-base a-text-bold\">Refresh Rate<\/span><\/td>\n<td class=\"a-span9\" role=\"presentation\"><span class=\"a-size-base po-break-word\">120 Hz<\/span><\/td>\n<\/tr>\n<tr class=\"a-spacing-small po-model_name\" role=\"listitem\">\n<td class=\"a-span3\" role=\"presentation\"><span class=\"a-size-base a-text-bold\">Model Name<\/span><\/td>\n<td class=\"a-span9\" role=\"presentation\"><span class=\"a-size-base po-break-word\">Note 14 4G<\/span><\/td>\n<\/tr>\n<\/tbody>\n<\/table>\n<h1 class=\"a-size-base-plus a-text-bold\">About this item<\/h1>\n<ul class=\"a-unordered-list a-vertical a-spacing-mini\">\n<li class=\"a-spacing-mini\"><span class=\"a-list-item\">USA MARKET ONLY WORK ON TMOBILE MINT TELLO OR ANY UNDER TMOBILE NETWORK PHONE NEEDS A SIM CARD ALREADY ACTIVATED ,OUTSIDE USA WORKS ANY GSM CARRIER SIM GSM FCC ID: 2AFZZRN76L<\/span><\/li>\n<li class=\"a-spacing-mini\"><span class=\"a-list-item\">SIM1 + Hybrid* (SIM or MicroSD), supports dual 4G : 4G: 1\/2\/3\/4\/5\/7\/8\/20\/28\/ 4G: LTE TDD: Band 38\/40\/41 3G: WCDMA: Band 2\/4\/5\/8 2G: GSM: Quad Band.<\/span><\/li>\n<li class=\"a-spacing-mini\"><span class=\"a-list-item\">6.67&#8243; AMOLED displayResolution: 2400 \u00d7 1080Refresh rate: Up to 120HzTouch sampling rate: 240HzBrightness: 1800nits peak brightnessBrightness: HBM 1200 nits (typ)Color depth: 8 bitContrast ratio: 5,000,000:1100% DCI- P3 wide color gamutPPI 394Corning Gorilla Glass 5Sunlight displayReading mode960Hz PWM dimming\uff5cT\u00dcV Rheinland Low Blue Light Certification (Hardware solution) | T\u00dcV Rheinland Circadian Friendly Certification | T\u00dcV Rheinland Flicker Free CertificationSGS Low Blue Light Certification<\/span><\/li>\n<li class=\"a-spacing-mini\"><span class=\"a-list-item\">Helio G99-Ultra6nm manufacturing process technologyCPU: Octa-core processor, up to 2.2GHzGPU: Mali-G57 MC2<\/span><\/li>\n<li class=\"a-spacing-mini\"><span class=\"a-list-item\">Proximity sensor | Ambient light sensor | Accelerometer | Electronic compass | IR blaster | Gyroscope \/ Bluetooth 5.3Wi-Fi Protocol: 802.11a\/b\/g\/n\/ac \/ Supports 2.4GHz Wi-Fi | 5GHz Wi-Fi Supports Wi-Fi Direct<\/span><\/li>\n<li class=\"a-spacing-mini\"><span class=\"a-list-item\">108MP+2MP+2MP triple camera108MP main camera0.64\u03bcm, 9in1 1.92\u03bcmf\/1.76P lens1\/1.67\u201d sensor size2MP depth cameraf\/2.42MP macro cameraf\/2.4Rear camera video recording1080p at 60fps1080p at 30fps720p at 30fps &#8211; 20MP front camerasensor size 1\/4&#8221;f\/2.24P lensFront camera video recording1080p at 30fps720p at 30fps<\/span><\/li>\n<li class=\"a-spacing-mini\"><span class=\"a-list-item\">GPS: L1 | A-GPS supplementary positioning | GLONASS: G1 | BDS: B1I | Galileo E1 | Electronic compass | Wireless network | Data network | Sensor Assisted Positioning<\/span><\/li>\n<\/ul>\n","protected":false},"excerpt":{"rendered":"<p>Brand XIAOMI Operating System Hyper OS Based on Android 14 Ram Memory Installed Size 8 GB CPU Model MediaTek Helio CPU Speed 2.2E+3 MHz Memory Storage Capacity 256 GB Screen Size 6.67 Inches Resolution 2400 x 1080 Refresh Rate 120 Hz Model Name Note 14 4G About this item USA MARKET ONLY WORK ON TMOBILE<\/p>\n<div class=\"klb-readmore entry-button\"><a class=\"btn read-more\" href=\"https:\/\/mtechnologias.tech\/?product=xiaomi-redmi-note-14-4g-lte-for-tmobile-mint-tello-global-256gb-8gb-6-67-120hz-108mp-ai-camera-global-version-dual-sim\">Read More<\/a><\/div>\n","protected":false},"featured_media":19251,"comment_status":"open","ping_status":"closed","template":"","meta":{"_joinchat":[]},"product_cat":[602],"product_tag":[],"class_list":{"0":"post-19250","1":"product","2":"type-product","3":"status-publish","4":"has-post-thumbnail","6":"product_cat-smartphone","8":"first","9":"instock","10":"shipping-taxable","11":"purchasable","12":"product-type-simple"},"jetpack_sharing_enabled":true,"_links":{"self":[{"href":"https:\/\/mtechnologias.tech\/index.php?rest_route=\/wp\/v2\/product\/19250","targetHints":{"allow":["GET"]}}],"collection":[{"href":"https:\/\/mtechnologias.tech\/index.php?rest_route=\/wp\/v2\/product"}],"about":[{"href":"https:\/\/mtechnologias.tech\/index.php?rest_route=\/wp\/v2\/types\/product"}],"replies":[{"embeddable":true,"href":"https:\/\/mtechnologias.tech\/index.php?rest_route=%2Fwp%2Fv2%2Fcomments&post=19250"}],"wp:featuredmedia":[{"embeddable":true,"href":"https:\/\/mtechnologias.tech\/index.php?rest_route=\/wp\/v2\/media\/19251"}],"wp:attachment":[{"href":"https:\/\/mtechnologias.tech\/index.php?rest_route=%2Fwp%2Fv2%2Fmedia&parent=19250"}],"wp:term":[{"taxonomy":"product_cat","embeddable":true,"href":"https:\/\/mtechnologias.tech\/index.php?rest_route=%2Fwp%2Fv2%2Fproduct_cat&post=19250"},{"taxonomy":"product_tag","embeddable":true,"href":"https:\/\/mtechnologias.tech\/index.php?rest_route=%2Fwp%2Fv2%2Fproduct_tag&post=19250"}],"curies":[{"name":"wp","href":"https:\/\/api.w.org\/{rel}","templated":true}]}}