{"id":19240,"date":"2026-02-09T16:57:07","date_gmt":"2026-02-09T15:57:07","guid":{"rendered":"https:\/\/mtechnologias.tech\/?post_type=product&#038;p=19240"},"modified":"2026-03-01T00:32:55","modified_gmt":"2026-02-28T23:32:55","slug":"osmo-mobile-8-estabilizador-gimbal-para-telefone-rastreamento-nativo-com-audio-e-iluminacao-rotacao-panoramica-de-360-haste-de-extensao-e-tripe-integrados-bateria-de-10h-haste-de-extensao","status":"publish","type":"product","link":"https:\/\/mtechnologias.tech\/?product=osmo-mobile-8-estabilizador-gimbal-para-telefone-rastreamento-nativo-com-audio-e-iluminacao-rotacao-panoramica-de-360-haste-de-extensao-e-tripe-integrados-bateria-de-10h-haste-de-extensao","title":{"rendered":"Osmo Mobile 8 estabilizador gimbal para telefone, rastreamento nativo com \u00e1udio e ilumina\u00e7\u00e3o, rota\u00e7\u00e3o panor\u00e2mica de 360\u00b0, haste de extens\u00e3o e trip\u00e9 integrados, bateria de 10h, haste de extens\u00e3o"},"content":{"rendered":"<div id=\"productOverview_feature_div\" class=\"celwidget\" data-feature-name=\"productOverview_nonPets\" data-csa-c-type=\"widget\" data-csa-c-content-id=\"productOverview_nonPets\" data-csa-c-slot-id=\"productOverview_feature_div\" data-csa-c-asin=\"B0FJ2L67HJ\" data-csa-c-is-in-initial-active-row=\"false\" data-csa-c-id=\"de3uri-e4jsw4-wkixhv-gu6dhp\" data-cel-widget=\"productOverview_feature_div\">\n<div class=\"a-section a-spacing-small a-spacing-top-small\">\n<table class=\"a-normal a-spacing-micro\" role=\"list\">\n<tbody>\n<tr class=\"a-spacing-small po-brand\" role=\"listitem\">\n<td class=\"a-span3\" role=\"presentation\"><span class=\"a-size-base a-text-bold\">Marca<\/span><\/td>\n<td class=\"a-span9\" role=\"presentation\"><span class=\"a-size-base po-break-word\">DJI<\/span><\/td>\n<\/tr>\n<tr class=\"a-spacing-small po-compatible_devices\" role=\"listitem\">\n<td class=\"a-span3\" role=\"presentation\"><span class=\"a-size-base a-text-bold\">Dispositivos compat\u00edveis<\/span><\/td>\n<td class=\"a-span9\" role=\"presentation\"><span class=\"a-size-base po-break-word\">Camera<\/span><\/td>\n<\/tr>\n<tr class=\"a-spacing-small po-item_depth_width_height\" role=\"listitem\">\n<td class=\"a-span3\" role=\"presentation\"><span class=\"a-size-base a-text-bold\">Dimens\u00f5es do produto<\/span><\/td>\n<td class=\"a-span9\" role=\"presentation\"><span class=\"a-size-base po-break-word\">28,7P x 10,7L x 9,7A cent\u00edmetros<\/span><\/td>\n<\/tr>\n<tr class=\"a-spacing-small po-item_weight\" role=\"listitem\">\n<td class=\"a-span3\" role=\"presentation\"><span class=\"a-size-base a-text-bold\">Peso do produto<\/span><\/td>\n<td class=\"a-span9\" role=\"presentation\"><span class=\"a-size-base po-break-word\">370 Gramas<\/span><\/td>\n<\/tr>\n<tr class=\"a-spacing-small po-folded_size\" role=\"listitem\">\n<td class=\"a-span3\" role=\"presentation\"><span class=\"a-size-base a-text-bold\">Tamanho quando dobrado<\/span><\/td>\n<td class=\"a-span9\" role=\"presentation\"><span class=\"a-size-base po-break-word\">8 inches (l) x 4 inches (w) x 3 inches (h)<\/span><\/td>\n<\/tr>\n<\/tbody>\n<\/table>\n<\/div>\n<\/div>\n<div id=\"collectiblesKeyInformation_feature_div\" class=\"celwidget\" data-feature-name=\"collectiblesKeyInformation\" data-csa-c-type=\"widget\" data-csa-c-content-id=\"collectiblesKeyInformation\" data-csa-c-slot-id=\"collectiblesKeyInformation_feature_div\" data-csa-c-asin=\"B0FJ2L67HJ\" data-csa-c-is-in-initial-active-row=\"false\" data-csa-c-id=\"gsbqwa-qvhjb9-2ewe9d-j1d415\" data-cel-widget=\"collectiblesKeyInformation_feature_div\"><\/div>\n<div id=\"featurebullets_feature_div\" class=\"celwidget\" data-feature-name=\"featurebullets_nonPets\" data-csa-c-type=\"widget\" data-csa-c-content-id=\"featurebullets_nonPets\" data-csa-c-slot-id=\"featurebullets_feature_div\" data-csa-c-asin=\"B0FJ2L67HJ\" data-csa-c-is-in-initial-active-row=\"false\" data-csa-c-id=\"xxn06d-h0d4va-yox8iy-3ue3xr\" data-cel-widget=\"featurebullets_feature_div\">\n<div id=\"feature-bullets\" class=\"a-section a-spacing-medium a-spacing-top-small\">\n<hr class=\"a-divider-normal\" aria-hidden=\"true\" \/>\n<h1 class=\"a-size-base-plus a-text-bold\">Sobre este item<\/h1>\n<ul class=\"a-unordered-list a-vertical a-spacing-mini\">\n<li class=\"a-spacing-mini\"><span class=\"a-list-item\">Rastreamento nativo com \u00e1udio [4] e ilumina\u00e7\u00e3o [1] \u2013 Aumente o n\u00edvel de suas fotos com um gimbal DJI que combina rastreamento, recep\u00e7\u00e3o de \u00e1udio [4] e ilumina\u00e7\u00e3o. Mantenha-se n\u00edtido em foco, bem iluminado e cristalino.<\/span><\/li>\n<li class=\"a-spacing-mini\"><span class=\"a-list-item\">Rota\u00e7\u00e3o panor\u00e2mica de 360\u00b0 sem costura \u2013 Desfrute de rota\u00e7\u00e3o horizontal de 360\u00b0 para fotos imersivas. O rastreamento inteligente permite que voc\u00ea siga os assuntos livremente, e o trip\u00e9\/bast\u00e3o de selfie integrado adiciona mais flexibilidade.<\/span><\/li>\n<li class=\"a-spacing-mini\"><span class=\"a-list-item\">Conex\u00e3o direta do telefone para rastreamento [2] \u2013 Conecte instantaneamente seu telefone ao gimbal dobr\u00e1vel para configura\u00e7\u00e3o r\u00e1pida e rastreamento inteligente. Port\u00e1til e f\u00e1cil de usar para fotografar em movimento.<\/span><\/li>\n<li class=\"a-spacing-mini\"><span class=\"a-list-item\">Ader\u00eancia ultraconfort\u00e1vel com trip\u00e9 integrado para fotos de \u00e2ngulo baixo \u2013 Este gimbal \u00e9 ideal para capturar crian\u00e7as ou animais de estima\u00e7\u00e3o em a\u00e7\u00e3o, fotos criativas de skate ou novos \u00e2ngulos de vlogging com um bast\u00e3o de selfie, tudo sem tens\u00e3o no pulso.<\/span><\/li>\n<li class=\"a-spacing-mini\"><span class=\"a-list-item\">Haste de extens\u00e3o integrada [5] e trip\u00e9 \u2013 sem necessidade de equipamento extra! Capture selfies em grupo ou fotos de viagem amplas com este gimbal DJI Configure em qualquer lugar \u2014 de parques da cidade a festas familiares \u2014 para filmar com as m\u00e3os livres.<\/span><\/li>\n<li class=\"a-spacing-mini\"><span class=\"a-list-item\">Bateria de 10 horas [8] e carregamento do telefone \u2013 fotografe por horas em eventos ou em movimento com um gimbal de longa dura\u00e7\u00e3o. Carregue seu telefone enquanto filma \u2014 ideal para festivais, viagens e transmiss\u00e3o ao vivo.<\/span><\/li>\n<li class=\"a-spacing-mini\"><span class=\"a-list-item\">Estabiliza\u00e7\u00e3o robusta de suspens\u00e3o cardan de 3 eixos \u2013 Se voc\u00ea estiver buscando fotos de a\u00e7\u00e3o ou filmando vlogs di\u00e1rios, a estabiliza\u00e7\u00e3o avan\u00e7ada de 3 eixos deste gimbal garante filmagens suaves e profissionais.<\/span><\/li>\n<\/ul>\n<div class=\"a-row a-expander-container a-expander-inline-container\">\n<div class=\"a-expander-content a-expander-extend-content a-expander-content-expanded\" data-expanded=\"true\">\n<ul class=\"a-unordered-list a-vertical a-spacing-none\">\n<li class=\"a-spacing-mini\"><span class=\"a-list-item\">Tutoriais f\u00e1ceis e edi\u00e7\u00e3o com um toque \u2013 Novo nos gimbals de telefone? Comece rapidamente com tutoriais simples e edi\u00e7\u00e3o f\u00e1cil com um toque. Crie e compartilhe v\u00eddeos bonitos em minutos.<\/span><\/li>\n<li class=\"a-spacing-mini\"><span class=\"a-list-item\">Inclui o gimbal, m\u00f3dulo multifuncional, bra\u00e7adeira magn\u00e9tica para telefone, etc. Desfrute de rastreamento nativo com recursos integrados de \u00e1udio e ilumina\u00e7\u00e3o. \u00d3timo para grava\u00e7\u00e3o di\u00e1ria, vlog ou transmiss\u00e3o ao vivo.<\/span><\/li>\n<li class=\"a-spacing-mini\"><span class=\"a-list-item\">Devido a problemas de compatibilidade da plataforma, o aplicativo DJI Mimo foi removido do Google Play. Para uma melhor experi\u00eancia do produto, visite o site oficial da DJI para baixar a vers\u00e3o mais recente do DJI Mimo.<\/span><\/li>\n<\/ul>\n<\/div>\n<\/div>\n<\/div>\n<\/div>\n","protected":false},"excerpt":{"rendered":"<p>Marca DJI Dispositivos compat\u00edveis Camera Dimens\u00f5es do produto 28,7P x 10,7L x 9,7A cent\u00edmetros Peso do produto 370 Gramas Tamanho quando dobrado 8 inches (l) x 4 inches (w) x 3 inches (h) Sobre este item Rastreamento nativo com \u00e1udio [4] e ilumina\u00e7\u00e3o [1] \u2013 Aumente o n\u00edvel de suas fotos com um gimbal DJI<\/p>\n<div class=\"klb-readmore entry-button\"><a class=\"btn read-more\" href=\"https:\/\/mtechnologias.tech\/?product=osmo-mobile-8-estabilizador-gimbal-para-telefone-rastreamento-nativo-com-audio-e-iluminacao-rotacao-panoramica-de-360-haste-de-extensao-e-tripe-integrados-bateria-de-10h-haste-de-extensao\">Read More<\/a><\/div>\n","protected":false},"featured_media":19241,"comment_status":"open","ping_status":"closed","template":"","meta":{"_joinchat":[]},"product_cat":[256,170,223,482],"product_tag":[],"class_list":{"0":"post-19240","1":"product","2":"type-product","3":"status-publish","4":"has-post-thumbnail","6":"product_cat-accessories","7":"product_cat-acessorios-de-tvs-e-video","8":"product_cat-acessorios-para-jogadores-de-jogos","9":"product_cat-conectores-e-adaptadores","11":"first","12":"instock","13":"shipping-taxable","14":"purchasable","15":"product-type-simple"},"jetpack_sharing_enabled":true,"_links":{"self":[{"href":"https:\/\/mtechnologias.tech\/index.php?rest_route=\/wp\/v2\/product\/19240","targetHints":{"allow":["GET"]}}],"collection":[{"href":"https:\/\/mtechnologias.tech\/index.php?rest_route=\/wp\/v2\/product"}],"about":[{"href":"https:\/\/mtechnologias.tech\/index.php?rest_route=\/wp\/v2\/types\/product"}],"replies":[{"embeddable":true,"href":"https:\/\/mtechnologias.tech\/index.php?rest_route=%2Fwp%2Fv2%2Fcomments&post=19240"}],"wp:featuredmedia":[{"embeddable":true,"href":"https:\/\/mtechnologias.tech\/index.php?rest_route=\/wp\/v2\/media\/19241"}],"wp:attachment":[{"href":"https:\/\/mtechnologias.tech\/index.php?rest_route=%2Fwp%2Fv2%2Fmedia&parent=19240"}],"wp:term":[{"taxonomy":"product_cat","embeddable":true,"href":"https:\/\/mtechnologias.tech\/index.php?rest_route=%2Fwp%2Fv2%2Fproduct_cat&post=19240"},{"taxonomy":"product_tag","embeddable":true,"href":"https:\/\/mtechnologias.tech\/index.php?rest_route=%2Fwp%2Fv2%2Fproduct_tag&post=19240"}],"curies":[{"name":"wp","href":"https:\/\/api.w.org\/{rel}","templated":true}]}}