{"id":19131,"date":"2026-01-16T14:43:37","date_gmt":"2026-01-16T13:43:37","guid":{"rendered":"https:\/\/mtechnologias.tech\/?post_type=product&#038;p=19131"},"modified":"2026-01-16T14:43:37","modified_gmt":"2026-01-16T13:43:37","slug":"xiaomi-redmi-a3-4g-para-tmobile-tello-global-128gb-4gb-versao-global-rom-desbloqueada-de-fabrica-6-71-8mp-camera-dupla-rom-global-azul-estrela","status":"publish","type":"product","link":"https:\/\/mtechnologias.tech\/?product=xiaomi-redmi-a3-4g-para-tmobile-tello-global-128gb-4gb-versao-global-rom-desbloqueada-de-fabrica-6-71-8mp-camera-dupla-rom-global-azul-estrela","title":{"rendered":"Xiaomi Redmi A3 4G (para Tmobile Tello &#038; Global) 128Gb + 4Gb vers\u00e3o Global Rom desbloqueada de f\u00e1brica 6.71 8MP c\u00e2mera dupla (ROM global azul estrela)"},"content":{"rendered":"<table class=\"a-normal a-spacing-micro\" role=\"list\">\n<tbody>\n<tr class=\"a-spacing-small po-brand\" role=\"listitem\">\n<td class=\"a-span3\" role=\"presentation\"><span class=\"a-size-base a-text-bold\">Marca<\/span><\/td>\n<td class=\"a-span9\" role=\"presentation\"><span class=\"a-size-base po-break-word\">XIAOMI<\/span><\/td>\n<\/tr>\n<tr class=\"a-spacing-small po-operating_system\" role=\"listitem\">\n<td class=\"a-span3\" role=\"presentation\"><span class=\"a-size-base a-text-bold\">Sistema operacional<\/span><\/td>\n<td class=\"a-span9\" role=\"presentation\"><span class=\"a-size-base po-break-word\">Android<\/span><\/td>\n<\/tr>\n<tr class=\"a-spacing-small po-ram_memory.installed_size\" role=\"listitem\">\n<td class=\"a-span3\" role=\"presentation\"><span class=\"a-size-base a-text-bold\">Tamanho instalado da mem\u00f3ria RAM<\/span><\/td>\n<td class=\"a-span9\" role=\"presentation\"><span class=\"a-size-base po-break-word\">4 GB<\/span><\/td>\n<\/tr>\n<tr class=\"a-spacing-small po-cpu_model.family\" role=\"listitem\">\n<td class=\"a-span3\" role=\"presentation\"><span class=\"a-size-base a-text-bold\">Modelo da CPU<\/span><\/td>\n<td class=\"a-span9\" role=\"presentation\"><span class=\"a-size-base po-break-word\">Others<\/span><\/td>\n<\/tr>\n<tr class=\"a-spacing-small po-cpu_model.speed\" role=\"listitem\">\n<td class=\"a-span3\" role=\"presentation\"><span class=\"a-size-base a-text-bold\">Velocidade da CPU<\/span><\/td>\n<td class=\"a-span9\" role=\"presentation\"><span class=\"a-size-base po-break-word\">2,2 GHz<\/span><\/td>\n<\/tr>\n<tr class=\"a-spacing-small po-memory_storage_capacity\" role=\"listitem\">\n<td class=\"a-span3\" role=\"presentation\"><span class=\"a-size-base a-text-bold\">Capacidade de armazenamento da mem\u00f3ria<\/span><\/td>\n<td class=\"a-span9\" role=\"presentation\"><span class=\"a-size-base po-break-word\">128 GB<\/span><\/td>\n<\/tr>\n<tr class=\"a-spacing-small po-display.size\" role=\"listitem\">\n<td class=\"a-span3\" role=\"presentation\"><span class=\"a-size-base a-text-bold\">Tamanho da tela<\/span><\/td>\n<td class=\"a-span9\" role=\"presentation\"><span class=\"a-size-base po-break-word\">6,71 Polegadas<\/span><\/td>\n<\/tr>\n<tr class=\"a-spacing-small po-resolution\" role=\"listitem\">\n<td class=\"a-span3\" role=\"presentation\"><span class=\"a-size-base a-text-bold\">Resolu\u00e7\u00e3o<\/span><\/td>\n<td class=\"a-span9\" role=\"presentation\"><span class=\"a-size-base po-break-word\">1650 x 720<\/span><\/td>\n<\/tr>\n<tr class=\"a-spacing-small po-refresh_rate\" role=\"listitem\">\n<td class=\"a-span3\" role=\"presentation\"><span class=\"a-size-base a-text-bold\">Taxa de atualiza\u00e7\u00e3o<\/span><\/td>\n<td class=\"a-span9\" role=\"presentation\"><span class=\"a-size-base po-break-word\">90 hertz<\/span><\/td>\n<\/tr>\n<tr class=\"a-spacing-small po-model_name\" role=\"listitem\">\n<td class=\"a-span3\" role=\"presentation\"><span class=\"a-size-base a-text-bold\">Nome do modelo<\/span><\/td>\n<td class=\"a-span9\" role=\"presentation\"><span class=\"a-size-base po-break-word\">redmi a3<\/span><\/td>\n<\/tr>\n<\/tbody>\n<\/table>\n<h1 class=\"a-size-base-plus a-text-bold\">Sobre este item<\/h1>\n<ul class=\"a-unordered-list a-vertical a-spacing-mini\">\n<li class=\"a-spacing-mini\"><span class=\"a-list-item\">O MERCADO DOS EUA FUNCIONA APENAS EM TMOBILE MINT TELLO OU EM QUALQUER TELEFONE DE REDE TMOBILE PRECISA DE UM CART\u00c3O SIM J\u00c1 ATIVADO, FORA DOS EUA FUNCIONA QUALQUER CARREIRA GSM SIM GSM FCC ID: FCC ID: 2AFZZNCCL<\/span><\/li>\n<li class=\"a-spacing-mini\"><span class=\"a-list-item\">Dual SIM + microSD, suporta duas bandas de rede 4G: suporta 4G\/3G\/2G4G: LTE TDD: 38\/40\/414G: LTE FDD: 1\/3\/5\/7\/8\/20\/283G: WCDMA: 1\/5\/82G: GSM: 2\/3\/5\/8 Redes sem fio 2,4GHz\/5GHz Wi-FiBluetooth 5.4 Suporta R\u00e1dio FM (com entrada para fone de ouvido ) Suporta AAC \/ SBC<\/span><\/li>\n<li class=\"a-spacing-mini\"><span class=\"a-list-item\">Tela Dot Drop de 6,7 polegadas 1650 x 720, 268 ppi. Taxa de contraste: 1500: 1Profundidade da cor: 8 bits. Brilho: 500 nits. Taxa de atualiza\u00e7\u00e3o: at\u00e9 90 Hz**A taxa de atualiza\u00e7\u00e3o pode ser ajustada para at\u00e9 90 Hz para aplicativos suportados. Regula\u00e7\u00e3o CC. Propor\u00e7\u00e3o tela-corpo: 90% (AA\/CG)*Dados obtido da Xiaomi Laborat\u00f3rios internos. Os resultados reais podem variar. Suporta luz noturna<\/span><\/li>\n<li class=\"a-spacing-mini\"><span class=\"a-list-item\">filmCamera | Modo HDR | Modo retrato | Lapso de tempo\/lente principal amera4P de 8 MP\/Lente auxiliar 2.0 Lente auxiliar refere-se \u00e0 lente QVGA com uma matriz de pixels ativa de 248 x 328. Grava\u00e7\u00e3o de v\u00eddeo da c\u00e2mera traseira 1080P 1920&#215;1080 30fps720P 1280&#215;720 300 fps filmCamera | HD Modo R | Anel de luz suave Modo retrato | Lapso de tempo 5MP c\u00e2mera frontal\/2.2 Grava\u00e7\u00e3o de v\u00eddeo da c\u00e2mera frontal 1080P 1920&#215;1080 30fps720P 1280&#215;720 30fps<\/span><\/li>\n<li class=\"a-spacing-mini\"><span class=\"a-list-item\">Bateria de 5000 mAh (tipo) suporta carregamento de 10 W. O adaptador de energia \u00e9 vendido separadamente em determinadas regi\u00f5es. USB tipo C<\/span><\/li>\n<li class=\"a-spacing-mini\"><span class=\"a-list-item\">Sensor de impress\u00e3o digital lateral AI desbloqueio facial GPS | Glonass | Galileo | Sensor de proximidade virtual Beidou | Sensor de luz ambiente virtual | Aceler\u00f4metro | B\u00fassola eletr\u00f4nica<\/span><\/li>\n<li class=\"a-spacing-mini\"><span class=\"a-list-item\">Conector de fone de ouvido de 3,5 mm, Android 14, 2, principais atualiza\u00e7\u00f5es do Android, 3 anos de atualiza\u00e7\u00f5es de patch de seguran\u00e7a, adaptador | Cabo USB tipo C | Ferramenta de eje\u00e7\u00e3o SIM | Guia de in\u00edcio r\u00e1pido e cart\u00e3o de garantia | Informa\u00e7\u00f5es de seguran\u00e7a<\/span><\/li>\n<\/ul>\n","protected":false},"excerpt":{"rendered":"<p>Marca XIAOMI Sistema operacional Android Tamanho instalado da mem\u00f3ria RAM 4 GB Modelo da CPU Others Velocidade da CPU 2,2 GHz Capacidade de armazenamento da mem\u00f3ria 128 GB Tamanho da tela 6,71 Polegadas Resolu\u00e7\u00e3o 1650 x 720 Taxa de atualiza\u00e7\u00e3o 90 hertz Nome do modelo redmi a3 Sobre este item O MERCADO DOS EUA FUNCIONA<\/p>\n<div class=\"klb-readmore entry-button\"><a class=\"btn read-more\" href=\"https:\/\/mtechnologias.tech\/?product=xiaomi-redmi-a3-4g-para-tmobile-tello-global-128gb-4gb-versao-global-rom-desbloqueada-de-fabrica-6-71-8mp-camera-dupla-rom-global-azul-estrela\">Read More<\/a><\/div>\n","protected":false},"featured_media":19132,"comment_status":"open","ping_status":"closed","template":"","meta":{"_joinchat":[]},"product_cat":[602,191],"product_tag":[],"class_list":{"0":"post-19131","1":"product","2":"type-product","3":"status-publish","4":"has-post-thumbnail","6":"product_cat-smartphone","7":"product_cat-telemoveis","9":"first","10":"instock","11":"shipping-taxable","12":"purchasable","13":"product-type-simple"},"jetpack_sharing_enabled":true,"_links":{"self":[{"href":"https:\/\/mtechnologias.tech\/index.php?rest_route=\/wp\/v2\/product\/19131","targetHints":{"allow":["GET"]}}],"collection":[{"href":"https:\/\/mtechnologias.tech\/index.php?rest_route=\/wp\/v2\/product"}],"about":[{"href":"https:\/\/mtechnologias.tech\/index.php?rest_route=\/wp\/v2\/types\/product"}],"replies":[{"embeddable":true,"href":"https:\/\/mtechnologias.tech\/index.php?rest_route=%2Fwp%2Fv2%2Fcomments&post=19131"}],"wp:featuredmedia":[{"embeddable":true,"href":"https:\/\/mtechnologias.tech\/index.php?rest_route=\/wp\/v2\/media\/19132"}],"wp:attachment":[{"href":"https:\/\/mtechnologias.tech\/index.php?rest_route=%2Fwp%2Fv2%2Fmedia&parent=19131"}],"wp:term":[{"taxonomy":"product_cat","embeddable":true,"href":"https:\/\/mtechnologias.tech\/index.php?rest_route=%2Fwp%2Fv2%2Fproduct_cat&post=19131"},{"taxonomy":"product_tag","embeddable":true,"href":"https:\/\/mtechnologias.tech\/index.php?rest_route=%2Fwp%2Fv2%2Fproduct_tag&post=19131"}],"curies":[{"name":"wp","href":"https:\/\/api.w.org\/{rel}","templated":true}]}}