{"id":19124,"date":"2026-01-16T14:11:58","date_gmt":"2026-01-16T13:11:58","guid":{"rendered":"https:\/\/mtechnologias.tech\/?post_type=product&#038;p=19124"},"modified":"2026-01-16T14:11:58","modified_gmt":"2026-01-16T13:11:58","slug":"xiaomi-redmi-a3x-4g-lte-para-tmobile-mint-tello-global-64-gb-3-gb-global-rom-versao-desbloqueada-de-fabrica-67-polegadas-8mp-dual-sim-modelo-24044rn32l-verde-aurora","status":"publish","type":"product","link":"https:\/\/mtechnologias.tech\/?product=xiaomi-redmi-a3x-4g-lte-para-tmobile-mint-tello-global-64-gb-3-gb-global-rom-versao-desbloqueada-de-fabrica-67-polegadas-8mp-dual-sim-modelo-24044rn32l-verde-aurora","title":{"rendered":"XIAOMI Redmi A3X 4G LTE (para Tmobile Mint Tello &#038; Global) 64 GB + 3 GB Global ROM vers\u00e3o desbloqueada de f\u00e1brica 6,7 polegadas 8MP Dual Sim modelo 24044RN32L (verde aurora)"},"content":{"rendered":"<table class=\"a-normal a-spacing-micro\" role=\"list\">\n<tbody>\n<tr class=\"a-spacing-small po-brand\" role=\"listitem\">\n<td class=\"a-span3\" role=\"presentation\"><span class=\"a-size-base a-text-bold\">Marca<\/span><\/td>\n<td class=\"a-span9\" role=\"presentation\"><span class=\"a-size-base po-break-word\">XIAOMI<\/span><\/td>\n<\/tr>\n<tr class=\"a-spacing-small po-operating_system\" role=\"listitem\">\n<td class=\"a-span3\" role=\"presentation\"><span class=\"a-size-base a-text-bold\">Sistema operacional<\/span><\/td>\n<td class=\"a-span9\" role=\"presentation\"><span class=\"a-size-base po-break-word\">Android 14<\/span><\/td>\n<\/tr>\n<tr class=\"a-spacing-small po-ram_memory.installed_size\" role=\"listitem\">\n<td class=\"a-span3\" role=\"presentation\"><span class=\"a-size-base a-text-bold\">Tamanho instalado da mem\u00f3ria RAM<\/span><\/td>\n<td class=\"a-span9\" role=\"presentation\"><span class=\"a-size-base po-break-word\">3 GB<\/span><\/td>\n<\/tr>\n<tr class=\"a-spacing-small po-memory_storage_capacity\" role=\"listitem\">\n<td class=\"a-span3\" role=\"presentation\"><span class=\"a-size-base a-text-bold\">Capacidade de armazenamento da mem\u00f3ria<\/span><\/td>\n<td class=\"a-span9\" role=\"presentation\"><span class=\"a-size-base po-break-word\">64 GB<\/span><\/td>\n<\/tr>\n<tr class=\"a-spacing-small po-display.size\" role=\"listitem\">\n<td class=\"a-span3\" role=\"presentation\"><span class=\"a-size-base a-text-bold\">Tamanho da tela<\/span><\/td>\n<td class=\"a-span9\" role=\"presentation\"><span class=\"a-size-base po-break-word\">6,71 Polegadas<\/span><\/td>\n<\/tr>\n<tr class=\"a-spacing-small po-resolution\" role=\"listitem\">\n<td class=\"a-span3\" role=\"presentation\"><span class=\"a-size-base a-text-bold\">Resolu\u00e7\u00e3o<\/span><\/td>\n<td class=\"a-span9\" role=\"presentation\"><span class=\"a-size-base po-break-word\">1650 x 720<\/span><\/td>\n<\/tr>\n<tr class=\"a-spacing-small po-model_name\" role=\"listitem\">\n<td class=\"a-span3\" role=\"presentation\"><span class=\"a-size-base a-text-bold\">Nome do modelo<\/span><\/td>\n<td class=\"a-span9\" role=\"presentation\"><span class=\"a-size-base po-break-word\">redmi a3x<\/span><\/td>\n<\/tr>\n<tr class=\"a-spacing-small po-wireless_provider\" role=\"listitem\">\n<td class=\"a-span3\" role=\"presentation\"><span class=\"a-size-base a-text-bold\">Operadora de celulares e tecnologia sem fio<\/span><\/td>\n<td class=\"a-span9\" role=\"presentation\"><span class=\"a-size-base po-break-word\">Desbloqueado<\/span><\/td>\n<\/tr>\n<tr class=\"a-spacing-small po-cellular_technology\" role=\"listitem\">\n<td class=\"a-span3\" role=\"presentation\"><span class=\"a-size-base a-text-bold\">Tecnologia celular<\/span><\/td>\n<td class=\"a-span9\" role=\"presentation\"><span class=\"a-size-base po-break-word\">4G<\/span><\/td>\n<\/tr>\n<tr class=\"a-spacing-small po-connectivity_technology\" role=\"listitem\">\n<td class=\"a-span3\" role=\"presentation\"><span class=\"a-size-base a-text-bold\">Tecnologia de conectividade<\/span><\/td>\n<td class=\"a-span9\" role=\"presentation\"><span class=\"a-size-base po-break-word\">Wi-fi<\/span><\/td>\n<\/tr>\n<\/tbody>\n<\/table>\n<h1 class=\"a-size-base-plus a-text-bold\">Sobre este item<\/h1>\n<ul class=\"a-unordered-list a-vertical a-spacing-mini\">\n<li class=\"a-spacing-mini\"><span class=\"a-list-item\">O MERCADO DOS EUA FUNCIONA APENAS EM TMOBILE MINT TELLO OU EM QUALQUER TELEFONE DE REDE TMOBILE PRECISA DE UM CART\u00c3O SIM J\u00c1 ATIVADO, FORA DOS EUA FUNCIONA QUALQUER CARREIRA GSM SIM GSM FCC ID: FCC ID: 2AFZZN32L<\/span><\/li>\n<li class=\"a-spacing-mini\"><span class=\"a-list-item\">Dual SIM + microSD, suporta duas bandas de rede 4G: suporta 4G\/3G\/2G4G: LTE TDD: 38\/40\/414G: LTE FDD: 1\/3\/5\/7\/8\/20\/283G: WCDMA: 1\/5\/82G: GSM: 2\/3\/5\/8 Redes sem fio 2,4GHz\/5GHz Wi-FiBluetooth 5.4 Suporta R\u00e1dio FM (com entrada para fone de ouvido ) Suporta AAC \/ SBC<\/span><\/li>\n<li class=\"a-spacing-mini\"><span class=\"a-list-item\">Tela Dot Drop de 6,7 polegadas 1650 x 720, 268 ppi. Taxa de contraste: 1500: 1Profundidade da cor: 8 bits. Brilho: 500 nits. Taxa de atualiza\u00e7\u00e3o: at\u00e9 90 Hz**A taxa de atualiza\u00e7\u00e3o pode ser ajustada para at\u00e9 90 Hz para aplicativos suportados. Regula\u00e7\u00e3o CC. Propor\u00e7\u00e3o tela-corpo: 90% (AA\/CG)*Dados obtido da Xiaomi Laborat\u00f3rios internos. Os resultados reais podem variar. Suporta luz noturna<\/span><\/li>\n<li class=\"a-spacing-mini\"><span class=\"a-list-item\">filmCamera | Modo HDR | Modo retrato | C\u00e2mera principal de lapso de tempo 8 MP lente 4P f\/2.0 Lente auxiliar. Lente auxiliar refere-se \u00e0 lente QVGA com uma matriz de pixels ativa de 248 x 328. Grava\u00e7\u00e3o de v\u00eddeo da c\u00e2mera traseira 1080P 1920&#215;1080 30fps720P 1280&#215;720 30fps filmCamera | HDR Modo | Anel de luz suave Modo retrato | Time-lapse5MP c\u00e2mera frontal\/2.2 Grava\u00e7\u00e3o de v\u00eddeo da c\u00e2mera frontal 1080P 1920&#215;1080 30fps720P 1280&#215;720 30fps<\/span><\/li>\n<li class=\"a-spacing-mini\"><span class=\"a-list-item\">Bateria de 5000 mAh (tipo) suporta carregamento de 10 W. O adaptador de energia \u00e9 vendido separadamente em determinadas regi\u00f5es. Processador USB Tipo-C Unisoc T603, processo de 22 nm, CPU octa-core: at\u00e9 1,8 GHz<\/span><\/li>\n<li class=\"a-spacing-mini\"><span class=\"a-list-item\">Sensor de impress\u00e3o digital lateral AI desbloqueio facial GPS | Glonass | Galileo | Sensor de proximidade virtual Beidou | Sensor de luz ambiente virtual | Aceler\u00f4metro | B\u00fassola eletr\u00f4nica<\/span><\/li>\n<li class=\"a-spacing-mini\"><span class=\"a-list-item\">Conector de fone de ouvido de 3,5 mm, Android 14, 2, principais atualiza\u00e7\u00f5es do Android, 3 anos de atualiza\u00e7\u00f5es de patch de seguran\u00e7a, adaptador | Cabo USB tipo C | Ferramenta de eje\u00e7\u00e3o SIM | Guia de in\u00edcio r\u00e1pido e cart\u00e3o de garantia | Informa\u00e7\u00f5es de seguran\u00e7a<\/span><\/li>\n<\/ul>\n","protected":false},"excerpt":{"rendered":"<p>Marca XIAOMI Sistema operacional Android 14 Tamanho instalado da mem\u00f3ria RAM 3 GB Capacidade de armazenamento da mem\u00f3ria 64 GB Tamanho da tela 6,71 Polegadas Resolu\u00e7\u00e3o 1650 x 720 Nome do modelo redmi a3x Operadora de celulares e tecnologia sem fio Desbloqueado Tecnologia celular 4G Tecnologia de conectividade Wi-fi Sobre este item O MERCADO DOS<\/p>\n<div class=\"klb-readmore entry-button\"><a class=\"btn read-more\" href=\"https:\/\/mtechnologias.tech\/?product=xiaomi-redmi-a3x-4g-lte-para-tmobile-mint-tello-global-64-gb-3-gb-global-rom-versao-desbloqueada-de-fabrica-67-polegadas-8mp-dual-sim-modelo-24044rn32l-verde-aurora\">Read More<\/a><\/div>\n","protected":false},"featured_media":19125,"comment_status":"open","ping_status":"closed","template":"","meta":{"_joinchat":[]},"product_cat":[602,191],"product_tag":[],"class_list":{"0":"post-19124","1":"product","2":"type-product","3":"status-publish","4":"has-post-thumbnail","6":"product_cat-smartphone","7":"product_cat-telemoveis","9":"first","10":"instock","11":"shipping-taxable","12":"purchasable","13":"product-type-simple"},"jetpack_sharing_enabled":true,"_links":{"self":[{"href":"https:\/\/mtechnologias.tech\/index.php?rest_route=\/wp\/v2\/product\/19124","targetHints":{"allow":["GET"]}}],"collection":[{"href":"https:\/\/mtechnologias.tech\/index.php?rest_route=\/wp\/v2\/product"}],"about":[{"href":"https:\/\/mtechnologias.tech\/index.php?rest_route=\/wp\/v2\/types\/product"}],"replies":[{"embeddable":true,"href":"https:\/\/mtechnologias.tech\/index.php?rest_route=%2Fwp%2Fv2%2Fcomments&post=19124"}],"wp:featuredmedia":[{"embeddable":true,"href":"https:\/\/mtechnologias.tech\/index.php?rest_route=\/wp\/v2\/media\/19125"}],"wp:attachment":[{"href":"https:\/\/mtechnologias.tech\/index.php?rest_route=%2Fwp%2Fv2%2Fmedia&parent=19124"}],"wp:term":[{"taxonomy":"product_cat","embeddable":true,"href":"https:\/\/mtechnologias.tech\/index.php?rest_route=%2Fwp%2Fv2%2Fproduct_cat&post=19124"},{"taxonomy":"product_tag","embeddable":true,"href":"https:\/\/mtechnologias.tech\/index.php?rest_route=%2Fwp%2Fv2%2Fproduct_tag&post=19124"}],"curies":[{"name":"wp","href":"https:\/\/api.w.org\/{rel}","templated":true}]}}