{"id":19110,"date":"2026-01-16T13:22:20","date_gmt":"2026-01-16T12:22:20","guid":{"rendered":"https:\/\/mtechnologias.tech\/?post_type=product&#038;p=19110"},"modified":"2026-02-27T21:17:40","modified_gmt":"2026-02-27T20:17:40","slug":"xiaomi-monitor-a27i-de-27-polegadas-alta-taxa-de-atualizacao-de-100-hz-tela-rigida-ips-corpo-ultrafino-de-75-mm-resolucao-fhd-de-1080p-%c2%b1-2","status":"publish","type":"product","link":"https:\/\/mtechnologias.tech\/?product=xiaomi-monitor-a27i-de-27-polegadas-alta-taxa-de-atualizacao-de-100-hz-tela-rigida-ips-corpo-ultrafino-de-75-mm-resolucao-fhd-de-1080p-%c2%b1-2","title":{"rendered":"XIAOMI Monitor A27i de 27 polegadas, alta taxa de atualiza\u00e7\u00e3o de 100 Hz, tela r\u00edgida IPS, corpo ultrafino de 7,5 mm, resolu\u00e7\u00e3o FHD de 1080p, \u00b1 < 2..."},"content":{"rendered":"<div id=\"productOverview_feature_div\" class=\"celwidget\" data-feature-name=\"productOverview_nonPets\" data-csa-c-type=\"widget\" data-csa-c-content-id=\"productOverview_nonPets\" data-csa-c-slot-id=\"productOverview_feature_div\" data-csa-c-asin=\"B0DFXYMGVR\" data-csa-c-is-in-initial-active-row=\"false\" data-csa-c-id=\"zb22iy-3ant2v-ui681f-29lhwc\" data-cel-widget=\"productOverview_feature_div\">\n<div class=\"a-section a-spacing-small a-spacing-top-small\">\n<table class=\"a-normal a-spacing-micro\" role=\"list\">\n<tbody>\n<tr class=\"a-spacing-small po-brand\" role=\"listitem\">\n<td class=\"a-span3\" role=\"presentation\"><span class=\"a-size-base a-text-bold\">Marca<\/span><\/td>\n<td class=\"a-span9\" role=\"presentation\"><span class=\"a-size-base po-break-word\">XIAOMI<\/span><\/td>\n<\/tr>\n<tr class=\"a-spacing-small po-display.size\" role=\"listitem\">\n<td class=\"a-span3\" role=\"presentation\"><span class=\"a-size-base a-text-bold\">Tamanho da tela<\/span><\/td>\n<td class=\"a-span9\" role=\"presentation\"><span class=\"a-size-base po-break-word\">27 Polegadas<\/span><\/td>\n<\/tr>\n<tr class=\"a-spacing-small po-resolution\" role=\"listitem\">\n<td class=\"a-span3\" role=\"presentation\"><span class=\"a-size-base a-text-bold\">Resolu\u00e7\u00e3o<\/span><\/td>\n<td class=\"a-span9\" role=\"presentation\"><span class=\"a-size-base po-break-word\">FHD 1080p<\/span><\/td>\n<\/tr>\n<tr class=\"a-spacing-small po-aspect_ratio\" role=\"listitem\">\n<td class=\"a-span3\" role=\"presentation\"><span class=\"a-size-base a-text-bold\">Propor\u00e7\u00e3o de tela<\/span><\/td>\n<td class=\"a-span9\" role=\"presentation\"><span class=\"a-size-base po-break-word\">16:9<\/span><\/td>\n<\/tr>\n<tr class=\"a-spacing-small po-screen_surface_description\" role=\"listitem\">\n<td class=\"a-span3\" role=\"presentation\"><span class=\"a-size-base a-text-bold\">Descri\u00e7\u00e3o da superf\u00edcie da tela<\/span><\/td>\n<td class=\"a-span9\" role=\"presentation\"><span class=\"a-size-base po-break-word\">Brilhante<\/span><\/td>\n<\/tr>\n<\/tbody>\n<\/table>\n<\/div>\n<\/div>\n<div id=\"featurebullets_feature_div\" class=\"celwidget\" data-feature-name=\"featurebullets_nonPets\" data-csa-c-type=\"widget\" data-csa-c-content-id=\"featurebullets_nonPets\" data-csa-c-slot-id=\"featurebullets_feature_div\" data-csa-c-asin=\"B0DFXYMGVR\" data-csa-c-is-in-initial-active-row=\"false\" data-csa-c-id=\"i79znb-8inr1p-qkg5j7-r96v21\" data-cel-widget=\"featurebullets_feature_div\">\n<div id=\"feature-bullets\" class=\"a-section a-spacing-medium a-spacing-top-small\">\n<hr class=\"a-divider-normal\" aria-hidden=\"true\" \/>\n<h1 class=\"a-size-base-plus a-text-bold\">Sobre este item<\/h1>\n<ul class=\"a-unordered-list a-vertical a-spacing-mini\">\n<li class=\"a-spacing-mini\"><span class=\"a-list-item\">Resolu\u00e7\u00e3o FHD: Qualidade de imagem clara e natural. A tela r\u00edgida IPS com um \u00e2ngulo visual de 178\u00b0 e resolu\u00e7\u00e3o de 1920 \u00d7 1080 garante qualidade de imagem de alta defini\u00e7\u00e3o e uma experi\u00eancia de visualiza\u00e7\u00e3o v\u00edvida, esteja voc\u00ea visualizando tabelas e documentos ou assistindo a v\u00eddeos. Resolu\u00e7\u00e3o 1920 \u00d7 1080, amplo \u00e2ngulo de vis\u00e3o de 178\u00b0, contraste HDR10 mais rico e mais detalhes<\/span><\/li>\n<li class=\"a-spacing-mini\"><span class=\"a-list-item\">16,7 milh\u00f5es de cores para imagens vivas e naturais: 16,7 milh\u00f5es de cores, profundidade de cor de at\u00e9 8 bits* e uma gama de cores sRGB de 99%, criam imagens v\u00edvidas de alta qualidade e fotografias e v\u00eddeos mais naturais e brilhantes. Alta profundidade de cor de 8 bits, 99% de gama de cores sRGB<\/span><\/li>\n<li class=\"a-spacing-mini\"><span class=\"a-list-item\">\u0394E&lt;2* calibra\u00e7\u00e3o da tela: restaura com precis\u00e3o as cores verdadeiras. Cada monitor Xiaomi A27i foi rigorosamente inspecionado para calibra\u00e7\u00e3o de cor correta antes de sair da f\u00e1brica, reduzindo efetivamente os problemas de cor da tela. Uma exibi\u00e7\u00e3o profissional para aqueles com demandas profissionais!<\/span><\/li>\n<li class=\"a-spacing-mini\"><span class=\"a-list-item\">Alta taxa de atualiza\u00e7\u00e3o de 100 Hz: experi\u00eancia de trabalho ultra suave. Com uma taxa de atualiza\u00e7\u00e3o de at\u00e9 100 Hz, pode efetivamente reduzir o atraso e o congelamento ao navegar em p\u00e1ginas e tabelas da web, n\u00e3o apenas melhorando a efici\u00eancia de trabalho, mas tamb\u00e9m fornecendo uma melhor exibi\u00e7\u00e3o de imagem din\u00e2mica para entretenimento di\u00e1rio. Diga adeus aos fantasmas e ao atraso e desfrute mais do seu trabalho e entretenimento.<\/span><\/li>\n<li class=\"a-spacing-mini\"><span class=\"a-list-item\">Luz azul baixa e confort\u00e1vel: limpe e proteja seus olhos. Com a certifica\u00e7\u00e3o T\u00dcV Low Blue Light, o modo de luz azul baixa pode filtrar a luz azul de ondas curtas, garantindo conforto mesmo ap\u00f3s longas horas de trabalho. O escurecimento CC pode efetivamente reduzir a cintila\u00e7\u00e3o da tela para proteger ainda mais seus olhos.<\/span><\/li>\n<\/ul>\n<h2>Especifica\u00e7\u00f5es do produto<\/h2>\n<div class=\"a-row\">\n<div class=\"a-column a-span12 a-span-last\">\n<div class=\"a-row a-spacing-top-base\">\n<div class=\"a-column a-span6\">\n<div class=\"a-row a-spacing-base\">\n<div class=\"a-section table-padding\">\n<table id=\"productDetails_detailBullets_sections1\" class=\"a-keyvalue prodDetTable\">\n<tbody>\n<tr>\n<th class=\"a-color-secondary a-size-base prodDetSectionEntry\">Dimens\u00f5es do produto<\/th>\n<td class=\"a-size-base prodDetAttrValue\">16,94 x 61,34 x 52,65 cm<\/td>\n<\/tr>\n<tr>\n<th class=\"a-color-secondary a-size-base prodDetSectionEntry\">Peso do produto<\/th>\n<td class=\"a-size-base prodDetAttrValue\">4,08 Kilograms<\/td>\n<\/tr>\n<tr>\n<th class=\"a-color-secondary a-size-base prodDetSectionEntry\">Fabricante<\/th>\n<td class=\"a-size-base prodDetAttrValue\">Xiaomi<\/td>\n<\/tr>\n<tr>\n<th class=\"a-color-secondary a-size-base prodDetSectionEntry\">ASIN<\/th>\n<td class=\"a-size-base prodDetAttrValue\">B0DFXYMGVR<\/td>\n<\/tr>\n<tr>\n<th class=\"a-color-secondary a-size-base prodDetSectionEntry\">N\u00famero do modelo<\/th>\n<td class=\"a-size-base prodDetAttrValue\">P27FBA-RAGL<\/td>\n<\/tr>\n<tr>\n<th class=\"a-color-secondary a-size-base prodDetSectionEntry\">Avalia\u00e7\u00f5es de clientes<\/th>\n<td class=\"a-size-base\">\n<div id=\"averageCustomerReviews\" data-asin=\"B0DFXYMGVR\" data-ref=\"dpx_acr_pop_\"><span class=\"a-declarative\" data-action=\"acrStarsLink-click-metrics\" data-acrstarslink-click-metrics=\"{}\"><span id=\"acrPopover\" class=\"reviewCountTextLinkedHistogram noUnderline\" title=\"4,5 de 5 estrelas\"><a class=\"a-popover-trigger a-declarative mvt-cm-cr-review-stars-mini-popover\" role=\"button\"><span class=\"a-size-small a-color-base\" aria-hidden=\"true\">4,5\u00a0<\/span><i class=\"a-icon a-icon-star-mini a-star-mini-4-5 mvt-cm-cr-review-stars-mini\"><span class=\"a-icon-alt\">4,5 de 5 estrelas<\/span><\/i>\u00a0<i class=\"a-icon a-icon-popover\"><\/i><\/a>\u00a0<\/span><\/span>\u00a0<span class=\"a-declarative\" data-action=\"acrLink-click-metrics\" data-acrlink-click-metrics=\"{}\"><a id=\"acrCustomerReviewLink\" class=\"a-link-normal\" href=\"https:\/\/www.amazon.com\/Xiaomi-Ultra-Slim-Resolution-Calibration-Supported\/dp\/B0DFXYMGVR?th=1#averageCustomerReviewsAnchor\"><span id=\"acrCustomerReviewText\" class=\"a-size-small\" aria-label=\"322 An\u00e1lises\">(322)<\/span><\/a><\/span><\/div>\n<p>4,5 de 5 estrelas<\/td>\n<\/tr>\n<tr>\n<th class=\"a-color-secondary a-size-base prodDetSectionEntry\">Ranking dos mais vendidos<\/th>\n<td>\n<ul class=\"a-unordered-list a-nostyle a-vertical\">\n<li><span class=\"a-list-item\">N\u00ba 44.440 em Eletr\u00f4nicos (<a href=\"https:\/\/www.amazon.com\/-\/pt\/gp\/bestsellers\/electronics\/ref=pd_zg_ts_electronics\">Conhe\u00e7a o Top 100 na categoria Eletr\u00f4nicos<\/a>)<\/span><\/li>\n<li><span class=\"a-list-item\">N\u00ba 1.070 em\u00a0<a href=\"https:\/\/www.amazon.com\/-\/pt\/gp\/bestsellers\/electronics\/1292115011\/ref=pd_zg_hrsr_electronics\">Monitores de Computador<\/a><\/span><\/li>\n<\/ul>\n<\/td>\n<\/tr>\n<tr>\n<th class=\"a-color-secondary a-size-base prodDetSectionEntry\">Dispon\u00edvel para compra desde<\/th>\n<td class=\"a-size-base prodDetAttrValue\">setembro 3, 2024<\/td>\n<\/tr>\n<tr>\n<th class=\"a-color-secondary a-size-base prodDetSectionEntry\">Tamanho de tela vertical<\/th>\n<td class=\"a-size-base prodDetAttrValue\">27 Polegadas<\/td>\n<\/tr>\n<tr>\n<th class=\"a-color-secondary a-size-base prodDetSectionEntry\">Rela\u00e7\u00e3o de aspecto<\/th>\n<td class=\"a-size-base prodDetAttrValue\">16:9<\/td>\n<\/tr>\n<tr>\n<th class=\"a-color-secondary a-size-base prodDetSectionEntry\">Voltagem<\/th>\n<td class=\"a-size-base prodDetAttrValue\">12 Volts<\/td>\n<\/tr>\n<tr>\n<th class=\"a-color-secondary a-size-base prodDetSectionEntry\">Resolu\u00e7\u00e3o<\/th>\n<td class=\"a-size-base prodDetAttrValue\">1920 \u00d7 1080 Pixels<\/td>\n<\/tr>\n<tr>\n<th class=\"a-color-secondary a-size-base prodDetSectionEntry\">Brilho da imagem<\/th>\n<td class=\"a-size-base prodDetAttrValue\">250 nits<\/td>\n<\/tr>\n<\/tbody>\n<\/table>\n<\/div>\n<\/div>\n<\/div>\n<\/div>\n<\/div>\n<\/div>\n<\/div>\n<\/div>\n","protected":false},"excerpt":{"rendered":"<p>Marca XIAOMI Tamanho da tela 27 Polegadas Resolu\u00e7\u00e3o FHD 1080p Propor\u00e7\u00e3o de tela 16:9 Descri\u00e7\u00e3o da superf\u00edcie da tela Brilhante Sobre este item Resolu\u00e7\u00e3o FHD: Qualidade de imagem clara e natural. A tela r\u00edgida IPS com um \u00e2ngulo visual de 178\u00b0 e resolu\u00e7\u00e3o de 1920 \u00d7 1080 garante qualidade de imagem de alta defini\u00e7\u00e3o e<\/p>\n<div class=\"klb-readmore entry-button\"><a class=\"btn read-more\" href=\"https:\/\/mtechnologias.tech\/?product=xiaomi-monitor-a27i-de-27-polegadas-alta-taxa-de-atualizacao-de-100-hz-tela-rigida-ips-corpo-ultrafino-de-75-mm-resolucao-fhd-de-1080p-%c2%b1-2\">Read More<\/a><\/div>\n","protected":false},"featured_media":19111,"comment_status":"open","ping_status":"closed","template":"","meta":{"_joinchat":[]},"product_cat":[294,295],"product_tag":[],"class_list":{"0":"post-19110","1":"product","2":"type-product","3":"status-publish","4":"has-post-thumbnail","6":"product_cat-smart-tv","7":"product_cat-tv-accessories","9":"first","10":"instock","11":"shipping-taxable","12":"purchasable","13":"product-type-simple"},"jetpack_sharing_enabled":true,"_links":{"self":[{"href":"https:\/\/mtechnologias.tech\/index.php?rest_route=\/wp\/v2\/product\/19110","targetHints":{"allow":["GET"]}}],"collection":[{"href":"https:\/\/mtechnologias.tech\/index.php?rest_route=\/wp\/v2\/product"}],"about":[{"href":"https:\/\/mtechnologias.tech\/index.php?rest_route=\/wp\/v2\/types\/product"}],"replies":[{"embeddable":true,"href":"https:\/\/mtechnologias.tech\/index.php?rest_route=%2Fwp%2Fv2%2Fcomments&post=19110"}],"wp:featuredmedia":[{"embeddable":true,"href":"https:\/\/mtechnologias.tech\/index.php?rest_route=\/wp\/v2\/media\/19111"}],"wp:attachment":[{"href":"https:\/\/mtechnologias.tech\/index.php?rest_route=%2Fwp%2Fv2%2Fmedia&parent=19110"}],"wp:term":[{"taxonomy":"product_cat","embeddable":true,"href":"https:\/\/mtechnologias.tech\/index.php?rest_route=%2Fwp%2Fv2%2Fproduct_cat&post=19110"},{"taxonomy":"product_tag","embeddable":true,"href":"https:\/\/mtechnologias.tech\/index.php?rest_route=%2Fwp%2Fv2%2Fproduct_tag&post=19110"}],"curies":[{"name":"wp","href":"https:\/\/api.w.org\/{rel}","templated":true}]}}