{"id":18944,"date":"2025-12-01T09:54:05","date_gmt":"2025-12-01T08:54:05","guid":{"rendered":"https:\/\/mtechnologias.tech\/?post_type=product&#038;p=18944"},"modified":"2025-12-01T09:54:05","modified_gmt":"2025-12-01T08:54:05","slug":"smart-tv-led-85-samsung-crystal-4k-hdr-un85au8000gxzd","status":"publish","type":"product","link":"https:\/\/mtechnologias.tech\/?product=smart-tv-led-85-samsung-crystal-4k-hdr-un85au8000gxzd","title":{"rendered":"Smart TV LED 85&#8243; Samsung Crystal 4K HDR UN85AU8000GXZD"},"content":{"rendered":"<p>A TV da marca Samsung traz o Tizen no modelo Smart TV LED 85&#8243; Samsung Crystal 4K HDR UN85AU8000GXZD. Com 85.0&#8243;, essa \u00e9 uma TV 4K com tela LED. Os 60Hz de frequ\u00eancia nativa desta TV s\u00e3o respons\u00e1veis pela fluidez do v\u00eddeo. O som deste aparelho tem a pot\u00eancia de 20W. A Samsung UN85AU8000GXZD conta com as entradas HDMI, LAN (Rede), USB e tamb\u00e9m tem Bluetooth, Espelhamento de Tela, Tecnologia DLNA, Wi-Fi integrado.<\/p>\n<div>\n<p class=\"Text_Text__ARJdp Text_MobileParagraphS__mbPGc Text_DesktopParagraphSAtLarge___lBxd Summary_Summary__19_qM\" data-testid=\"expert-section-report-summary\">A Samsung AU8000 85&#8243; \u00e9 uma smart TV com as principais tecnologias do mercado, alta qualidade de som e imagem que fazem qualquer ambiente parecer uma sala de cinema.<\/p>\n<\/div>\n<div class=\"ProsAndConsList_ProsAndConsList__jWhv2\">\n<div class=\"Box_Box__AZ_Ie Box_Positive__t5AW0\" data-testid=\"expert-section-report-list-pros\">\n<div class=\"Box_Header__4QuM_\">\n<h3 class=\"Text_Text__ARJdp Text_MobileHeadingXs__Gvbn0 Text_DesktopHeadingXsAtLarge__hQU2h Box_Title__ac9pm\">Pr\u00f3s<\/h3>\n<\/div>\n<ul class=\"List_List__odw5L\">\n<li class=\"List_ListItem__1_QNq\"><span class=\"Text_Text__ARJdp Text_DesktopLabelS__xGyfs\">Resolu\u00e7\u00e3o 4K<\/span><\/li>\n<li class=\"List_ListItem__1_QNq\"><span class=\"Text_Text__ARJdp Text_DesktopLabelS__xGyfs\">Comando por voz<\/span><\/li>\n<li class=\"List_ListItem__1_QNq\"><span class=\"Text_Text__ARJdp Text_DesktopLabelS__xGyfs\">Compatibilidade com os principais aplicativos<\/span><\/li>\n<li class=\"List_ListItem__1_QNq\"><span class=\"Text_Text__ARJdp Text_DesktopLabelS__xGyfs\">Design slim<\/span><\/li>\n<li class=\"List_ListItem__1_QNq\"><span class=\"Text_Text__ARJdp Text_DesktopLabelS__xGyfs\">Sistema operacional com funcionamento r\u00e1pido e intuitivo<\/span><\/li>\n<\/ul>\n<\/div>\n<div class=\"Box_Box__AZ_Ie Box_Negative__wBBJG\" data-testid=\"expert-section-report-list-cons\">\n<div class=\"Box_Header__4QuM_\">\n<h3 class=\"Text_Text__ARJdp Text_MobileHeadingXs__Gvbn0 Text_DesktopHeadingXsAtLarge__hQU2h Box_Title__ac9pm\">Contras<\/h3>\n<\/div>\n<ul class=\"List_List__odw5L\">\n<li class=\"List_ListItem__1_QNq\"><span class=\"Text_Text__ARJdp Text_DesktopLabelS__xGyfs\">Pre\u00e7o acima da m\u00e9dia<\/span><\/li>\n<li class=\"List_ListItem__1_QNq\"><span class=\"Text_Text__ARJdp Text_DesktopLabelS__xGyfs\">N\u00e3o tem recursos gamers<\/span><\/li>\n<\/ul>\n<\/div>\n<\/div>\n<div class=\"Subtitle_Subtitle__7r2lK\" data-testid=\"expert-section-report-subtitle\">\n<h3 class=\"Text_Text__ARJdp Text_MobileHeadingXs__Gvbn0 Text_DesktopHeadingXsAtLarge__hQU2h\">Nosso especialista destaca<\/h3>\n<p class=\"Text_Text__ARJdp Text_MobileParagraphS__mbPGc Text_DesktopParagraphSAtLarge___lBxd Subtitle_Content__emOpb\">A Samsung AU8000 85&#8243; tem design moderno, conta com Wi-Fi integrado e os principais aplicativos de streamings do mercado j\u00e1 instalados.<\/p>\n<\/div>\n<div class=\"Review_Review___7L4d\" data-testid=\"expert-section-report-review\">\n<h3 class=\"Text_Text__ARJdp Text_DesktopHeadingXs__12cGU Review_Title__PrYO6\">Review do produto<\/h3>\n<ul class=\"Review_List__RWBGk\">\n<li class=\"Review_ListItem__rZlvO\"><strong class=\"Text_Text__ARJdp Text_MobileTagS__fdZD9 Text_DesktopTagSAtLarge__Wmceu Review_Subject__SJ1_D\">Qual \u00e9 a resolu\u00e7\u00e3o da TV Samsung AU8000?<\/strong>\n<p class=\"Text_Text__ARJdp Text_MobileLabelS__xqcHd Text_DesktopLabelSAtLarge__wWsED Review_Description__YhGV4\">A TV Samsung AU8000 conta com resolu\u00e7\u00e3o 4K em todas as suas vers\u00f5es dispon\u00edveis no mercado. Possui tamb\u00e9m a tecnologia Dynamic Crystal Color que exibe imagens com ultra resolu\u00e7\u00e3o e cores mais n\u00edtidas. Mesmo sendo considerada um modelo de entrada, a smart TV Samsung apresenta algumas caracter\u00edsticas encontradas em aparelhos mais premium como, por exemplo, seu design slim de 2,5cm de espessura e suas bordas infinitas.<\/p>\n<\/li>\n<li class=\"Review_ListItem__rZlvO\"><strong class=\"Text_Text__ARJdp Text_MobileTagS__fdZD9 Text_DesktopTagSAtLarge__Wmceu Review_Subject__SJ1_D\">Qual o sistema operacional dessa TV Samsung 85 polegadas?<\/strong>\n<p class=\"Text_Text__ARJdp Text_MobileLabelS__xqcHd Text_DesktopLabelSAtLarge__wWsED Review_Description__YhGV4\">O sistema operacional da Samsung AU8000 \u00e9 o Tizen, que foi desenvolvido pela pr\u00f3pria empresa. O Tizen \u00e9 considerado um dos melhores no mercado com rela\u00e7\u00e3o \u00e0 qualidade da imagem e sua interface super intuitiva e f\u00e1cil de navegar. Al\u00e9m disso, com esse sistema \u00e9 poss\u00edvel integrar a TV Samsung 85\u201d com outros aparelhos da marca de forma r\u00e1pida e pr\u00e1tica.<\/p>\n<p class=\"Text_Text__ARJdp Text_MobileLabelS__xqcHd Text_DesktopLabelSAtLarge__wWsED Review_Description__YhGV4\">Vale destacar tamb\u00e9m suas tr\u00eas entradas HDMI na vers\u00e3o 2.0 e sua frequ\u00eancia nativa de 60Hz, ideal para a maioria das pessoas que curtem assistir s\u00e9ries e filmes com qualidade de som e imagem. Para aqueles que utilizam consoles, talvez essa n\u00e3o seja a melhor op\u00e7\u00e3o j\u00e1 que a smart TV Samsung n\u00e3o aproveita o m\u00e1ximo de frequ\u00eancia dispon\u00edvel nos jogos que \u00e9 de cerca de 120Hz. Sendo apenas poss\u00edvel em aparelhos com entradas HDMI 2.1.<\/p>\n<\/li>\n<li class=\"Review_ListItem__rZlvO\"><strong class=\"Text_Text__ARJdp Text_MobileTagS__fdZD9 Text_DesktopTagSAtLarge__Wmceu Review_Subject__SJ1_D\">Em quais tamanhos a Samsung AU8000 est\u00e1 dispon\u00edvel?<\/strong>\n<p class=\"Text_Text__ARJdp Text_MobileLabelS__xqcHd Text_DesktopLabelSAtLarge__wWsED Review_Description__YhGV4\">Al\u00e9m da vers\u00e3o de 85 polegadas, vale destacar que a Samsung AU8000 tamb\u00e9m est\u00e1 dispon\u00edvel em 50, 55, 65, 70 e 75 polegadas. Al\u00e9m disso, todas as smart TV Samsung possuem as principais op\u00e7\u00f5es de aplicativos instalados ou dispon\u00edveis para baixar, principalmente de streamings como Amazon Prime Video, Globoplay, Disney+, Netflix e YouTube.<\/p>\n<\/li>\n<li class=\"Review_ListItem__rZlvO\"><strong class=\"Text_Text__ARJdp Text_MobileTagS__fdZD9 Text_DesktopTagSAtLarge__Wmceu Review_Subject__SJ1_D\">A Samsung AU8000 tem mais algum recurso extra?<\/strong>\n<p class=\"Text_Text__ARJdp Text_MobileLabelS__xqcHd Text_DesktopLabelSAtLarge__wWsED Review_Description__YhGV4\">Essa TV conta com as principais funcionalidades do mercado como, por exemplo, controle com comando de voz, possibilidade de gravar sua programa\u00e7\u00e3o favorita e acesso \u00e0 internet. Al\u00e9m disso, ao adquirir a TV Samsung 85\u201d voc\u00ea ter\u00e1 acesso ao Samsung TV Plus, que \u00e9 um aplicativo com diversos canais de TV gratuitos. Por fim, vale ressaltar tamb\u00e9m que todas as vers\u00f5es desta smart TV s\u00e3o compat\u00edveis com as assistentes de voz Alexa e Google Assistente.<\/p>\n<\/li>\n<li class=\"Review_ListItem__rZlvO\"><strong class=\"Text_Text__ARJdp Text_MobileTagS__fdZD9 Text_DesktopTagSAtLarge__Wmceu Review_Subject__SJ1_D\">Para quem essa TV Samsung \u00e9 indicada?<\/strong>\n<p class=\"Text_Text__ARJdp Text_MobileLabelS__xqcHd Text_DesktopLabelSAtLarge__wWsED Review_Description__YhGV4\">A Samsung AU8000 \u00e9 super indicada para quem deseja ter uma TV com bom custo-benef\u00edcio aliado \u00e0 beleza de um design elegante, mesmo sendo considerado um modelo de entrada. Essa TV Samsung 85 polegadas possui recursos e fun\u00e7\u00f5es vistos at\u00e9 em aparelhos mais caros que trazem praticidade para o dia a dia.<\/p>\n<\/li>\n<\/ul>\n<\/div>\n","protected":false},"excerpt":{"rendered":"<p>A TV da marca Samsung traz o Tizen no modelo Smart TV LED 85&#8243; Samsung Crystal 4K HDR UN85AU8000GXZD. Com 85.0&#8243;, essa \u00e9 uma TV 4K com tela LED. Os 60Hz de frequ\u00eancia nativa desta TV s\u00e3o respons\u00e1veis pela fluidez do v\u00eddeo. O som deste aparelho tem a pot\u00eancia de 20W. A Samsung UN85AU8000GXZD conta<\/p>\n<div class=\"klb-readmore entry-button\"><a class=\"btn read-more\" href=\"https:\/\/mtechnologias.tech\/?product=smart-tv-led-85-samsung-crystal-4k-hdr-un85au8000gxzd\">Read More<\/a><\/div>\n","protected":false},"featured_media":18945,"comment_status":"open","ping_status":"closed","template":"","meta":{"_joinchat":[]},"product_cat":[294],"product_tag":[],"class_list":{"0":"post-18944","1":"product","2":"type-product","3":"status-publish","4":"has-post-thumbnail","6":"product_cat-smart-tv","8":"first","9":"instock","10":"shipping-taxable","11":"purchasable","12":"product-type-simple"},"jetpack_sharing_enabled":true,"_links":{"self":[{"href":"https:\/\/mtechnologias.tech\/index.php?rest_route=\/wp\/v2\/product\/18944","targetHints":{"allow":["GET"]}}],"collection":[{"href":"https:\/\/mtechnologias.tech\/index.php?rest_route=\/wp\/v2\/product"}],"about":[{"href":"https:\/\/mtechnologias.tech\/index.php?rest_route=\/wp\/v2\/types\/product"}],"replies":[{"embeddable":true,"href":"https:\/\/mtechnologias.tech\/index.php?rest_route=%2Fwp%2Fv2%2Fcomments&post=18944"}],"wp:featuredmedia":[{"embeddable":true,"href":"https:\/\/mtechnologias.tech\/index.php?rest_route=\/wp\/v2\/media\/18945"}],"wp:attachment":[{"href":"https:\/\/mtechnologias.tech\/index.php?rest_route=%2Fwp%2Fv2%2Fmedia&parent=18944"}],"wp:term":[{"taxonomy":"product_cat","embeddable":true,"href":"https:\/\/mtechnologias.tech\/index.php?rest_route=%2Fwp%2Fv2%2Fproduct_cat&post=18944"},{"taxonomy":"product_tag","embeddable":true,"href":"https:\/\/mtechnologias.tech\/index.php?rest_route=%2Fwp%2Fv2%2Fproduct_tag&post=18944"}],"curies":[{"name":"wp","href":"https:\/\/api.w.org\/{rel}","templated":true}]}}