{"id":18903,"date":"2025-11-14T13:57:02","date_gmt":"2025-11-14T12:57:02","guid":{"rendered":"https:\/\/mtechnologias.tech\/?post_type=product&#038;p=18903"},"modified":"2025-12-04T08:00:01","modified_gmt":"2025-12-04T07:00:01","slug":"lenovo-laptop-thinkpad-x1-carbon-35-6-cm-full-hd-1920-x-1080-intel-i5-8350u-8-gb-de-ram-ssd-de-256-gb-win10-pro-preto","status":"publish","type":"product","link":"https:\/\/mtechnologias.tech\/?product=lenovo-laptop-thinkpad-x1-carbon-35-6-cm-full-hd-1920-x-1080-intel-i5-8350u-8-gb-de-ram-ssd-de-256-gb-win10-pro-preto","title":{"rendered":"Lenovo Laptop ThinkPad X1 Carbon 35.6 cm Full HD (1920 x 1080) Intel i5-8350U, 8 GB de RAM, SSD de 256 GB, Win10 Pro, preto"},"content":{"rendered":"<div>\n<p>Ultrabookcultrathin empresarial mais leve do mundo. Ultraleve. Ultra resistente. Para o ultrabook m\u00e9dio, esses atributos podem parecer uma contradi\u00e7\u00e3o. Mas o novo carbono x1 est\u00e1 muito acima da m\u00e9dia. Possui um chassi refor\u00e7ado com fibra de carbono e passa nos testes de durabilidade em ambientes extremos. Al\u00e9m disso, oferece mais de uma vida \u00fatil da bateria durante todo o dia, inclui desempenho de armazenamento mais r\u00e1pido e mais poderoso e tem op\u00e7\u00f5es inovadoras de encaixe dispon\u00edveis, incluindo sem fio. Conte\u00fado da embalagem: thinkpad x1 Carbon 8\u00aa gera\u00e7\u00e3o 20KH002WUS Ultra Book<\/p>\n<table id=\"productDetails_techSpec_section_1\" class=\"a-keyvalue prodDetTable\">\n<tbody>\n<tr>\n<th class=\"a-color-secondary a-size-base prodDetSectionEntry\">Tamanho de tela vertical<\/th>\n<td class=\"a-size-base prodDetAttrValue\">\u200e14 Polegadas<\/td>\n<\/tr>\n<tr>\n<th class=\"a-color-secondary a-size-base prodDetSectionEntry\">Resolu\u00e7\u00e3o da tela<\/th>\n<td class=\"a-size-base prodDetAttrValue\">\u200e1920 x 1080 pixels<\/td>\n<\/tr>\n<tr>\n<th class=\"a-color-secondary a-size-base prodDetSectionEntry\">M\u00e1ximo de resolu\u00e7\u00e3o da tela<\/th>\n<td class=\"a-size-base prodDetAttrValue\">\u200e1920&#215;1080<\/td>\n<\/tr>\n<tr>\n<th class=\"a-color-secondary a-size-base prodDetSectionEntry\">Processador<\/th>\n<td class=\"a-size-base prodDetAttrValue\">\u200e1.7 GHz core_i5_8350u<\/td>\n<\/tr>\n<tr>\n<th class=\"a-color-secondary a-size-base prodDetSectionEntry\">RAM<\/th>\n<td class=\"a-size-base prodDetAttrValue\">\u200e4 GB LPDDR3<\/td>\n<\/tr>\n<tr>\n<th class=\"a-color-secondary a-size-base prodDetSectionEntry\">Velocidade da mem\u00f3ria<\/th>\n<td class=\"a-size-base prodDetAttrValue\">\u200e2133 MHz<\/td>\n<\/tr>\n<tr>\n<th class=\"a-color-secondary a-size-base prodDetSectionEntry\">Disco r\u00edgido<\/th>\n<td class=\"a-size-base prodDetAttrValue\">\u200e256 GB SSD<\/td>\n<\/tr>\n<tr>\n<th class=\"a-color-secondary a-size-base prodDetSectionEntry\">Modelo de placa de v\u00eddeo<\/th>\n<td class=\"a-size-base prodDetAttrValue\">\u200eIntel UHD Graphics 620<\/td>\n<\/tr>\n<tr>\n<th class=\"a-color-secondary a-size-base prodDetSectionEntry\">Marca do chipset<\/th>\n<td class=\"a-size-base prodDetAttrValue\">\u200eIntel<\/td>\n<\/tr>\n<tr>\n<th class=\"a-color-secondary a-size-base prodDetSectionEntry\">Descri\u00e7\u00e3o do cart\u00e3o<\/th>\n<td class=\"a-size-base prodDetAttrValue\">\u200eIntegrado<\/td>\n<\/tr>\n<tr>\n<th class=\"a-color-secondary a-size-base prodDetSectionEntry\">Padr\u00e3o de conex\u00e3o sem fio<\/th>\n<td class=\"a-size-base prodDetAttrValue\">\u200e802.11g<\/td>\n<\/tr>\n<tr>\n<th class=\"a-color-secondary a-size-base prodDetSectionEntry\">M\u00e9dia de dura\u00e7\u00e3o da bateria (em horas)<\/th>\n<td class=\"a-size-base prodDetAttrValue\">\u200e6 Horas<\/td>\n<\/tr>\n<\/tbody>\n<\/table>\n<\/div>\n<div class=\"a-row\"><span class=\"a-declarative\" data-action=\"mySummaryExpander_2\" data-mysummaryexpander_2=\"{}\"><a class=\"a-expander-header a-declarative a-expander-inline-header prodDet-heading-alignment a-link-expander\" role=\"button\" aria-expanded=\"true\" data-action=\"a-expander-toggle\" data-a-expander-toggle=\"{&quot;allowLinkDefault&quot;:true, &quot;expand_prompt&quot;:&quot;&quot;, &quot;collapse_prompt&quot;:&quot;&quot;}\"><span class=\"a-expander-prompt\">Outros detalhes t\u00e9cnicos<\/span><\/a><\/span><\/div>\n<div class=\"a-expander-content a-expander-section-content a-section-expander-inner\" data-expanded=\"true\">\n<table id=\"productDetails_techSpec_section_2\" class=\"a-keyvalue prodDetTable\">\n<tbody>\n<tr>\n<th class=\"a-color-secondary a-size-base prodDetSectionEntry\">Marca<\/th>\n<td class=\"a-size-base prodDetAttrValue\">\u200eLenovo<\/td>\n<\/tr>\n<tr>\n<th class=\"a-color-secondary a-size-base prodDetSectionEntry\">S\u00e9rie<\/th>\n<td class=\"a-size-base prodDetAttrValue\">\u200eThinkPad X1 Carbon 6\u00aa gera\u00e7\u00e3o 20KH002WUS Ultrabook<\/td>\n<\/tr>\n<tr>\n<th class=\"a-color-secondary a-size-base prodDetSectionEntry\">N\u00famero do modelo<\/th>\n<td class=\"a-size-base prodDetAttrValue\">\u200e20KH002WUS<\/td>\n<\/tr>\n<tr>\n<th class=\"a-color-secondary a-size-base prodDetSectionEntry\">Plataforma de hardware<\/th>\n<td class=\"a-size-base prodDetAttrValue\">\u200ePC<\/td>\n<\/tr>\n<tr>\n<th class=\"a-color-secondary a-size-base prodDetSectionEntry\">Sistema operacional<\/th>\n<td class=\"a-size-base prodDetAttrValue\">\u200eWindows 10 Pro<\/td>\n<\/tr>\n<tr>\n<th class=\"a-color-secondary a-size-base prodDetSectionEntry\">Peso do produto<\/th>\n<td class=\"a-size-base prodDetAttrValue\">\u200e1,13 Kilograms<\/td>\n<\/tr>\n<tr>\n<th class=\"a-color-secondary a-size-base prodDetSectionEntry\">Dimens\u00f5es do produto<\/th>\n<td class=\"a-size-base prodDetAttrValue\">\u200e32,35 x 21,71 x 1,59 cm<\/td>\n<\/tr>\n<tr>\n<th class=\"a-color-secondary a-size-base prodDetSectionEntry\">Dimens\u00f5es de item de comprimento x largura x altura<\/th>\n<td class=\"a-size-base prodDetAttrValue\">\u200e32.3 x 21.7 x 1.6 cent\u00edmetros<\/td>\n<\/tr>\n<tr>\n<th class=\"a-color-secondary a-size-base prodDetSectionEntry\">Cor<\/th>\n<td class=\"a-size-base prodDetAttrValue\">\u200epreto<\/td>\n<\/tr>\n<tr>\n<th class=\"a-color-secondary a-size-base prodDetSectionEntry\">Marca do processador<\/th>\n<td class=\"a-size-base prodDetAttrValue\">\u200eIntel<\/td>\n<\/tr>\n<tr>\n<th class=\"a-color-secondary a-size-base prodDetSectionEntry\">N\u00famero de processadores<\/th>\n<td class=\"a-size-base prodDetAttrValue\">\u200e4<\/td>\n<\/tr>\n<tr>\n<th class=\"a-color-secondary a-size-base prodDetSectionEntry\">Tipo de Mem\u00f3ria<\/th>\n<td class=\"a-size-base prodDetAttrValue\">\u200eUnknown<\/td>\n<\/tr>\n<tr>\n<th class=\"a-color-secondary a-size-base prodDetSectionEntry\">Tamanho da mem\u00f3ria flash<\/th>\n<td class=\"a-size-base prodDetAttrValue\">\u200e256<\/td>\n<\/tr>\n<tr>\n<th class=\"a-color-secondary a-size-base prodDetSectionEntry\">Interface do HD<\/th>\n<td class=\"a-size-base prodDetAttrValue\">\u200eeSATA<\/td>\n<\/tr>\n<tr>\n<th class=\"a-color-secondary a-size-base prodDetSectionEntry\">Velocidade de rota\u00e7\u00e3o do disco r\u00edgido<\/th>\n<td class=\"a-size-base prodDetAttrValue\">\u200e2<\/td>\n<\/tr>\n<tr>\n<th class=\"a-color-secondary a-size-base prodDetSectionEntry\">Fonte de alimenta\u00e7\u00e3o<\/th>\n<td class=\"a-size-base prodDetAttrValue\">\u200eBateria<\/td>\n<\/tr>\n<tr>\n<th class=\"a-color-secondary a-size-base prodDetSectionEntry\">Voltagem<\/th>\n<td class=\"a-size-base prodDetAttrValue\">\u200e120 Volts<\/td>\n<\/tr>\n<tr>\n<th class=\"a-color-secondary a-size-base prodDetSectionEntry\">Pilha(s) ou bateria(s):<\/th>\n<td class=\"a-size-base prodDetAttrValue\">\u200e100 \u00cdon de l\u00edtio baterias necess\u00e1rias. (inclusas)<\/td>\n<\/tr>\n<\/tbody>\n<\/table>\n<\/div>\n","protected":false},"excerpt":{"rendered":"<p>Ultrabookcultrathin empresarial mais leve do mundo. Ultraleve. Ultra resistente. Para o ultrabook m\u00e9dio, esses atributos podem parecer uma contradi\u00e7\u00e3o. Mas o novo carbono x1 est\u00e1 muito acima da m\u00e9dia. Possui um chassi refor\u00e7ado com fibra de carbono e passa nos testes de durabilidade em ambientes extremos. Al\u00e9m disso, oferece mais de uma vida \u00fatil da<\/p>\n<div class=\"klb-readmore entry-button\"><a class=\"btn read-more\" href=\"https:\/\/mtechnologias.tech\/?product=lenovo-laptop-thinkpad-x1-carbon-35-6-cm-full-hd-1920-x-1080-intel-i5-8350u-8-gb-de-ram-ssd-de-256-gb-win10-pro-preto\">Read More<\/a><\/div>\n","protected":false},"featured_media":18904,"comment_status":"open","ping_status":"closed","template":"","meta":{"_joinchat":[]},"product_cat":[157,250],"product_tag":[],"class_list":{"0":"post-18903","1":"product","2":"type-product","3":"status-publish","4":"has-post-thumbnail","6":"product_cat-computadores-laptop","7":"product_cat-lenovo","9":"first","10":"instock","11":"shipping-taxable","12":"purchasable","13":"product-type-simple"},"jetpack_sharing_enabled":true,"_links":{"self":[{"href":"https:\/\/mtechnologias.tech\/index.php?rest_route=\/wp\/v2\/product\/18903","targetHints":{"allow":["GET"]}}],"collection":[{"href":"https:\/\/mtechnologias.tech\/index.php?rest_route=\/wp\/v2\/product"}],"about":[{"href":"https:\/\/mtechnologias.tech\/index.php?rest_route=\/wp\/v2\/types\/product"}],"replies":[{"embeddable":true,"href":"https:\/\/mtechnologias.tech\/index.php?rest_route=%2Fwp%2Fv2%2Fcomments&post=18903"}],"wp:featuredmedia":[{"embeddable":true,"href":"https:\/\/mtechnologias.tech\/index.php?rest_route=\/wp\/v2\/media\/18904"}],"wp:attachment":[{"href":"https:\/\/mtechnologias.tech\/index.php?rest_route=%2Fwp%2Fv2%2Fmedia&parent=18903"}],"wp:term":[{"taxonomy":"product_cat","embeddable":true,"href":"https:\/\/mtechnologias.tech\/index.php?rest_route=%2Fwp%2Fv2%2Fproduct_cat&post=18903"},{"taxonomy":"product_tag","embeddable":true,"href":"https:\/\/mtechnologias.tech\/index.php?rest_route=%2Fwp%2Fv2%2Fproduct_tag&post=18903"}],"curies":[{"name":"wp","href":"https:\/\/api.w.org\/{rel}","templated":true}]}}