{"id":18745,"date":"2025-10-24T13:30:15","date_gmt":"2025-10-24T12:30:15","guid":{"rendered":"https:\/\/mtechnologias.tech\/?post_type=product&#038;p=18745"},"modified":"2025-10-27T17:34:17","modified_gmt":"2025-10-27T16:34:17","slug":"18745","status":"publish","type":"product","link":"https:\/\/mtechnologias.tech\/?product=18745","title":{"rendered":""},"content":{"rendered":"<div class=\"what-stands-out\">\n<div class=\"heading-sec\">\n<h2 class=\"heading\">O que se Destaca<\/h2>\n<\/div>\n<div class=\"what-stands-out-content\">\n<div class=\"row\">\n<div class=\"col-lg-4 col-sm-6 col-12 mb-lg-0 mb-3\">\n<div class=\"stands-out-content\">\n<div class=\"feature\">Motor potente<\/div>\n<div class=\"description\">Equipado com um robusto motor de 1.100 watts, o Makita UB1103 oferece velocidade impressionante para limpar detritos com efici\u00eancia, tornando-o ideal tanto para paisagistas profissionais quanto para propriet\u00e1rios.<\/div>\n<\/div>\n<\/div>\n<div class=\"col-lg-4 col-sm-6 col-12 mb-lg-0 mb-3\">\n<div class=\"stands-out-content\">\n<div class=\"feature\">Design leve<\/div>\n<div class=\"description\">Pesando apenas 3,9 libras, o UB1103 oferece portabilidade e facilidade de uso, garantindo que os usu\u00e1rios possam lidar com o trabalho no p\u00e1tio sem fadiga, ao contr\u00e1rio dos sopradores mais pesados do mercado.<\/div>\n<\/div>\n<\/div>\n<div class=\"col-lg-4 col-sm-6 col-12 mb-lg-0 mb-3\">\n<div class=\"stands-out-content\">\n<div class=\"feature\">Controle de velocidade vari\u00e1vel<\/div>\n<div class=\"description\">O controle de velocidade vari\u00e1vel f\u00e1cil de usar permite ajustes personaliz\u00e1veis do volume de ar, proporcionando desempenho ideal para diversas tarefas de limpeza, desde canteiros de flores delicados at\u00e9 cal\u00e7adas robustas.<\/div>\n<\/div>\n<\/div>\n<\/div>\n<\/div>\n<\/div>\n<div class=\"product-detail\">\n<div class=\"heading-sec\">\n<h2 class=\"heading\">Detalhes do produto<\/h2>\n<\/div>\n<div id=\"rewrite_description\" class=\"Product Details\">\n<ul class=\"product-points\">\n<li>Duas ferramentas em uma; converte rapidamente para um v\u00e1cuo para maior versatilidade<\/li>\n<li>Volume m\u00e1ximo de ar de 145 cfm para uma limpeza mais r\u00e1pida em \u00e1reas maiores<\/li>\n<li>Oferece uma velocidade m\u00e1xima de ar de 203 MPH para uma limpeza mais r\u00e1pida do local de trabalho<\/li>\n<li>Discagem e gatilho de controle de velocidade vari\u00e1vel (0-16.000 RPM) para maior desempenho<\/li>\n<li>Grande gatilho com bot\u00e3o de bloqueio convenientemente localizado<\/li>\n<li>O design exclusivo proporciona um armazenamento mais f\u00e1cil em uma posi\u00e7\u00e3o aut\u00f4noma<\/li>\n<li>Punho ergon\u00f4mico projetado para maior conforto do operador<\/li>\n<li>Design compacto com apenas 18-7\/8\u201d de comprimento<\/li>\n<li>Ideal para local de trabalho, limpeza residencial e geral<\/li>\n<li>Inclui saco de p\u00f3 grande para o modo de v\u00e1cuo<\/li>\n<\/ul>\n<\/div>\n<div id=\"additional-info\">\n<div>\n<table id=\"product-attribute-specs-table\" class=\"featureTable\">\n<tbody>\n<tr>\n<td>Marca<\/td>\n<td>Makita<\/td>\n<\/tr>\n<tr>\n<td>Cor<\/td>\n<td>Frio<\/td>\n<\/tr>\n<tr>\n<td>Fonte de energia<\/td>\n<td>El\u00e9trico com fio<\/td>\n<\/tr>\n<tr>\n<td>Tens\u00e3o<\/td>\n<td>100 Volts<\/td>\n<\/tr>\n<tr>\n<td>Recurso Especial<\/td>\n<td>Velocidade ajust\u00e1vel<\/td>\n<\/tr>\n<tr>\n<td>Componentes inclu\u00eddos<\/td>\n<td>Bico de extens\u00e3o<\/td>\n<\/tr>\n<tr class=\"packageweight\">\n<td>Peso do item<\/td>\n<td>4,3 libras (1,95 kg)<\/td>\n<\/tr>\n<tr>\n<td>Usos recomendados para o produto<\/td>\n<td>Casa<\/td>\n<\/tr>\n<tr>\n<td>Velocidade m\u00e1xima<\/td>\n<td>203 Milhas por Hora<\/td>\n<\/tr>\n<tr>\n<td>Nome do modelo<\/td>\n<td>Soprador El\u00e9trico Makita UB1103<\/td>\n<\/tr>\n<tr>\n<td>Estilo<\/td>\n<td>SOPRO<\/td>\n<\/tr>\n<tr>\n<td>Fabricante<\/td>\n<td><\/td>\n<\/tr>\n<tr>\n<td>UPC<\/td>\n<td>088381658331<\/td>\n<\/tr>\n<tr>\n<td>N\u00famero global de identifica\u00e7\u00e3o comercial<\/td>\n<td>00088381658331<\/td>\n<\/tr>\n<tr>\n<td>Dimens\u00f5es do produto (L x L x A)<\/td>\n<td>7,99 x 8,62 x 14,69 polegadas (20,3 x 21,9 x 37,3 cm)<\/td>\n<\/tr>\n<tr>\n<td>N\u00famero do modelo de item<\/td>\n<td>UB1103<\/td>\n<\/tr>\n<tr>\n<td>Baterias<\/td>\n<td>Baterias de 12V necess\u00e1rias.<\/td>\n<\/tr>\n<tr>\n<td>\u00c9 descontinuado pelo fabricante<\/td>\n<td>N\u00e3o<\/td>\n<\/tr>\n<tr>\n<td>Date First Available<\/td>\n<td>2021-04-11 01:47:55<\/td>\n<\/tr>\n<\/tbody>\n<\/table>\n<\/div>\n<\/div>\n<\/div>\n<div class=\"who-should-buy\">\n<div class=\"heading-sec\">\n<h2 class=\"heading\">Quem Dever\u00e1 Comprar?<\/h2>\n<\/div>\n<div class=\"pros-cons mb-4\">\n<div class=\"row\">\n<div class=\"col-md-6 col-12\">\n<div class=\"row\">\n<div class=\"col-md-2 col-sm-1 col-2 mb-lg-0 mb-2 d-flex justify-content-end\">\n<div><img decoding=\"async\" src=\"https:\/\/d2ati23fc66y9j.cloudfront.net\/detail-page\/v2\/2024\/check.svg\" alt=\"Suitable For\" width=\"55\" height=\"55\" \/><\/div>\n<\/div>\n<div class=\"col-lg-10 col-12\">\n<div class=\"pros\">\n<ul>\n<li><span class=\"para\">Propriet\u00e1rios<\/span><br \/>\nIdeal para propriet\u00e1rios que necessitam de uma ferramenta eficiente para limpar folhas e detritos de p\u00e1tios e cal\u00e7adas.<\/li>\n<li><span class=\"para\">Paisagistas<\/span><br \/>\n\u00datil para profissionais de paisagismo que necessitam de uma velocidade de ar potente para uma limpeza r\u00e1pida durante os trabalhos.<\/li>\n<li><span class=\"para\">entusiastas DIY<\/span><br \/>\n\u00d3timo para projetos DIY em casa, incluindo tarefas leves de limpeza e movimenta\u00e7\u00e3o r\u00e1pida de materiais.<\/li>\n<\/ul>\n<\/div>\n<\/div>\n<\/div>\n<\/div>\n<div class=\"col-md-6 col-12\">\n<div class=\"row\">\n<div class=\" col-md-2 col-sm-1 col-2 mb-lg-0 mb-2 d-flex justify-content-end\">\n<div><img decoding=\"async\" src=\"https:\/\/d2ati23fc66y9j.cloudfront.net\/detail-page\/v2\/2024\/cancel.svg\" alt=\"Not Suitable For\" width=\"55\" height=\"55\" \/><\/div>\n<\/div>\n<div class=\"col-lg-10 col-12\">\n<div class=\"cons\">\n<ul>\n<li><span class=\"para\">Uso comercial<\/span><br \/>\nN\u00e3o projetado para uso cont\u00ednuo em ambientes comerciais, pode n\u00e3o ter a durabilidade necess\u00e1ria para tais tarefas.<\/li>\n<li><span class=\"para\">\u00c1reas Sens\u00edveis ao Ru\u00eddo<\/span><br \/>\nPode ser perturbador em ambientes sens\u00edveis ao ru\u00eddo, como hospitais ou \u00e1reas residenciais tranquilas.<\/li>\n<li><span class=\"para\">Limpeza de detritos pesados<\/span><br \/>\nN\u00e3o \u00e9 adequado para limpar detritos pesados ou \u00famidos, pois seu poder a\u00e9reo pode n\u00e3o ser suficiente para trabalhos mais dif\u00edceis.<\/li>\n<\/ul>\n<p>&nbsp;<\/p>\n<\/div>\n<\/div>\n<\/div>\n<\/div>\n<\/div>\n<\/div>\n<\/div>\n","protected":false},"excerpt":{"rendered":"<p>O que se Destaca Motor potente Equipado com um robusto motor de 1.100 watts, o Makita UB1103 oferece velocidade impressionante para limpar detritos com efici\u00eancia, tornando-o ideal tanto para paisagistas profissionais quanto para propriet\u00e1rios. Design leve Pesando apenas 3,9 libras, o UB1103 oferece portabilidade e facilidade de uso, garantindo que os usu\u00e1rios possam lidar com<\/p>\n<div class=\"klb-readmore entry-button\"><a class=\"btn read-more\" href=\"https:\/\/mtechnologias.tech\/?product=18745\">Read More<\/a><\/div>\n","protected":false},"featured_media":18746,"comment_status":"open","ping_status":"closed","template":"","meta":{"_joinchat":[]},"product_cat":[285],"product_tag":[],"class_list":{"0":"post-18745","1":"product","2":"type-product","3":"status-publish","4":"has-post-thumbnail","6":"product_cat-aspirador","8":"first","9":"instock","10":"sale","11":"shipping-taxable","12":"purchasable","13":"product-type-simple"},"jetpack_sharing_enabled":true,"_links":{"self":[{"href":"https:\/\/mtechnologias.tech\/index.php?rest_route=\/wp\/v2\/product\/18745","targetHints":{"allow":["GET"]}}],"collection":[{"href":"https:\/\/mtechnologias.tech\/index.php?rest_route=\/wp\/v2\/product"}],"about":[{"href":"https:\/\/mtechnologias.tech\/index.php?rest_route=\/wp\/v2\/types\/product"}],"replies":[{"embeddable":true,"href":"https:\/\/mtechnologias.tech\/index.php?rest_route=%2Fwp%2Fv2%2Fcomments&post=18745"}],"wp:featuredmedia":[{"embeddable":true,"href":"https:\/\/mtechnologias.tech\/index.php?rest_route=\/wp\/v2\/media\/18746"}],"wp:attachment":[{"href":"https:\/\/mtechnologias.tech\/index.php?rest_route=%2Fwp%2Fv2%2Fmedia&parent=18745"}],"wp:term":[{"taxonomy":"product_cat","embeddable":true,"href":"https:\/\/mtechnologias.tech\/index.php?rest_route=%2Fwp%2Fv2%2Fproduct_cat&post=18745"},{"taxonomy":"product_tag","embeddable":true,"href":"https:\/\/mtechnologias.tech\/index.php?rest_route=%2Fwp%2Fv2%2Fproduct_tag&post=18745"}],"curies":[{"name":"wp","href":"https:\/\/api.w.org\/{rel}","templated":true}]}}