{"id":18677,"date":"2025-10-22T13:27:39","date_gmt":"2025-10-22T12:27:39","guid":{"rendered":"https:\/\/mtechnologias.tech\/?post_type=product&#038;p=18677"},"modified":"2025-10-22T13:27:39","modified_gmt":"2025-10-22T12:27:39","slug":"hp-probook-450-f8-notebook-pc-11-th-gen","status":"publish","type":"product","link":"https:\/\/mtechnologias.tech\/?product=hp-probook-450-f8-notebook-pc-11-th-gen","title":{"rendered":"HP ProBook 450 F8 NOTEBOOK PC 11 th Gen"},"content":{"rendered":"<p><span data-huuid=\"6712159747080075981\">O HP ProBook 450 F8 <mark class=\"QVRyCf\">\u00e9 um notebook profissional de 15,6 polegadas que oferece bom desempenho para tarefas de neg\u00f3cios di\u00e1rias com processadores Intel Core de 11.\u00aa gera\u00e7\u00e3o, RAM DDR4 e armazenamento SSD<\/mark>.\u00a0<\/span><span data-huuid=\"6712159747080074842\">Possui um design com tela Full HD, teclado retroiluminado, diversas portas de conectividade, op\u00e7\u00f5es de seguran\u00e7a como leitor de impress\u00e3o digital e constru\u00eddo com uma combina\u00e7\u00e3o de alum\u00ednio e pl\u00e1stico para maior durabilidade e mobilidade<\/span><\/p>\n<ul data-hveid=\"CBsQAQ\" data-ved=\"2ahUKEwiU_rr95beQAxVnUEEAHayYKkQQm_YKegQIGxAB\">\n<li><span data-huuid=\"11577118039244212607\"><strong>Pr\u00f3s:<\/strong>\u00a0<\/span><span data-huuid=\"11577118039244212512\">Processador de 11\u00aa gera\u00e7\u00e3o com bom desempenho para multitarefas, SSD de 512GB para inicializa\u00e7\u00e3o r\u00e1pida, e porta USB-C vers\u00e1til para dados, energia e DisplayPort.<\/span><\/li>\n<li><span data-huuid=\"11577118039244212322\"><strong>Contras:<\/strong>\u00a0<\/span><span data-huuid=\"11577118039244212227\">A dura\u00e7\u00e3o da bateria pode variar, dependendo do tipo de uso, e o teclado retroiluminado \u00e9 opcional.<span class=\"pjBG2e\" data-cid=\"bbce986e-db5e-41b2-a50e-881341b1860e\"><span class=\"UV3uM\">\u00a0<\/span><\/span><\/span><\/li>\n<li><span data-huuid=\"15385750681329407657\"><strong>Pr\u00f3s:<\/strong>\u00a0<\/span><span data-huuid=\"15385750681329407020\">Desempenho mais potente com o processador Core i7, permitindo lidar com cargas de trabalho mais pesadas e at\u00e9 rodar alguns jogos leves.<\/span><\/li>\n<li><span data-huuid=\"15385750681329409842\"><strong>Contras:<\/strong>\u00a0<\/span><span data-huuid=\"15385750681329409205\">Consumo de energia mais alto, o que pode afetar a dura\u00e7\u00e3o da bateria.<span class=\"pjBG2e\" data-cid=\"449d652e-85b7-4b6d-b113-8b25e287bd2b\"><span class=\"UV3uM\">\u00a0<\/span><\/span><\/span><\/li>\n<li><span data-huuid=\"2486084566641488070\"><strong>Pr\u00f3s:<\/strong>\u00a0<\/span><span data-huuid=\"2486084566641489511\">Aumento significativo no desempenho para multitarefas, mantendo v\u00e1rias aplica\u00e7\u00f5es abertas simultaneamente sem lentid\u00e3o, e uma tela Full HD que maximiza a produtividade ao permitir a conex\u00e3o com monitores duplos.<\/span><\/li>\n<li><span data-huuid=\"2486084566641488297\"><strong>Contras:<\/strong>\u00a0<\/span><span data-huuid=\"2486084566641489738\">Pre\u00e7o mais elevado em compara\u00e7\u00e3o com vers\u00f5es com menos RAM, o que pode ser desvantajoso para or\u00e7amentos mais apertados.<span class=\"pjBG2e\" data-cid=\"e3a577d8-7289-43d4-86c2-10b5c0014d90\"><span class=\"UV3uM\">\u00a0<\/span><\/span><\/span><\/li>\n<\/ul>\n","protected":false},"excerpt":{"rendered":"<p>O HP ProBook 450 F8 \u00e9 um notebook profissional de 15,6 polegadas que oferece bom desempenho para tarefas de neg\u00f3cios di\u00e1rias com processadores Intel Core de 11.\u00aa gera\u00e7\u00e3o, RAM DDR4 e armazenamento SSD.\u00a0Possui um design com tela Full HD, teclado retroiluminado, diversas portas de conectividade, op\u00e7\u00f5es de seguran\u00e7a como leitor de impress\u00e3o digital e constru\u00eddo<\/p>\n<div class=\"klb-readmore entry-button\"><a class=\"btn read-more\" href=\"https:\/\/mtechnologias.tech\/?product=hp-probook-450-f8-notebook-pc-11-th-gen\">Read More<\/a><\/div>\n","protected":false},"featured_media":18678,"comment_status":"open","ping_status":"closed","template":"","meta":{"_joinchat":[]},"product_cat":[157,249,332],"product_tag":[],"class_list":{"0":"post-18677","1":"product","2":"type-product","3":"status-publish","4":"has-post-thumbnail","6":"product_cat-computadores-laptop","7":"product_cat-hp","8":"product_cat-laptops-computers","10":"first","11":"instock","12":"shipping-taxable","13":"purchasable","14":"product-type-simple"},"jetpack_sharing_enabled":true,"_links":{"self":[{"href":"https:\/\/mtechnologias.tech\/index.php?rest_route=\/wp\/v2\/product\/18677","targetHints":{"allow":["GET"]}}],"collection":[{"href":"https:\/\/mtechnologias.tech\/index.php?rest_route=\/wp\/v2\/product"}],"about":[{"href":"https:\/\/mtechnologias.tech\/index.php?rest_route=\/wp\/v2\/types\/product"}],"replies":[{"embeddable":true,"href":"https:\/\/mtechnologias.tech\/index.php?rest_route=%2Fwp%2Fv2%2Fcomments&post=18677"}],"wp:featuredmedia":[{"embeddable":true,"href":"https:\/\/mtechnologias.tech\/index.php?rest_route=\/wp\/v2\/media\/18678"}],"wp:attachment":[{"href":"https:\/\/mtechnologias.tech\/index.php?rest_route=%2Fwp%2Fv2%2Fmedia&parent=18677"}],"wp:term":[{"taxonomy":"product_cat","embeddable":true,"href":"https:\/\/mtechnologias.tech\/index.php?rest_route=%2Fwp%2Fv2%2Fproduct_cat&post=18677"},{"taxonomy":"product_tag","embeddable":true,"href":"https:\/\/mtechnologias.tech\/index.php?rest_route=%2Fwp%2Fv2%2Fproduct_tag&post=18677"}],"curies":[{"name":"wp","href":"https:\/\/api.w.org\/{rel}","templated":true}]}}