{"id":18673,"date":"2025-10-22T10:11:50","date_gmt":"2025-10-22T09:11:50","guid":{"rendered":"https:\/\/mtechnologias.tech\/?post_type=product&#038;p=18673"},"modified":"2025-10-22T10:11:50","modified_gmt":"2025-10-22T09:11:50","slug":"tablet-samsung-galaxy-tab-a9-5g-64gb","status":"publish","type":"product","link":"https:\/\/mtechnologias.tech\/?product=tablet-samsung-galaxy-tab-a9-5g-64gb","title":{"rendered":"Tablet Samsung Galaxy Tab A9+ 5G, 64GB"},"content":{"rendered":"<p>Desfrute de bons momentos na companhia do seu Galaxy Tab A9+. Curta suas redes sociais, filmes, s\u00e9ries e navegue na internet aproveitando uma tela de excelente qualidade e som fenomenal. Com um display de 11&#8243; e taxa de atualiza\u00e7\u00e3o de 90Hz, consumir conte\u00fado no Tab A9+ \u00e9 divertido e prazeroso. Ainda possui armazenamento interno de 64GB e 4GB de mem\u00f3ria RAM. Voc\u00ea tamb\u00e9m pode adicionar um cart\u00e3o MicroSD (vendido separadamente) para expandir a mem\u00f3ria em at\u00e9 1TB ampliar ainda mais as possibilidades.<\/p>\n<ul class=\"KsbFXc U6u95\" data-processed=\"true\" data-complete=\"true\">\n<li data-hveid=\"CAgQAA\" data-sae=\"\" data-complete=\"true\"><span class=\"T286Pc\" data-sfc-cp=\"\" data-complete=\"true\"><strong class=\"Yjhzub\" data-complete=\"true\">Processador<\/strong>: Octa-Core Qualcomm Snapdragon 695.<\/span><\/li>\n<li data-hveid=\"CAgQAQ\" data-complete=\"true\" data-processed=\"true\" data-sae=\"\"><span class=\"T286Pc\" data-sfc-cp=\"\" data-complete=\"true\"><strong class=\"Yjhzub\" data-complete=\"true\">Mem\u00f3ria RAM<\/strong>: Dispon\u00edvel em vers\u00f5es de 4 GB ou 8 GB. A vers\u00e3o com 8 GB oferece melhor desempenho em multitarefas.<\/span><\/li>\n<li data-hveid=\"CAgQAg\" data-complete=\"true\" data-processed=\"true\" data-sae=\"\"><span class=\"T286Pc\" data-sfc-cp=\"\" data-complete=\"true\"><strong class=\"Yjhzub\" data-complete=\"true\">Armazenamento<\/strong>: 64 GB, com a possibilidade de expans\u00e3o via cart\u00e3o microSD.<\/span><\/li>\n<li data-hveid=\"CAgQAw\" data-complete=\"true\" data-processed=\"true\" data-sae=\"\"><span class=\"T286Pc\" data-sfc-cp=\"\" data-complete=\"true\"><strong class=\"Yjhzub\" data-complete=\"true\">Tela<\/strong>: LCD de 11 polegadas com resolu\u00e7\u00e3o de 1920 x 1200 pixels e taxa de atualiza\u00e7\u00e3o de 90 Hz, proporcionando uma experi\u00eancia visual mais suave.<\/span><\/li>\n<li data-hveid=\"CAgQBA\" data-complete=\"true\" data-processed=\"true\" data-sae=\"\"><span class=\"T286Pc\" data-sfc-cp=\"\" data-complete=\"true\"><strong class=\"Yjhzub\" data-complete=\"true\">Sistema Operacional<\/strong>: Android 13 com a interface One UI 5.1 no lan\u00e7amento, com a possibilidade de atualiza\u00e7\u00f5es.<\/span><\/li>\n<li data-hveid=\"CAgQBQ\" data-complete=\"true\" data-processed=\"true\" data-sae=\"\"><span class=\"T286Pc\" data-sfc-cp=\"\" data-complete=\"true\"><strong class=\"Yjhzub\" data-complete=\"true\">C\u00e2meras<\/strong>:<\/span>\n<ul class=\"KsbFXc U6u95\" data-complete=\"true\">\n<li data-hveid=\"CAgQBg\" data-complete=\"true\" data-sae=\"\"><span class=\"T286Pc\" data-sfc-cp=\"\" data-complete=\"true\"><strong class=\"Yjhzub\" data-complete=\"true\">Traseira<\/strong>: 8 MP.<\/span><\/li>\n<li data-hveid=\"CAgQBw\" data-complete=\"true\" data-sae=\"\"><span class=\"T286Pc\" data-sfc-cp=\"\" data-complete=\"true\"><strong class=\"Yjhzub\" data-complete=\"true\">Frontal<\/strong>: 5 MP.<\/span><\/li>\n<\/ul>\n<\/li>\n<li data-hveid=\"CAgQCA\" data-complete=\"true\" data-processed=\"true\" data-sae=\"\"><span class=\"T286Pc\" data-sfc-cp=\"\" data-complete=\"true\"><strong class=\"Yjhzub\" data-complete=\"true\">\u00c1udio<\/strong>: Quatro alto-falantes com suporte a Dolby Atmos, proporcionando boa qualidade de som para m\u00eddia.<\/span><\/li>\n<li data-hveid=\"CAgQCQ\" data-complete=\"true\" data-processed=\"true\" data-sae=\"\"><span class=\"T286Pc\" data-sfc-cp=\"\" data-complete=\"true\"><strong class=\"Yjhzub\" data-complete=\"true\">Bateria<\/strong>: 7040 mAh. O carregamento, no entanto, \u00e9 de 15W e pode ser considerado lento.<\/span><\/li>\n<li data-hveid=\"CAgQCg\" data-complete=\"true\" data-processed=\"true\" data-sae=\"\"><span class=\"T286Pc\" data-sfc-cp=\"\" data-complete=\"true\"><strong class=\"Yjhzub\" data-complete=\"true\">Design<\/strong>: Constru\u00e7\u00e3o em metal, peso de 480 g, dimens\u00f5es de 16,87 cm x 25,71 cm x 0,69 cm (largura x altura x espessura). N\u00e3o possui leitor de impress\u00e3o digital, mas conta com reconhecimento facial b\u00e1sico.<\/span><\/li>\n<li data-hveid=\"CAgQCw\" data-complete=\"true\" data-processed=\"true\" data-sae=\"\"><span class=\"T286Pc\" data-sfc-cp=\"\" data-complete=\"true\"><strong class=\"Yjhzub\" data-complete=\"true\">Conectividade<\/strong>: Modelos dispon\u00edveis com conex\u00e3o apenas Wi-Fi ou com 5G. A vers\u00e3o com 5G permite fazer e receber liga\u00e7\u00f5es, embora o tamanho do tablet possa tornar a experi\u00eancia estranha. Possui entrada para fone de ouvido de 3,5 mm.<\/span><\/li>\n<\/ul>\n","protected":false},"excerpt":{"rendered":"<p>Desfrute de bons momentos na companhia do seu Galaxy Tab A9+. Curta suas redes sociais, filmes, s\u00e9ries e navegue na internet aproveitando uma tela de excelente qualidade e som fenomenal. Com um display de 11&#8243; e taxa de atualiza\u00e7\u00e3o de 90Hz, consumir conte\u00fado no Tab A9+ \u00e9 divertido e prazeroso. Ainda possui armazenamento interno de<\/p>\n<div class=\"klb-readmore entry-button\"><a class=\"btn read-more\" href=\"https:\/\/mtechnologias.tech\/?product=tablet-samsung-galaxy-tab-a9-5g-64gb\">Read More<\/a><\/div>\n","protected":false},"featured_media":18674,"comment_status":"open","ping_status":"closed","template":"","meta":{"_joinchat":[]},"product_cat":[505,413],"product_tag":[],"class_list":{"0":"post-18673","1":"product","2":"type-product","3":"status-publish","4":"has-post-thumbnail","6":"product_cat-samsung","7":"product_cat-telemovel-e-tablets","9":"first","10":"instock","11":"shipping-taxable","12":"purchasable","13":"product-type-simple"},"jetpack_sharing_enabled":true,"_links":{"self":[{"href":"https:\/\/mtechnologias.tech\/index.php?rest_route=\/wp\/v2\/product\/18673","targetHints":{"allow":["GET"]}}],"collection":[{"href":"https:\/\/mtechnologias.tech\/index.php?rest_route=\/wp\/v2\/product"}],"about":[{"href":"https:\/\/mtechnologias.tech\/index.php?rest_route=\/wp\/v2\/types\/product"}],"replies":[{"embeddable":true,"href":"https:\/\/mtechnologias.tech\/index.php?rest_route=%2Fwp%2Fv2%2Fcomments&post=18673"}],"wp:featuredmedia":[{"embeddable":true,"href":"https:\/\/mtechnologias.tech\/index.php?rest_route=\/wp\/v2\/media\/18674"}],"wp:attachment":[{"href":"https:\/\/mtechnologias.tech\/index.php?rest_route=%2Fwp%2Fv2%2Fmedia&parent=18673"}],"wp:term":[{"taxonomy":"product_cat","embeddable":true,"href":"https:\/\/mtechnologias.tech\/index.php?rest_route=%2Fwp%2Fv2%2Fproduct_cat&post=18673"},{"taxonomy":"product_tag","embeddable":true,"href":"https:\/\/mtechnologias.tech\/index.php?rest_route=%2Fwp%2Fv2%2Fproduct_tag&post=18673"}],"curies":[{"name":"wp","href":"https:\/\/api.w.org\/{rel}","templated":true}]}}