{"id":18671,"date":"2025-10-22T09:58:07","date_gmt":"2025-10-22T08:58:07","guid":{"rendered":"https:\/\/mtechnologias.tech\/?post_type=product&#038;p=18671"},"modified":"2025-10-22T09:58:07","modified_gmt":"2025-10-22T08:58:07","slug":"tablet-samsung-galaxy-tab-a9-128gb","status":"publish","type":"product","link":"https:\/\/mtechnologias.tech\/?product=tablet-samsung-galaxy-tab-a9-128gb","title":{"rendered":"Tablet Samsung Galaxy Tab A9 128GB"},"content":{"rendered":"<p>Desfrute de bons momentos na companhia do seu Galaxy Tab A9. Curta suas redes sociais, filmes, s\u00e9ries e navegue na internet aproveitando uma tela de excelente qualidade e som fenomenal. Com um display de 8,7&#8243; e taxa de atualiza\u00e7\u00e3o de 60Hz, consumir conte\u00fado no Tab A9 \u00e9 divertido e prazeroso. Equipado com o processador octa-core, estude, se divirta ou trabalhe sem se preocupar com desempenho.<\/p>\n<ul class=\"i8Z77e\">\n<li class=\"TrT0Xe\">Capacidade total do m\u00f3dulo de mem\u00f3ria RAM: 4 GB.<\/li>\n<li class=\"TrT0Xe\">Tamanho da tela: 11 \u201c.<\/li>\n<li class=\"TrT0Xe\">Capacidade: 128 GB.<\/li>\n<li class=\"TrT0Xe\">Sistema operacional: Android 13.<\/li>\n<li class=\"TrT0Xe\">Com processador Octa-Core de 2.218GHz.<\/li>\n<li class=\"TrT0Xe\">Inclui cabo.<\/li>\n<li class=\"TrT0Xe\">Projetado para levar a qualquer lugar.<\/li>\n<li class=\"TrT0Xe\">A dura\u00e7\u00e3o da bateria depende do uso que se d\u00ea ao produto.<\/li>\n<\/ul>\n","protected":false},"excerpt":{"rendered":"<p>Desfrute de bons momentos na companhia do seu Galaxy Tab A9. Curta suas redes sociais, filmes, s\u00e9ries e navegue na internet aproveitando uma tela de excelente qualidade e som fenomenal. Com um display de 8,7&#8243; e taxa de atualiza\u00e7\u00e3o de 60Hz, consumir conte\u00fado no Tab A9 \u00e9 divertido e prazeroso. Equipado com o processador octa-core,<\/p>\n<div class=\"klb-readmore entry-button\"><a class=\"btn read-more\" href=\"https:\/\/mtechnologias.tech\/?product=tablet-samsung-galaxy-tab-a9-128gb\">Read More<\/a><\/div>\n","protected":false},"featured_media":18672,"comment_status":"open","ping_status":"closed","template":"","meta":{"_joinchat":[]},"product_cat":[505,413],"product_tag":[],"class_list":{"0":"post-18671","1":"product","2":"type-product","3":"status-publish","4":"has-post-thumbnail","6":"product_cat-samsung","7":"product_cat-telemovel-e-tablets","9":"first","10":"instock","11":"shipping-taxable","12":"purchasable","13":"product-type-simple"},"jetpack_sharing_enabled":true,"_links":{"self":[{"href":"https:\/\/mtechnologias.tech\/index.php?rest_route=\/wp\/v2\/product\/18671","targetHints":{"allow":["GET"]}}],"collection":[{"href":"https:\/\/mtechnologias.tech\/index.php?rest_route=\/wp\/v2\/product"}],"about":[{"href":"https:\/\/mtechnologias.tech\/index.php?rest_route=\/wp\/v2\/types\/product"}],"replies":[{"embeddable":true,"href":"https:\/\/mtechnologias.tech\/index.php?rest_route=%2Fwp%2Fv2%2Fcomments&post=18671"}],"wp:featuredmedia":[{"embeddable":true,"href":"https:\/\/mtechnologias.tech\/index.php?rest_route=\/wp\/v2\/media\/18672"}],"wp:attachment":[{"href":"https:\/\/mtechnologias.tech\/index.php?rest_route=%2Fwp%2Fv2%2Fmedia&parent=18671"}],"wp:term":[{"taxonomy":"product_cat","embeddable":true,"href":"https:\/\/mtechnologias.tech\/index.php?rest_route=%2Fwp%2Fv2%2Fproduct_cat&post=18671"},{"taxonomy":"product_tag","embeddable":true,"href":"https:\/\/mtechnologias.tech\/index.php?rest_route=%2Fwp%2Fv2%2Fproduct_tag&post=18671"}],"curies":[{"name":"wp","href":"https:\/\/api.w.org\/{rel}","templated":true}]}}