{"id":18522,"date":"2025-08-27T13:52:14","date_gmt":"2025-08-27T12:52:14","guid":{"rendered":"https:\/\/mtechnologias.tech\/?post_type=product&#038;p=18522"},"modified":"2025-09-23T07:47:00","modified_gmt":"2025-09-23T06:47:00","slug":"smartphone-blackview-bv9300-pro-12256gb-preto","status":"publish","type":"product","link":"https:\/\/mtechnologias.tech\/?product=smartphone-blackview-bv9300-pro-12256gb-preto","title":{"rendered":"SMARTPHONE BLACKVIEW BV9300 PRO 12+256GB PRETO"},"content":{"rendered":"<p><strong>Blackview BV9300 Pro, mem\u00f3ria RAM expans\u00edvel at\u00e9 12 GB, capacidade de 256 GB e na cor preta<\/strong><\/p>\n<p><strong>Ecr\u00e3 de 6,7 polegadas &#8211; Resolu\u00e7\u00e3o FullHD+ &#8211; Ecr\u00e3 traseiro de 1,3&#8243; &#8211; Taxa de atualiza\u00e7\u00e3o de 120 Hz &#8211; Altifalantes duplos &#8211; Processador MediaTek Helio G99 &#8211; 12 GB de RAM &#8211; Capacidade de 256 GB &#8211; C\u00e2mara dupla de 64 MP &#8211; C\u00e2mara frontal de 32 MP &#8211; Lanterna de 100 Hz &#8211; Enorme bateria de 15080 mAh &#8211; Carregamento r\u00e1pido de 33W &#8211; Android 13 &#8211; Tripla certifica\u00e7\u00e3o de resist\u00eancia.<\/strong><\/p>\n","protected":false},"excerpt":{"rendered":"<p>Blackview BV9300 Pro, mem\u00f3ria RAM expans\u00edvel at\u00e9 12 GB, capacidade de 256 GB e na cor preta Ecr\u00e3 de 6,7 polegadas &#8211; Resolu\u00e7\u00e3o FullHD+ &#8211; Ecr\u00e3 traseiro de 1,3&#8243; &#8211; Taxa de atualiza\u00e7\u00e3o de 120 Hz &#8211; Altifalantes duplos &#8211; Processador MediaTek Helio G99 &#8211; 12 GB de RAM &#8211; Capacidade de 256 GB &#8211;<\/p>\n<div class=\"klb-readmore entry-button\"><a class=\"btn read-more\" href=\"https:\/\/mtechnologias.tech\/?product=smartphone-blackview-bv9300-pro-12256gb-preto\">Read More<\/a><\/div>\n","protected":false},"featured_media":18523,"comment_status":"open","ping_status":"closed","template":"","meta":{"_joinchat":[]},"product_cat":[602],"product_tag":[],"class_list":{"0":"post-18522","1":"product","2":"type-product","3":"status-publish","4":"has-post-thumbnail","6":"product_cat-smartphone","8":"first","9":"instock","10":"shipping-taxable","11":"purchasable","12":"product-type-simple"},"jetpack_sharing_enabled":true,"_links":{"self":[{"href":"https:\/\/mtechnologias.tech\/index.php?rest_route=\/wp\/v2\/product\/18522","targetHints":{"allow":["GET"]}}],"collection":[{"href":"https:\/\/mtechnologias.tech\/index.php?rest_route=\/wp\/v2\/product"}],"about":[{"href":"https:\/\/mtechnologias.tech\/index.php?rest_route=\/wp\/v2\/types\/product"}],"replies":[{"embeddable":true,"href":"https:\/\/mtechnologias.tech\/index.php?rest_route=%2Fwp%2Fv2%2Fcomments&post=18522"}],"wp:featuredmedia":[{"embeddable":true,"href":"https:\/\/mtechnologias.tech\/index.php?rest_route=\/wp\/v2\/media\/18523"}],"wp:attachment":[{"href":"https:\/\/mtechnologias.tech\/index.php?rest_route=%2Fwp%2Fv2%2Fmedia&parent=18522"}],"wp:term":[{"taxonomy":"product_cat","embeddable":true,"href":"https:\/\/mtechnologias.tech\/index.php?rest_route=%2Fwp%2Fv2%2Fproduct_cat&post=18522"},{"taxonomy":"product_tag","embeddable":true,"href":"https:\/\/mtechnologias.tech\/index.php?rest_route=%2Fwp%2Fv2%2Fproduct_tag&post=18522"}],"curies":[{"name":"wp","href":"https:\/\/api.w.org\/{rel}","templated":true}]}}