{"id":18430,"date":"2025-08-15T07:41:20","date_gmt":"2025-08-15T06:41:20","guid":{"rendered":"https:\/\/mtechnologias.tech\/?post_type=product&#038;p=18430"},"modified":"2025-10-11T08:41:51","modified_gmt":"2025-10-11T07:41:51","slug":"port-hp-13-5-i7-1255u-iris-spectre-x360-16g-1tb-ssd-w11h-t","status":"publish","type":"product","link":"https:\/\/mtechnologias.tech\/?product=port-hp-13-5-i7-1255u-iris-spectre-x360-16g-1tb-ssd-w11h-t","title":{"rendered":"PORT HP.13.5&#8242; I7-1255U IRIS SPECTRE X360 16G 1TB SSD W11H (T)"},"content":{"rendered":"<p id=\"product_reference\"><label>Marca:<\/label>\u00a0<span class=\"editable\">HP<\/span><br \/>\n<label>Part-Number:<\/label>\u00a0<span class=\"editable\">OUT-782B6EA<\/span><\/p>\n<div id=\"short_description_block\">\n<div id=\"short_description_content\" class=\"rte align_justify\">\n<p>Artigo em Exposi\u00e7\u00e3o, com embalagem compelta.<\/p>\n<\/div>\n<\/div>\n<div id=\"accordion-productinfo\" class=\"panel-group block\">\n<div class=\"panel page-product-box\">\n<div class=\"panel-heading\"><\/div>\n<div id=\"datasheet\" class=\"panel-collapse in\">\n<div class=\"panel-inner\">\n<div id=\"newDataHook\">\n<section class=\"page-product-box\">\n<table class=\"table-data-sheet\">\n<tbody>\n<tr>\n<th id=\"pfc_table_header\" colspan=\"2\"><strong>Caracter\u00edsticas Principais<\/strong><\/th>\n<\/tr>\n<tr class=\"odd\">\n<td>Campanha<\/td>\n<td>Outlet<\/td>\n<\/tr>\n<tr class=\" even\">\n<td>Webcam<\/td>\n<td>C\u00e2mera HP True Vision 5MP IV com obturador de c\u00e2mera, redu\u00e7\u00e3o de ru\u00eddo temporal e microfones digitais de matriz dupla integrados<\/td>\n<\/tr>\n<tr class=\"odd\">\n<td>Adaptador Gr\u00e1fico<\/td>\n<td>Placa de v\u00eddeo Intel\u00ae Iris\u00ae X\u1d49<\/td>\n<\/tr>\n<tr class=\" even\">\n<td>Mem\u00f3ria incorporada<\/td>\n<td>16 GB LPDDR4x-4266 MT\/s (integrado)<\/td>\n<\/tr>\n<tr class=\"odd\">\n<td>Disco R\u00edgido<\/td>\n<td>SSD PCIe\u00ae Gen4 NVMe\u2122 TLC M.2 de 1 TB<\/td>\n<\/tr>\n<tr class=\" even\">\n<td>Processador<\/td>\n<td>Intel\u00ae Core\u2122 i7-1255U (at\u00e9 4,7 GHz com tecnologia Intel\u00ae Turbo Boost, cache L3 de 12 MB, 10 n\u00facleos, 12 threads)<\/td>\n<\/tr>\n<tr class=\"odd\">\n<td>Display \/ Monitor<\/td>\n<td>13,5&#8243; na diagonal, 3K2K (3000 x 2000), OLED, multitoque, UWVA, vidro de ponta a ponta, microborda, Corning\u00ae Gorilla\u00ae Glass NBT\u2122 antirreflexo, luz azul baixa, SDR 400 nits, HDR 500 nits, 100% DCI-P3<\/td>\n<\/tr>\n<tr>\n<th id=\"pfc_table_header\" colspan=\"2\"><strong>Outras<\/strong><\/th>\n<\/tr>\n<tr class=\" even\">\n<td>Outros recursos<\/td>\n<td>Caneta HP MPP2.0 Recarreg\u00e1vel<\/td>\n<\/tr>\n<tr class=\"odd\">\n<td>Fonte de alimenta\u00e7\u00e3o<\/td>\n<td>Adaptador de energia USB Tipo C\u00ae de 65 W<\/td>\n<\/tr>\n<tr>\n<th id=\"pfc_table_header\" colspan=\"2\"><strong>Conectividade<\/strong><\/th>\n<\/tr>\n<tr class=\" even\">\n<td>Portas<\/td>\n<td>2 Thunderbolt\u2122 4 com taxa de sinaliza\u00e7\u00e3o USB Tipo C\u00ae de 40 Gbps (USB Power Delivery, DisplayPort\u2122 1.4, HP Sleep and Charge); 1 USB Tipo A com taxa de sinaliza\u00e7\u00e3o de 10 Gbps (HP Sleep and Charge);<\/td>\n<\/tr>\n<\/tbody>\n<\/table>\n<\/section>\n<\/div>\n<\/div>\n<\/div>\n<\/div>\n<\/div>\n","protected":false},"excerpt":{"rendered":"<p>Marca:\u00a0HP Part-Number:\u00a0OUT-782B6EA Artigo em Exposi\u00e7\u00e3o, com embalagem compelta. Caracter\u00edsticas Principais Campanha Outlet Webcam C\u00e2mera HP True Vision 5MP IV com obturador de c\u00e2mera, redu\u00e7\u00e3o de ru\u00eddo temporal e microfones digitais de matriz dupla integrados Adaptador Gr\u00e1fico Placa de v\u00eddeo Intel\u00ae Iris\u00ae X\u1d49 Mem\u00f3ria incorporada 16 GB LPDDR4x-4266 MT\/s (integrado) Disco R\u00edgido SSD PCIe\u00ae Gen4 NVMe\u2122<\/p>\n<div class=\"klb-readmore entry-button\"><a class=\"btn read-more\" href=\"https:\/\/mtechnologias.tech\/?product=port-hp-13-5-i7-1255u-iris-spectre-x360-16g-1tb-ssd-w11h-t\">Read More<\/a><\/div>\n","protected":false},"featured_media":18431,"comment_status":"open","ping_status":"closed","template":"","meta":{"_joinchat":[]},"product_cat":[157,249],"product_tag":[],"class_list":{"0":"post-18430","1":"product","2":"type-product","3":"status-publish","4":"has-post-thumbnail","6":"product_cat-computadores-laptop","7":"product_cat-hp","9":"first","10":"instock","11":"shipping-taxable","12":"purchasable","13":"product-type-simple"},"jetpack_sharing_enabled":true,"_links":{"self":[{"href":"https:\/\/mtechnologias.tech\/index.php?rest_route=\/wp\/v2\/product\/18430","targetHints":{"allow":["GET"]}}],"collection":[{"href":"https:\/\/mtechnologias.tech\/index.php?rest_route=\/wp\/v2\/product"}],"about":[{"href":"https:\/\/mtechnologias.tech\/index.php?rest_route=\/wp\/v2\/types\/product"}],"replies":[{"embeddable":true,"href":"https:\/\/mtechnologias.tech\/index.php?rest_route=%2Fwp%2Fv2%2Fcomments&post=18430"}],"wp:featuredmedia":[{"embeddable":true,"href":"https:\/\/mtechnologias.tech\/index.php?rest_route=\/wp\/v2\/media\/18431"}],"wp:attachment":[{"href":"https:\/\/mtechnologias.tech\/index.php?rest_route=%2Fwp%2Fv2%2Fmedia&parent=18430"}],"wp:term":[{"taxonomy":"product_cat","embeddable":true,"href":"https:\/\/mtechnologias.tech\/index.php?rest_route=%2Fwp%2Fv2%2Fproduct_cat&post=18430"},{"taxonomy":"product_tag","embeddable":true,"href":"https:\/\/mtechnologias.tech\/index.php?rest_route=%2Fwp%2Fv2%2Fproduct_tag&post=18430"}],"curies":[{"name":"wp","href":"https:\/\/api.w.org\/{rel}","templated":true}]}}