{"id":14243,"date":"2024-12-09T14:32:32","date_gmt":"2024-12-09T13:32:32","guid":{"rendered":"https:\/\/mtechnologias.tech\/?post_type=product&#038;p=14243"},"modified":"2024-12-09T14:32:33","modified_gmt":"2024-12-09T13:32:33","slug":"tv-85-led-samsung-du7105-uhd-4k-smart-tv","status":"publish","type":"product","link":"https:\/\/mtechnologias.tech\/?product=tv-85-led-samsung-du7105-uhd-4k-smart-tv","title":{"rendered":"TV 85&#8242; LED SAMSUNG DU7105 UHD 4K SMART TV"},"content":{"rendered":"<p>Samsung TU85DU7105K. Tamanho do ecr\u00e3 na diagonal: 2,16 m (85&#8243;), Resolu\u00e7\u00e3o: 3840 x 2160 pixels, Tipo de HD: 4K Ultra HD, Tecnologia de apresenta\u00e7\u00e3o: LED, Formato do ecr\u00e3: Plano. Smart TV. Tecnologia de movimento de interpola\u00e7\u00e3o: Motion Xcelerator, Propor\u00e7\u00e3o de imagem nativa: 16:9. Sistema de formato de sinal digital: DVB-C, DVB-T2. Wi-Fi, Ethernet LAN. Cor do produto: Preto<\/p>\n","protected":false},"excerpt":{"rendered":"<p>Samsung TU85DU7105K. Tamanho do ecr\u00e3 na diagonal: 2,16 m (85&#8243;), Resolu\u00e7\u00e3o: 3840 x 2160 pixels, Tipo de HD: 4K Ultra HD, Tecnologia de apresenta\u00e7\u00e3o: LED, Formato do ecr\u00e3: Plano. Smart TV. Tecnologia de movimento de interpola\u00e7\u00e3o: Motion Xcelerator, Propor\u00e7\u00e3o de imagem nativa: 16:9. Sistema de formato de sinal digital: DVB-C, DVB-T2. Wi-Fi, Ethernet LAN. Cor<\/p>\n<div class=\"klb-readmore entry-button\"><a class=\"btn read-more\" href=\"https:\/\/mtechnologias.tech\/?product=tv-85-led-samsung-du7105-uhd-4k-smart-tv\">Read More<\/a><\/div>\n","protected":false},"featured_media":14244,"comment_status":"open","ping_status":"closed","template":"","meta":{"_joinchat":[]},"product_cat":[294],"product_tag":[],"class_list":{"0":"post-14243","1":"product","2":"type-product","3":"status-publish","4":"has-post-thumbnail","6":"product_cat-smart-tv","8":"first","9":"instock","10":"shipping-taxable","11":"purchasable","12":"product-type-simple"},"jetpack_sharing_enabled":true,"_links":{"self":[{"href":"https:\/\/mtechnologias.tech\/index.php?rest_route=\/wp\/v2\/product\/14243","targetHints":{"allow":["GET"]}}],"collection":[{"href":"https:\/\/mtechnologias.tech\/index.php?rest_route=\/wp\/v2\/product"}],"about":[{"href":"https:\/\/mtechnologias.tech\/index.php?rest_route=\/wp\/v2\/types\/product"}],"replies":[{"embeddable":true,"href":"https:\/\/mtechnologias.tech\/index.php?rest_route=%2Fwp%2Fv2%2Fcomments&post=14243"}],"wp:featuredmedia":[{"embeddable":true,"href":"https:\/\/mtechnologias.tech\/index.php?rest_route=\/wp\/v2\/media\/14244"}],"wp:attachment":[{"href":"https:\/\/mtechnologias.tech\/index.php?rest_route=%2Fwp%2Fv2%2Fmedia&parent=14243"}],"wp:term":[{"taxonomy":"product_cat","embeddable":true,"href":"https:\/\/mtechnologias.tech\/index.php?rest_route=%2Fwp%2Fv2%2Fproduct_cat&post=14243"},{"taxonomy":"product_tag","embeddable":true,"href":"https:\/\/mtechnologias.tech\/index.php?rest_route=%2Fwp%2Fv2%2Fproduct_tag&post=14243"}],"curies":[{"name":"wp","href":"https:\/\/api.w.org\/{rel}","templated":true}]}}