{"id":13564,"date":"2024-10-30T14:49:11","date_gmt":"2024-10-30T13:49:11","guid":{"rendered":"https:\/\/mtechnologias.tech\/?post_type=product&#038;p=13564"},"modified":"2024-10-30T14:49:11","modified_gmt":"2024-10-30T13:49:11","slug":"tv-smart-vida-hd-43%e2%80%b3-bruhm-btf-43sv-hd-elx","status":"publish","type":"product","link":"https:\/\/mtechnologias.tech\/?product=tv-smart-vida-hd-43%e2%80%b3-bruhm-btf-43sv-hd-elx","title":{"rendered":"Tv Smart Vida Hd 43\u2033 Bruhm Btf-43SV HD. Elx"},"content":{"rendered":"<ul>\n<li>Modelo: BTF-43SV<\/li>\n<li>Tamanho \u2013 43\u2033 POLEGADAS<\/li>\n<li>Smart TV Vidaa de moldura estreita<\/li>\n<li>43\u2033-BTF-43SV<\/li>\n<li>Uso f\u00e1cil e resposta r\u00e1pida<\/li>\n<li>Controle remoto com teclas de atalho<\/li>\n<li>Forma simples de alto brilho<\/li>\n<li>\u00c1udio Dolby<\/li>\n<li>caixa de som opcional<\/li>\n<li>Mais suportes de base opcionais<\/li>\n<li>Suporte de parede livre<\/li>\n<li>Resolu\u00e7\u00e3o (HD\/FHD\/UHD) \u2013 FHD<\/li>\n<li>Tipo \u2013 Vidaa smart OS<\/li>\n<li>Recurso de sinal \u2013 T2\/S2<\/li>\n<li>Tens\u00e3o\/frequ\u00eancia -V\/Hz 100-240V\/50\/60Hz<\/li>\n<li>Tamanho da unidade (L*P*A) sem suporte \u2013 970*88*555 MM<\/li>\n<li>Peso l\u00edquido \u2013 7,2 KG<\/li>\n<li>Peso Bruto \u2013 9,5 KG<\/li>\n<li>Aprova\u00e7\u00e3o do certificado \u2013 CB<\/li>\n<li>Carregando qtd. (40\u2019HQ) \u2013 948 PCS<\/li>\n<\/ul>\n","protected":false},"excerpt":{"rendered":"<p>Modelo: BTF-43SV Tamanho \u2013 43\u2033 POLEGADAS Smart TV Vidaa de moldura estreita 43\u2033-BTF-43SV Uso f\u00e1cil e resposta r\u00e1pida Controle remoto com teclas de atalho Forma simples de alto brilho \u00c1udio Dolby caixa de som opcional Mais suportes de base opcionais Suporte de parede livre Resolu\u00e7\u00e3o (HD\/FHD\/UHD) \u2013 FHD Tipo \u2013 Vidaa smart OS Recurso de<\/p>\n<div class=\"klb-readmore entry-button\"><a class=\"btn read-more\" href=\"https:\/\/mtechnologias.tech\/?product=tv-smart-vida-hd-43%e2%80%b3-bruhm-btf-43sv-hd-elx\">Read More<\/a><\/div>\n","protected":false},"featured_media":13565,"comment_status":"open","ping_status":"closed","template":"","meta":{"_joinchat":[]},"product_cat":[294],"product_tag":[],"class_list":{"0":"post-13564","1":"product","2":"type-product","3":"status-publish","4":"has-post-thumbnail","6":"product_cat-smart-tv","8":"first","9":"instock","10":"shipping-taxable","11":"purchasable","12":"product-type-simple"},"jetpack_sharing_enabled":true,"_links":{"self":[{"href":"https:\/\/mtechnologias.tech\/index.php?rest_route=\/wp\/v2\/product\/13564","targetHints":{"allow":["GET"]}}],"collection":[{"href":"https:\/\/mtechnologias.tech\/index.php?rest_route=\/wp\/v2\/product"}],"about":[{"href":"https:\/\/mtechnologias.tech\/index.php?rest_route=\/wp\/v2\/types\/product"}],"replies":[{"embeddable":true,"href":"https:\/\/mtechnologias.tech\/index.php?rest_route=%2Fwp%2Fv2%2Fcomments&post=13564"}],"wp:featuredmedia":[{"embeddable":true,"href":"https:\/\/mtechnologias.tech\/index.php?rest_route=\/wp\/v2\/media\/13565"}],"wp:attachment":[{"href":"https:\/\/mtechnologias.tech\/index.php?rest_route=%2Fwp%2Fv2%2Fmedia&parent=13564"}],"wp:term":[{"taxonomy":"product_cat","embeddable":true,"href":"https:\/\/mtechnologias.tech\/index.php?rest_route=%2Fwp%2Fv2%2Fproduct_cat&post=13564"},{"taxonomy":"product_tag","embeddable":true,"href":"https:\/\/mtechnologias.tech\/index.php?rest_route=%2Fwp%2Fv2%2Fproduct_tag&post=13564"}],"curies":[{"name":"wp","href":"https:\/\/api.w.org\/{rel}","templated":true}]}}