{"id":13561,"date":"2024-10-30T14:45:16","date_gmt":"2024-10-30T13:45:16","guid":{"rendered":"https:\/\/mtechnologias.tech\/?post_type=product&#038;p=13561"},"modified":"2024-10-30T14:45:16","modified_gmt":"2024-10-30T13:45:16","slug":"tv-smart-led-32%c2%a8vo-32ads316b-elx","status":"publish","type":"product","link":"https:\/\/mtechnologias.tech\/?product=tv-smart-led-32%c2%a8vo-32ads316b-elx","title":{"rendered":"Tv Smart Led 32\u00a8VO 32Ads316b. Elx"},"content":{"rendered":"<ul>\n<li>Series ADS316<\/li>\n<li>Tipo de tela LED direto fino<\/li>\n<li>Resolu\u00e7\u00e3o da tela Pronto para HD (1366 x 768)<\/li>\n<li>classe energ\u00e9tica F<\/li>\n<li>Smart TV<\/li>\n<li>Cor: Preto<\/li>\n<li>vers\u00e3o do Android: Android 9.0<\/li>\n<li>Wi-fi<\/li>\n<li>\n<table width=\"320\">\n<tbody>\n<tr>\n<td width=\"101\">Polegadas:<\/td>\n<td width=\"219\">32\u2033<\/td>\n<\/tr>\n<tr>\n<td>Resolu\u00e7\u00e3o:<\/td>\n<td>HD<\/td>\n<\/tr>\n<tr>\n<td>Conectividade:<\/td>\n<td>USB, HDMI, LAN<\/td>\n<\/tr>\n<tr>\n<td>Dimens\u00f5es:<\/td>\n<td>732x434x88 mm<\/td>\n<\/tr>\n<\/tbody>\n<\/table>\n<\/li>\n<\/ul>\n","protected":false},"excerpt":{"rendered":"<p>Series ADS316 Tipo de tela LED direto fino Resolu\u00e7\u00e3o da tela Pronto para HD (1366 x 768) classe energ\u00e9tica F Smart TV Cor: Preto vers\u00e3o do Android: Android 9.0 Wi-fi Polegadas: 32\u2033 Resolu\u00e7\u00e3o: HD Conectividade: USB, HDMI, LAN Dimens\u00f5es: 732x434x88 mm<\/p>\n","protected":false},"featured_media":13562,"comment_status":"open","ping_status":"closed","template":"","meta":{"_joinchat":[]},"product_cat":[294],"product_tag":[],"class_list":{"0":"post-13561","1":"product","2":"type-product","3":"status-publish","4":"has-post-thumbnail","6":"product_cat-smart-tv","8":"first","9":"instock","10":"shipping-taxable","11":"purchasable","12":"product-type-simple"},"jetpack_sharing_enabled":true,"_links":{"self":[{"href":"https:\/\/mtechnologias.tech\/index.php?rest_route=\/wp\/v2\/product\/13561","targetHints":{"allow":["GET"]}}],"collection":[{"href":"https:\/\/mtechnologias.tech\/index.php?rest_route=\/wp\/v2\/product"}],"about":[{"href":"https:\/\/mtechnologias.tech\/index.php?rest_route=\/wp\/v2\/types\/product"}],"replies":[{"embeddable":true,"href":"https:\/\/mtechnologias.tech\/index.php?rest_route=%2Fwp%2Fv2%2Fcomments&post=13561"}],"wp:featuredmedia":[{"embeddable":true,"href":"https:\/\/mtechnologias.tech\/index.php?rest_route=\/wp\/v2\/media\/13562"}],"wp:attachment":[{"href":"https:\/\/mtechnologias.tech\/index.php?rest_route=%2Fwp%2Fv2%2Fmedia&parent=13561"}],"wp:term":[{"taxonomy":"product_cat","embeddable":true,"href":"https:\/\/mtechnologias.tech\/index.php?rest_route=%2Fwp%2Fv2%2Fproduct_cat&post=13561"},{"taxonomy":"product_tag","embeddable":true,"href":"https:\/\/mtechnologias.tech\/index.php?rest_route=%2Fwp%2Fv2%2Fproduct_tag&post=13561"}],"curies":[{"name":"wp","href":"https:\/\/api.w.org\/{rel}","templated":true}]}}