{"id":13558,"date":"2024-10-30T14:41:13","date_gmt":"2024-10-30T13:41:13","guid":{"rendered":"https:\/\/mtechnologias.tech\/?post_type=product&#038;p=13558"},"modified":"2024-10-30T14:42:20","modified_gmt":"2024-10-30T13:42:20","slug":"tv-smart-led-32%c2%a8vox-32adwd1b-elx","status":"publish","type":"product","link":"https:\/\/mtechnologias.tech\/?product=tv-smart-led-32%c2%a8vox-32adwd1b-elx","title":{"rendered":"Tv Smart Led 32\u00a8Vox 32ADWD1B. Elx"},"content":{"rendered":"<div class=\"col-xs-12 col-sm-12 col-md-6 col-lg-12 details-info-group-wrapper\">\n<div class=\"details-info-group\">\n<div class=\"details-info body-info-attribute-value-wrapper\">\n<div class=\"header-info-attribute-group\">\n<div class=\"title\"><strong>INFORMA\u00c7\u00d5ES B\u00c1SICAS<\/strong><\/div>\n<\/div>\n<div class=\"body-info-attribute-grup-content opened\">\n<div class=\"item-row\">\n<div class=\"row\">\n<div class=\"col-xs-12 col-sm-12 col-md-6 col-lg-6 first-half Screen size\">\n<div class=\"item item-title\">Tamanho da tela: 32 polegadas<\/div>\n<\/div>\n<div class=\"col-xs-12 col-sm-12 col-md-6 col-lg-6 second-half Series\">\n<div class=\"item item-title\">S\u00e9rie: ADS316<\/div>\n<\/div>\n<div class=\"col-xs-12 col-sm-12 col-md-6 col-lg-6 first-half Screen type\">\n<div class=\"item item-title\">Tipo de tela: Led direto fino<\/div>\n<\/div>\n<div class=\"col-xs-12 col-sm-12 col-md-6 col-lg-6 second-half Screen resolution\">\n<div class=\"item item-title\">Resolu\u00e7\u00e3o da tela: Pronto HD (1366\u00d7768)<\/div>\n<\/div>\n<div class=\"col-xs-12 col-sm-12 col-md-6 col-lg-6 first-half Energy class\">\n<div class=\"item item-title\">Classe energ\u00e9tica: F<\/div>\n<\/div>\n<div class=\"col-xs-12 col-sm-12 col-md-6 col-lg-6 second-half Smart\">\n<div class=\"item item-title\">Inteligente: Sim<\/div>\n<\/div>\n<div class=\"col-xs-12 col-sm-12 col-md-6 col-lg-6 first-half Color\">\n<div class=\"item item-title\">Cor: Preto<\/div>\n<\/div>\n<\/div>\n<\/div>\n<\/div>\n<\/div>\n<\/div>\n<\/div>\n<div class=\"col-xs-12 col-sm-12 col-md-6 col-lg-12 details-info-group-wrapper\">\n<div class=\"details-info-group\">\n<div class=\"details-info body-info-attribute-value-wrapper\">\n<div class=\"header-info-attribute-group\">\n<div class=\"title\"><strong>CARACTER\u00cdSTICAS T\u00c9CNICAS<\/strong><\/div>\n<\/div>\n<div class=\"body-info-attribute-grup-content opened\">\n<div class=\"item-row\">\n<div class=\"row\">\n<div class=\"col-xs-12 col-sm-12 col-md-6 col-lg-6 first-half Image response\">\n<div class=\"item item-title\">Resposta da imagem: 60 Hz<\/div>\n<\/div>\n<div class=\"col-xs-12 col-sm-12 col-md-6 col-lg-6 second-half Tuner type\">\n<div class=\"item item-title\">Tipo de sintonizador: DVB-T2\/C\/S2<\/div>\n<\/div>\n<div class=\"col-xs-12 col-sm-12 col-md-6 col-lg-6 first-half Speaker power\">\n<div class=\"item item-title\">Poder do alto-falante: 2 x 5W RMS<\/div>\n<\/div>\n<\/div>\n<\/div>\n<\/div>\n<\/div>\n<\/div>\n<\/div>\n","protected":false},"excerpt":{"rendered":"<p>INFORMA\u00c7\u00d5ES B\u00c1SICAS Tamanho da tela: 32 polegadas S\u00e9rie: ADS316 Tipo de tela: Led direto fino Resolu\u00e7\u00e3o da tela: Pronto HD (1366\u00d7768) Classe energ\u00e9tica: F Inteligente: Sim Cor: Preto CARACTER\u00cdSTICAS T\u00c9CNICAS Resposta da imagem: 60 Hz Tipo de sintonizador: DVB-T2\/C\/S2 Poder do alto-falante: 2 x 5W RMS<\/p>\n","protected":false},"featured_media":13559,"comment_status":"open","ping_status":"closed","template":"","meta":{"_joinchat":[]},"product_cat":[294],"product_tag":[],"class_list":{"0":"post-13558","1":"product","2":"type-product","3":"status-publish","4":"has-post-thumbnail","6":"product_cat-smart-tv","8":"first","9":"instock","10":"shipping-taxable","11":"purchasable","12":"product-type-simple"},"jetpack_sharing_enabled":true,"_links":{"self":[{"href":"https:\/\/mtechnologias.tech\/index.php?rest_route=\/wp\/v2\/product\/13558","targetHints":{"allow":["GET"]}}],"collection":[{"href":"https:\/\/mtechnologias.tech\/index.php?rest_route=\/wp\/v2\/product"}],"about":[{"href":"https:\/\/mtechnologias.tech\/index.php?rest_route=\/wp\/v2\/types\/product"}],"replies":[{"embeddable":true,"href":"https:\/\/mtechnologias.tech\/index.php?rest_route=%2Fwp%2Fv2%2Fcomments&post=13558"}],"wp:featuredmedia":[{"embeddable":true,"href":"https:\/\/mtechnologias.tech\/index.php?rest_route=\/wp\/v2\/media\/13559"}],"wp:attachment":[{"href":"https:\/\/mtechnologias.tech\/index.php?rest_route=%2Fwp%2Fv2%2Fmedia&parent=13558"}],"wp:term":[{"taxonomy":"product_cat","embeddable":true,"href":"https:\/\/mtechnologias.tech\/index.php?rest_route=%2Fwp%2Fv2%2Fproduct_cat&post=13558"},{"taxonomy":"product_tag","embeddable":true,"href":"https:\/\/mtechnologias.tech\/index.php?rest_route=%2Fwp%2Fv2%2Fproduct_tag&post=13558"}],"curies":[{"name":"wp","href":"https:\/\/api.w.org\/{rel}","templated":true}]}}